{"id":20110,"date":"2021-11-03T12:59:40","date_gmt":"2021-11-03T12:59:40","guid":{"rendered":"https:\/\/www.speedmodels.ch\/produkte\/unkategorisiert\/fairchild-a20-en-bois\/"},"modified":"2024-04-09T18:18:53","modified_gmt":"2024-04-09T18:18:53","slug":"fairchild-a20-en-bois","status":"publish","type":"product","link":"https:\/\/www.speedmodels.ch\/fr\/produits\/modeles\/avions-fr\/modeles-telecommandes\/modeles-de-vol-electriques\/fairchild-a20-en-bois\/","title":{"rendered":"Fairchild A20 (en bois)"},"content":{"rendered":"<p>Cette r\u00e9plique \u00e0 l&rsquo;\u00e9chelle d&rsquo;un avion de chasse am\u00e9ricain est un avion fascinant et inhabituel \u00e0 bien des \u00e9gards. Ce n&rsquo;est pas un \u00ab\u00a0sprinter\u00a0\u00bb mais il offre d&rsquo;autres avantages qui ont \u00e9t\u00e9 plus importants dans notre choix. Surtout, la grande surface alaire et le concept de bimoteur ont cr\u00e9\u00e9 de bonnes conditions pour une faible charge alaire, combin\u00e9e \u00e0 un tr\u00e8s bon moteur. Notre A-10 a \u00e9t\u00e9 con\u00e7u pour \u00eatre propuls\u00e9 par 2 moteurs \u00ab\u00a0Race 400 plus\u00a0\u00bb aliment\u00e9s par une batterie 8-9 cellules jusqu&rsquo;\u00e0 1,8 Ah. En option, il existe un \u00e9quipement avec 2 roues, Turbo-Fan 1000, pour le moteur Mabuchi classe 540 BBVZ en s\u00e9rie, avec 14 cellules NC 1200mA, taille P-90. Le mod\u00e8le est contr\u00f4l\u00e9 via la profondeur et les ailerons, le contr\u00f4le sensible de la vitesse est un must ici. Les caract\u00e9ristiques de vol peuvent \u00eatre d\u00e9crites comme totalement non critiques, bien que le mod\u00e8le puisse \u00e9galement voler relativement rapidement. La version standard du mod\u00e8le comprend un train d&rsquo;atterrissage solide, ce qui rend les lancements au sol sur une piste dure sans probl\u00e8me. Les lancements \u00e0 la main ne posent \u00e9galement aucun probl\u00e8me. Le mod\u00e8le sans ch\u00e2ssis est adapt\u00e9 \u00e0 ce \u00ab\u00a0mode de fonctionnement\u00a0\u00bb, mais mieux \u00e9quip\u00e9 d&rsquo;une poign\u00e9e encastr\u00e9e.<br \/>\nLe mod\u00e8le est disponible en deux variantes :<br \/>\n1. Enti\u00e8rement en bois (coque + baleines) AN-1334-00<br \/>\n2. coques en \u00e9poxy et baleines AN-1334-01<\/p>\n<div id=\"field_5dcad304d99f3\" class=\"type-text vc_sw-acf vc_sw-align-left field_5dcad304d99f3\"><span class=\"sw-acf-field-label label-field_5dcad304d99f3\">Niveau de construction:<\/span> expert<\/div>\n<div id=\"field_5dcbcb97699d1\" class=\"type-text vc_sw-acf vc_sw-align-left field_5dcbcb97699d1\">Demande de vol : a<span class=\"sw-acf-field-label label-field_5dcbcb97699d1\">vanc\u00e9<\/span><\/div>\n<p>&nbsp;<\/p>\n<div style=\"text-align:left\" class=\"wps-pgfw-pdf-generate-icon__wrapper-frontend\">\n\t\t<a href=\"https:\/\/www.speedmodels.ch\/fr\/wp-json\/wp\/v2\/product\/20110\/?action=genpdf&amp;id=20110\" class=\"pgfw-single-pdf-download-button\" target=_blank><img src=\"https:\/\/speedmodels.ch\/wp-content\/uploads\/2021\/09\/pdf_icon.png\" title=\"G\u00e9n\u00e9rer un PDF\" style=\"width:auto; height:45px;\"><\/a>\n\t\t<\/div>","protected":false},"excerpt":{"rendered":"<p>Cette r\u00e9plique \u00e0 l&rsquo;\u00e9chelle d&rsquo;un avion de chasse am\u00e9ricain est un avion fascinant et inhabituel \u00e0 bien des \u00e9gards. Ce n&rsquo;est pas un \u00ab\u00a0sprinter\u00a0\u00bb mais il offre d&rsquo;autres avantages qui ont \u00e9t\u00e9 plus importants dans notre choix. Surtout, la grande surface alaire et le concept de bimoteur ont cr\u00e9\u00e9 de bonnes conditions pour une faible [&hellip;]<\/p>\n","protected":false},"featured_media":9605,"template":"","meta":[],"product_brand":[],"product_cat":[1652,1710,1721,1653],"product_tag":[],"class_list":{"0":"post-20110","1":"product","2":"type-product","3":"status-publish","4":"has-post-thumbnail","6":"product_cat-avions-fr","7":"product_cat-modeles","8":"product_cat-modeles-de-vol-electriques","9":"product_cat-modeles-telecommandes","11":"first","12":"instock","13":"shipping-taxable","14":"product-type-simple"},"_links":{"self":[{"href":"https:\/\/www.speedmodels.ch\/fr\/wp-json\/wp\/v2\/product\/20110","targetHints":{"allow":["GET"]}}],"collection":[{"href":"https:\/\/www.speedmodels.ch\/fr\/wp-json\/wp\/v2\/product"}],"about":[{"href":"https:\/\/www.speedmodels.ch\/fr\/wp-json\/wp\/v2\/types\/product"}],"version-history":[{"count":0,"href":"https:\/\/www.speedmodels.ch\/fr\/wp-json\/wp\/v2\/product\/20110\/revisions"}],"wp:featuredmedia":[{"embeddable":true,"href":"https:\/\/www.speedmodels.ch\/fr\/wp-json\/wp\/v2\/media\/9605"}],"wp:attachment":[{"href":"https:\/\/www.speedmodels.ch\/fr\/wp-json\/wp\/v2\/media?parent=20110"}],"wp:term":[{"taxonomy":"product_brand","embeddable":true,"href":"https:\/\/www.speedmodels.ch\/fr\/wp-json\/wp\/v2\/product_brand?post=20110"},{"taxonomy":"product_cat","embeddable":true,"href":"https:\/\/www.speedmodels.ch\/fr\/wp-json\/wp\/v2\/product_cat?post=20110"},{"taxonomy":"product_tag","embeddable":true,"href":"https:\/\/www.speedmodels.ch\/fr\/wp-json\/wp\/v2\/product_tag?post=20110"}],"curies":[{"name":"wp","href":"https:\/\/api.w.org\/{rel}","templated":true}]}}