{"id":20109,"date":"2021-11-03T13:22:43","date_gmt":"2021-11-03T13:22:43","guid":{"rendered":"https:\/\/www.speedmodels.ch\/produkte\/unkategorisiert\/skyraider\/"},"modified":"2023-02-06T15:08:23","modified_gmt":"2023-02-06T15:08:23","slug":"skyraider","status":"publish","type":"product","link":"https:\/\/www.speedmodels.ch\/fr\/produits\/modeles\/avions-fr\/modeles-telecommandes\/modeles-de-vol-electriques\/skyraider\/","title":{"rendered":"Skyraider"},"content":{"rendered":"<p>Skyraider n&rsquo;est pas n\u00e9cessairement un mod\u00e8le \u00e0 l&rsquo;\u00e9chelle, mais plut\u00f4t un mod\u00e8le \u00ab\u00a0\u00e0 l&rsquo;\u00e9chelle\u00a0\u00bb, c&rsquo;est-\u00e0-dire \u00e0 quoi pourrait ressembler un avion pilot\u00e9. Cela nous a donn\u00e9 la libert\u00e9 d&rsquo;adapter de mani\u00e8re optimale la forme, les proportions et les dimensions \u00e0 l&rsquo;unit\u00e9 d&rsquo;entra\u00eenement. Le r\u00e9sultat est d\u00e9finitivement quelque chose dont on peut \u00eatre fier &#8211; le mod\u00e8le vole aussi bien qu&rsquo;il en a l&rsquo;air. Il a des caract\u00e9ristiques de vol \u00e9tonnantes &#8211; d&rsquo;une vitesse de presque marche \u00e0 environ 70 km\/h. Enti\u00e8rement acrobatique, y compris des figures rus\u00e9es, n\u00e9anmoins compl\u00e8tement non critique, facile \u00e0 piloter. Un pilote RC ayant une certaine exp\u00e9rience du contr\u00f4le des ailerons peut facilement contr\u00f4ler le mod\u00e8le. Nous consid\u00e9rons que l&rsquo;exigence d&rsquo;un mod\u00e8le assez rapide avec ce type de propulsion est pleinement satisfaite. Avec cette taille de mod\u00e8le, nous avons d\u00e9cid\u00e9 de ne pas d\u00e9monter le fuselage &#8211; cela a pris du poids et de l&rsquo;espace dans le fuselage. L&rsquo;acc\u00e8s au fuselage \u00e0 travers la grande verri\u00e8re est assez g\u00e9n\u00e9reux, il n&rsquo;y a donc aucun probl\u00e8me avec la construction. La structure est bas\u00e9e sur le fuselage GfK, une aile en deux parties en construction nervur\u00e9e, des stabilisateurs dans la construction habituelle en balsa.<\/p>\n<div id=\"field_5dcad304d99f3\" class=\"type-text vc_sw-acf vc_sw-align-left field_5dcad304d99f3\">Difficult\u00e9 de construction : <span class=\"sw-acf-field-label label-field_5dcad304d99f3\">Avanc\u00e9<\/span><\/div>\n<div id=\"field_5dcbcb97699d1\" class=\"type-text vc_sw-acf vc_sw-align-left field_5dcbcb97699d1\">Demande de vol : a<span class=\"sw-acf-field-label label-field_5dcbcb97699d1\">vanc\u00e9<\/span><\/div>\n<div style=\"text-align:left\" class=\"wps-pgfw-pdf-generate-icon__wrapper-frontend\">\n\t\t<a href=\"https:\/\/www.speedmodels.ch\/fr\/wp-json\/wp\/v2\/product\/20109\/?action=genpdf&amp;id=20109\" class=\"pgfw-single-pdf-download-button\" target=_blank><img src=\"https:\/\/speedmodels.ch\/wp-content\/uploads\/2021\/09\/pdf_icon.png\" title=\"G\u00e9n\u00e9rer un PDF\" style=\"width:auto; height:45px;\"><\/a>\n\t\t<\/div>","protected":false},"excerpt":{"rendered":"<p>Skyraider n&rsquo;est pas n\u00e9cessairement un mod\u00e8le \u00e0 l&rsquo;\u00e9chelle, mais plut\u00f4t un mod\u00e8le \u00ab\u00a0\u00e0 l&rsquo;\u00e9chelle\u00a0\u00bb, c&rsquo;est-\u00e0-dire \u00e0 quoi pourrait ressembler un avion pilot\u00e9. Cela nous a donn\u00e9 la libert\u00e9 d&rsquo;adapter de mani\u00e8re optimale la forme, les proportions et les dimensions \u00e0 l&rsquo;unit\u00e9 d&rsquo;entra\u00eenement. Le r\u00e9sultat est d\u00e9finitivement quelque chose dont on peut \u00eatre fier &#8211; le [&hellip;]<\/p>\n","protected":false},"featured_media":9610,"template":"","meta":[],"product_brand":[],"product_cat":[1652,1710,1721,1653],"product_tag":[],"class_list":{"0":"post-20109","1":"product","2":"type-product","3":"status-publish","4":"has-post-thumbnail","6":"product_cat-avions-fr","7":"product_cat-modeles","8":"product_cat-modeles-de-vol-electriques","9":"product_cat-modeles-telecommandes","11":"first","12":"instock","13":"shipping-taxable","14":"product-type-simple"},"_links":{"self":[{"href":"https:\/\/www.speedmodels.ch\/fr\/wp-json\/wp\/v2\/product\/20109","targetHints":{"allow":["GET"]}}],"collection":[{"href":"https:\/\/www.speedmodels.ch\/fr\/wp-json\/wp\/v2\/product"}],"about":[{"href":"https:\/\/www.speedmodels.ch\/fr\/wp-json\/wp\/v2\/types\/product"}],"version-history":[{"count":0,"href":"https:\/\/www.speedmodels.ch\/fr\/wp-json\/wp\/v2\/product\/20109\/revisions"}],"wp:featuredmedia":[{"embeddable":true,"href":"https:\/\/www.speedmodels.ch\/fr\/wp-json\/wp\/v2\/media\/9610"}],"wp:attachment":[{"href":"https:\/\/www.speedmodels.ch\/fr\/wp-json\/wp\/v2\/media?parent=20109"}],"wp:term":[{"taxonomy":"product_brand","embeddable":true,"href":"https:\/\/www.speedmodels.ch\/fr\/wp-json\/wp\/v2\/product_brand?post=20109"},{"taxonomy":"product_cat","embeddable":true,"href":"https:\/\/www.speedmodels.ch\/fr\/wp-json\/wp\/v2\/product_cat?post=20109"},{"taxonomy":"product_tag","embeddable":true,"href":"https:\/\/www.speedmodels.ch\/fr\/wp-json\/wp\/v2\/product_tag?post=20109"}],"curies":[{"name":"wp","href":"https:\/\/api.w.org\/{rel}","templated":true}]}}