{"id":20108,"date":"2021-11-02T08:44:36","date_gmt":"2021-11-02T08:44:36","guid":{"rendered":"https:\/\/www.speedmodels.ch\/produkte\/unkategorisiert\/jodel-d-9-bebe\/"},"modified":"2023-02-06T12:39:50","modified_gmt":"2023-02-06T12:39:50","slug":"jodel-d-9-bebe","status":"publish","type":"product","link":"https:\/\/www.speedmodels.ch\/fr\/produits\/modeles\/avions-fr\/modeles-telecommandes\/modeles-a-moteur-thermique\/jodel-d-9-bebe\/","title":{"rendered":"Jodel D.9 BeBe"},"content":{"rendered":"<p>Le Jodel D.9 B\u00e9B\u00e9 est un avion de sport monoplace con\u00e7u par les designers fran\u00e7ais Edouard Joly et Jean Delemontez. Ils ont commenc\u00e9 le d\u00e9veloppement d\u00e8s 1947 et ont pilot\u00e9 le premier prototype avec l&rsquo;immatriculation F-WEPF en janvier 1948, propuls\u00e9 par un moteur boxer \u00e0 deux cylindres d&rsquo;une puissance de 18 kW. A partir de 1952, l&rsquo;appareil fut \u00e9galement copi\u00e9 en Allemagne par des constructeurs d&rsquo;avions amateurs, mais ne fut homologu\u00e9 qu&rsquo;en 1958. Plusieurs milliers d&rsquo;exemplaires ont \u00e9t\u00e9 produits dans le monde en construction amateur et volent encore aujourd&rsquo;hui. Le mod\u00e8le a \u00e9t\u00e9 construit \u00e0 l&rsquo;\u00e9chelle 1:3. L&rsquo;objectif \u00e9tait de r\u00e9aliser ce type d&rsquo;avion populaire dans une conception simple et robuste comme un mod\u00e8le de tous les jours, de sport et de remorquage, dans une taille imposante et pourtant facilement transportable. La partie centrale de l&rsquo;aile est monobloc (env. 1,5 m), les oreilles sont bouch\u00e9es. Les jambes de train d&rsquo;atterrissage longues et rembourr\u00e9es sont facilement amovibles pour ne pas g\u00eaner pendant le transport. L&#8217;empennage est \u00e9galement viss\u00e9 et m\u00eame le gouvernail peut \u00eatre retir\u00e9 en quelques \u00e9tapes simples. Le grand mod\u00e8le en construction en bois impressionne par ses caract\u00e9ristiques de vol sans probl\u00e8me et pourtant agiles ainsi que par une superbe image de vol r\u00e9aliste.. Il permet une entr\u00e9e facile dans la sc\u00e8ne des grands mod\u00e8les prototypiques.<\/p>\n<p>Le mod\u00e8le peut \u00eatre motoris\u00e9 avec des moteurs d&rsquo;environ 20 ccm ou des entra\u00eenements \u00e9lectriques de 8s LiPo ou LIon. Il n&rsquo;y a pas de limites \u00e0 l&rsquo;expansion individuelle du mod\u00e8le au-del\u00e0 de la port\u00e9e du kit, les mod\u00e8les appropri\u00e9s peuvent \u00eatre trouv\u00e9s facilement avec une recherche sur Internet. Le kit contient toutes les pi\u00e8ces en bois d\u00e9coup\u00e9es au laser n\u00e9cessaires \u00e0 la construction, tous les baguettes en balsa et pins et des planches en contreplaqu\u00e9es, une v\u00e9rri\u00e8re pr\u00e9coup\u00e8e, des jambes de train d&rsquo;atterissage longues et rembourr\u00e9es, beaucoup de petites pi\u00e8ces et des instructions de construction avec beaucoup d&rsquo;images.<\/p>\n<p><span class=\"sw-acf-field-label label-field_5dcad304d99f3\">Niveau de construction:<\/span> expert<br \/>\nDemande de vol : a<span class=\"sw-acf-field-label label-field_5dcbcb97699d1\">vanc\u00e9<\/span><\/p>\n<div style=\"text-align:left\" class=\"wps-pgfw-pdf-generate-icon__wrapper-frontend\">\n\t\t<a href=\"https:\/\/www.speedmodels.ch\/fr\/wp-json\/wp\/v2\/product\/20108\/?action=genpdf&amp;id=20108\" class=\"pgfw-single-pdf-download-button\" target=_blank><img src=\"https:\/\/speedmodels.ch\/wp-content\/uploads\/2021\/09\/pdf_icon.png\" title=\"G\u00e9n\u00e9rer un PDF\" style=\"width:auto; height:45px;\"><\/a>\n\t\t<\/div>","protected":false},"excerpt":{"rendered":"<p>Le Jodel D.9 B\u00e9B\u00e9 est un avion de sport monoplace con\u00e7u par les designers fran\u00e7ais Edouard Joly et Jean Delemontez. Ils ont commenc\u00e9 le d\u00e9veloppement d\u00e8s 1947 et ont pilot\u00e9 le premier prototype avec l&rsquo;immatriculation F-WEPF en janvier 1948, propuls\u00e9 par un moteur boxer \u00e0 deux cylindres d&rsquo;une puissance de 18 kW. A partir de [&hellip;]<\/p>\n","protected":false},"featured_media":9569,"template":"","meta":[],"product_brand":[],"product_cat":[1652,1710,1722,1721],"product_tag":[],"class_list":{"0":"post-20108","1":"product","2":"type-product","3":"status-publish","4":"has-post-thumbnail","6":"product_cat-avions-fr","7":"product_cat-modeles","8":"product_cat-modeles-a-moteur-thermique","9":"product_cat-modeles-de-vol-electriques","11":"first","12":"instock","13":"shipping-taxable","14":"product-type-simple"},"_links":{"self":[{"href":"https:\/\/www.speedmodels.ch\/fr\/wp-json\/wp\/v2\/product\/20108","targetHints":{"allow":["GET"]}}],"collection":[{"href":"https:\/\/www.speedmodels.ch\/fr\/wp-json\/wp\/v2\/product"}],"about":[{"href":"https:\/\/www.speedmodels.ch\/fr\/wp-json\/wp\/v2\/types\/product"}],"version-history":[{"count":0,"href":"https:\/\/www.speedmodels.ch\/fr\/wp-json\/wp\/v2\/product\/20108\/revisions"}],"wp:featuredmedia":[{"embeddable":true,"href":"https:\/\/www.speedmodels.ch\/fr\/wp-json\/wp\/v2\/media\/9569"}],"wp:attachment":[{"href":"https:\/\/www.speedmodels.ch\/fr\/wp-json\/wp\/v2\/media?parent=20108"}],"wp:term":[{"taxonomy":"product_brand","embeddable":true,"href":"https:\/\/www.speedmodels.ch\/fr\/wp-json\/wp\/v2\/product_brand?post=20108"},{"taxonomy":"product_cat","embeddable":true,"href":"https:\/\/www.speedmodels.ch\/fr\/wp-json\/wp\/v2\/product_cat?post=20108"},{"taxonomy":"product_tag","embeddable":true,"href":"https:\/\/www.speedmodels.ch\/fr\/wp-json\/wp\/v2\/product_tag?post=20108"}],"curies":[{"name":"wp","href":"https:\/\/api.w.org\/{rel}","templated":true}]}}