{"id":20107,"date":"2021-11-15T15:07:31","date_gmt":"2021-11-15T15:07:31","guid":{"rendered":"https:\/\/www.speedmodels.ch\/produkte\/unkategorisiert\/luscombe-silvaire-8\/"},"modified":"2023-02-06T12:51:30","modified_gmt":"2023-02-06T12:51:30","slug":"luscombe-silvaire-8","status":"publish","type":"product","link":"https:\/\/www.speedmodels.ch\/fr\/produits\/modeles\/avions-fr\/modeles-telecommandes\/modeles-de-vol-electriques\/luscombe-silvaire-8\/","title":{"rendered":"Luscombe Silvaire 8"},"content":{"rendered":"<p>Ce fut une r\u00e9volution lorsque le Luscombe Model 8, plus tard nomm\u00e9 Luscombe Silvaire, fit son entr\u00e9e sur le march\u00e9 des avions l\u00e9gers biplaces en 1937, car l&rsquo;avion avait un fuselage avec une peau ext\u00e9rieure m\u00e9tallique autoportante et \u00e9tait donc tr\u00e8s en avance sur son temps. Le design est perfectionn\u00e9 en 1946 avec une nouvelle aile \u00e0 peau m\u00e9tallique autoportante. Une autre particularit\u00e9 \u00e9tait que le moteur boxer \u00e9tait compl\u00e8tement v\u00eatu. D&rsquo;autres constructeurs suivirent plus tard ces innovations techniques sp\u00e9cifi\u00e9es par la Luscombe Aircraft Corporation. La construction de notre mod\u00e8le a \u00e9t\u00e9 fortement inspir\u00e9e de l&rsquo;original. En particulier, la peau ext\u00e9rieure autoportante en bois de balsa tr\u00e8s l\u00e9ger mais stable, qui re\u00e7oit des renforts sensibles l\u00e0 o\u00f9 les forces sont introduites, donne \u00e0 la coque, L&#8217;empennage et les moiti\u00e9s d&rsquo;aile ont une qualit\u00e9 de surface \u00e9lev\u00e9e et bien s\u00fbr une stabilit\u00e9. Les demi-ailes sont mont\u00e9es dans le fuselage au moyen de tiges en fibre de carbone l\u00e9g\u00e8res et \u00e0 haute r\u00e9sistance, ce qui signifie que le mod\u00e8le est facile \u00e0 transporter malgr\u00e9 ses dimensions impressionnantes. La structure du mod\u00e8le est constitu\u00e9e de composants d\u00e9coup\u00e9s au laser avec pr\u00e9cision pour une entreprise simple. Les composants sont imbriqu\u00e9s de telle mani\u00e8re que les erreurs de construction peuvent \u00eatre pratiquement exclues. Avec l&rsquo;aide des instructions de construction avec des dessins d&rsquo;\u00e9tape de construction 3D cr\u00e9\u00e9s dans le style bien connu des a\u00e9ronautes, le succ\u00e8s de la construction sera un. se sont \u00e9galement mis en place assez rapidement dans des projets de construction en commun dans des groupes de jeunes. Notre concepteur a \u00e9galement port\u00e9 une attention particuli\u00e8re \u00e0 de bonnes caract\u00e9ristiques de vol en toute s\u00e9curit\u00e9 gr\u00e2ce \u00e0 un profil sp\u00e9cialement modifi\u00e9 pour notre Luscombe Silvaire. \u00c9tant donn\u00e9 que l&rsquo;original \u00e9tait \u00e9galement utilis\u00e9 comme avion d&rsquo;entra\u00eenement, notre mod\u00e8le convient \u00e9galement tr\u00e8s bien aux \u00e9coles et au travail des jeunes. Le mod\u00e8le est parfaitement adapt\u00e9 comme entra\u00eeneur, mais se distingue clairement des mod\u00e8les d&rsquo;entra\u00eeneurs classiques en raison de sa construction \u00e0 demi-\u00e9chelle. Bien entendu, les experts appr\u00e9cieront \u00e9galement le moment o\u00f9 ils laisseront leur a\u00e9ronaute individuel Luscombe Silvaire planer \u00e0 quelques m\u00e8tres au-dessus du terrain. uisqu&rsquo;il existe environ 2 800 originaux dans le monde et beaucoup d&rsquo;entre eux dans de superbes motifs de couleurs, notre Luscombe Silvaire convient \u00e9galement tr\u00e8s bien comme premier mod\u00e8le semi-maquette. Gr\u00e2ce \u00e0 la peau ext\u00e9rieure porteuse de tous les assemblages, m\u00eame les d\u00e9butants pourront cr\u00e9er une finition propre et surtout individuelle \u00e0 l&rsquo;aide d&rsquo;un filme thermocollante. Tous les assemblages sont fournis avec un filme thermocollante avant l&rsquo;assemblage final et comme il n&rsquo;y a pas de formes compliqu\u00e9es et de champs de c\u00f4tes ouverts, le d\u00e9butant peut facilement cr\u00e9er son propre mod\u00e8le sp\u00e9cial. Les motifs multicolores sont tr\u00e8s faciles \u00e0 cr\u00e9er. Les experts peuvent certainement envisager une finition GfK. En tant qu&rsquo;entra\u00eenement, le concepteur a fourni un moteur d&rsquo;environ 300-350 watts, qui est connect\u00e9 \u00e0 un LiPo 3-4S de 3 000 mAh et \u00e0 un aero-naut CAMcarbon Light-Prop 10\u00d76&Prime; \u00e0 11&#215;5&Prime; pour une prise \u00e9norme- hors tension et des soins de performance \u00e0 mi-r\u00e9gime tr\u00e8s efficaces et \u00e9conomiques. La construction stable et fid\u00e8le \u00e0 la forme permet \u00e9galement la voltige et gr\u00e2ce au bon effet de contr\u00f4le sur tous les axes, le mod\u00e8le peut \u00eatre pilot\u00e9 avec pr\u00e9cision.. La vitesse minimale tr\u00e8s faible peut \u00eatre encore r\u00e9duite si les ailerons sont configur\u00e9s comme dits flaperons c\u00f4t\u00e9 \u00e9metteur, les ailerons peuvent \u00e9galement \u00eatre abaiss\u00e9s comme volets d&rsquo;atterrissage. \u00e9ch\u00e9lle ca. 1:6,6<br \/>\nLe kit contient:<br \/>\ntoutes les pi\u00e8ces en bois n\u00e9cessaires \u00e0 la construction, des longerons d\u00e9coup\u00e9s au laser avec pr\u00e9cision, un train de roulement incurv\u00e9 avec des pneus, des pi\u00e8ces de liaison, des renforts d&rsquo;aile, des c\u00e2bles Bowden, des instructions de montage d\u00e9taill\u00e9es avec des dessins d&rsquo;\u00e9tape de construction en 3D.<br \/>\n<span class=\"sw-acf-field-label label-field_5dcad304d99f3\">Niveau<\/span> de difficult\u00e9 de construction: d\u00e9butants<br \/>\nDemande de vol : a<span class=\"sw-acf-field-label label-field_5dcbcb97699d1\">vanc\u00e9<\/span><\/p>\n<div style=\"text-align:left\" class=\"wps-pgfw-pdf-generate-icon__wrapper-frontend\">\n\t\t<a href=\"https:\/\/www.speedmodels.ch\/fr\/wp-json\/wp\/v2\/product\/20107\/?action=genpdf&amp;id=20107\" class=\"pgfw-single-pdf-download-button\" target=_blank><img src=\"https:\/\/speedmodels.ch\/wp-content\/uploads\/2021\/09\/pdf_icon.png\" title=\"G\u00e9n\u00e9rer un PDF\" style=\"width:auto; height:45px;\"><\/a>\n\t\t<\/div>","protected":false},"excerpt":{"rendered":"<p>Ce fut une r\u00e9volution lorsque le Luscombe Model 8, plus tard nomm\u00e9 Luscombe Silvaire, fit son entr\u00e9e sur le march\u00e9 des avions l\u00e9gers biplaces en 1937, car l&rsquo;avion avait un fuselage avec une peau ext\u00e9rieure m\u00e9tallique autoportante et \u00e9tait donc tr\u00e8s en avance sur son temps. Le design est perfectionn\u00e9 en 1946 avec une nouvelle [&hellip;]<\/p>\n","protected":false},"featured_media":9671,"template":"","meta":[],"product_brand":[],"product_cat":[1652,1710,1721,1653],"product_tag":[],"class_list":{"0":"post-20107","1":"product","2":"type-product","3":"status-publish","4":"has-post-thumbnail","6":"product_cat-avions-fr","7":"product_cat-modeles","8":"product_cat-modeles-de-vol-electriques","9":"product_cat-modeles-telecommandes","11":"first","12":"instock","13":"shipping-taxable","14":"product-type-simple"},"_links":{"self":[{"href":"https:\/\/www.speedmodels.ch\/fr\/wp-json\/wp\/v2\/product\/20107","targetHints":{"allow":["GET"]}}],"collection":[{"href":"https:\/\/www.speedmodels.ch\/fr\/wp-json\/wp\/v2\/product"}],"about":[{"href":"https:\/\/www.speedmodels.ch\/fr\/wp-json\/wp\/v2\/types\/product"}],"version-history":[{"count":0,"href":"https:\/\/www.speedmodels.ch\/fr\/wp-json\/wp\/v2\/product\/20107\/revisions"}],"wp:featuredmedia":[{"embeddable":true,"href":"https:\/\/www.speedmodels.ch\/fr\/wp-json\/wp\/v2\/media\/9671"}],"wp:attachment":[{"href":"https:\/\/www.speedmodels.ch\/fr\/wp-json\/wp\/v2\/media?parent=20107"}],"wp:term":[{"taxonomy":"product_brand","embeddable":true,"href":"https:\/\/www.speedmodels.ch\/fr\/wp-json\/wp\/v2\/product_brand?post=20107"},{"taxonomy":"product_cat","embeddable":true,"href":"https:\/\/www.speedmodels.ch\/fr\/wp-json\/wp\/v2\/product_cat?post=20107"},{"taxonomy":"product_tag","embeddable":true,"href":"https:\/\/www.speedmodels.ch\/fr\/wp-json\/wp\/v2\/product_tag?post=20107"}],"curies":[{"name":"wp","href":"https:\/\/api.w.org\/{rel}","templated":true}]}}