{"id":20106,"date":"2021-11-15T15:17:09","date_gmt":"2021-11-15T15:17:09","guid":{"rendered":"https:\/\/www.speedmodels.ch\/produkte\/unkategorisiert\/skymaxx\/"},"modified":"2023-02-06T12:49:38","modified_gmt":"2023-02-06T12:49:38","slug":"skymaxx","status":"publish","type":"product","link":"https:\/\/www.speedmodels.ch\/fr\/produits\/modeles\/avions-fr\/modeles-telecommandes\/modeles-a-moteur-thermique\/skymaxx\/","title":{"rendered":"SkyMAXX"},"content":{"rendered":"<p>SkyMAXX est un mod\u00e8le d&rsquo;entra\u00eenement de contr\u00f4le \u00e0 3 axes qui facilite les premiers pas dans le vol motoris\u00e9. Le mod\u00e8le est enti\u00e8rement en bois. Toutes les pi\u00e8ces sont d\u00e9coup\u00e9es au laser avec pr\u00e9cision et s&#8217;embo\u00eetent parfaitement. Les ailes sont construites sur un gabarit sp\u00e9cial sans distorsion. Les jeux de ch\u00e2ssis appropri\u00e9s pour les moteurs \u00e9lectriques et th\u00e9rmique sont fournis pour l&rsquo;entra\u00eenement. Le mod\u00e8le est un v\u00e9ritable accroche-regard gr\u00e2ce \u00e0 son apparence attrayante, ses vitres transparentes dans la cabine et l&rsquo;extension du cockpit avec tableau de bord et si\u00e8ge du pilote. Les gros pneus facilitent le lancement \u00e0 partir de pistes en herbe tondue. SkyMAXX est id\u00e9al pour le travail des jeunes dans les clubs, o\u00f9 le mod\u00e8le peut \u00eatre construit en groupe, par exemple en tant que projet de construction d&rsquo;hiver. Gr\u00e2ce aux instructions de construction 3D uniques et destin\u00e9es aux jeunes, connues d&rsquo;aero-naut, les \u00e9tapes de construction individuelles peuvent \u00eatre comprises graphiquement sans aucun probl\u00e8me. Un montage rapide et simple est garanti.<br \/>\nLe kit contient toutes<br \/>\nles pi\u00e8ces laser en contreplaqu\u00e9 de balsa, abachi, peuplier et bouleau, des bandes et profil\u00e9s en bois, des vitres en verre transparent, une extension de cockpit avec tableau de bord et si\u00e8ge, un train d&rsquo;atterrissage incurv\u00e9 sur mesure et des pneus de haute qualit\u00e9, des pi\u00e8ces de liaison pour les gouvernails , c\u00e2bles Bowden, instructions de construction 3D adapt\u00e9es aux jeunes et gabarits Depron pour la construction d&rsquo;ailes .<br \/>\n<span class=\"sw-acf-field-label label-field_5dcad304d99f3\">Niveau<\/span> de difficult\u00e9 de construction: d\u00e9butants<br \/>\nDemande de vol : a<span class=\"sw-acf-field-label label-field_5dcbcb97699d1\">vanc\u00e9<\/span><\/p>\n<div style=\"text-align:left\" class=\"wps-pgfw-pdf-generate-icon__wrapper-frontend\">\n\t\t<a href=\"https:\/\/www.speedmodels.ch\/fr\/wp-json\/wp\/v2\/product\/20106\/?action=genpdf&amp;id=20106\" class=\"pgfw-single-pdf-download-button\" target=_blank><img src=\"https:\/\/speedmodels.ch\/wp-content\/uploads\/2021\/09\/pdf_icon.png\" title=\"G\u00e9n\u00e9rer un PDF\" style=\"width:auto; height:45px;\"><\/a>\n\t\t<\/div>","protected":false},"excerpt":{"rendered":"<p>SkyMAXX est un mod\u00e8le d&rsquo;entra\u00eenement de contr\u00f4le \u00e0 3 axes qui facilite les premiers pas dans le vol motoris\u00e9. Le mod\u00e8le est enti\u00e8rement en bois. Toutes les pi\u00e8ces sont d\u00e9coup\u00e9es au laser avec pr\u00e9cision et s&#8217;embo\u00eetent parfaitement. Les ailes sont construites sur un gabarit sp\u00e9cial sans distorsion. Les jeux de ch\u00e2ssis appropri\u00e9s pour les moteurs [&hellip;]<\/p>\n","protected":false},"featured_media":9677,"template":"","meta":[],"product_brand":[],"product_cat":[1652,1710,1722,1721,1653],"product_tag":[],"class_list":{"0":"post-20106","1":"product","2":"type-product","3":"status-publish","4":"has-post-thumbnail","6":"product_cat-avions-fr","7":"product_cat-modeles","8":"product_cat-modeles-a-moteur-thermique","9":"product_cat-modeles-de-vol-electriques","10":"product_cat-modeles-telecommandes","12":"first","13":"instock","14":"shipping-taxable","15":"product-type-simple"},"_links":{"self":[{"href":"https:\/\/www.speedmodels.ch\/fr\/wp-json\/wp\/v2\/product\/20106","targetHints":{"allow":["GET"]}}],"collection":[{"href":"https:\/\/www.speedmodels.ch\/fr\/wp-json\/wp\/v2\/product"}],"about":[{"href":"https:\/\/www.speedmodels.ch\/fr\/wp-json\/wp\/v2\/types\/product"}],"version-history":[{"count":0,"href":"https:\/\/www.speedmodels.ch\/fr\/wp-json\/wp\/v2\/product\/20106\/revisions"}],"wp:featuredmedia":[{"embeddable":true,"href":"https:\/\/www.speedmodels.ch\/fr\/wp-json\/wp\/v2\/media\/9677"}],"wp:attachment":[{"href":"https:\/\/www.speedmodels.ch\/fr\/wp-json\/wp\/v2\/media?parent=20106"}],"wp:term":[{"taxonomy":"product_brand","embeddable":true,"href":"https:\/\/www.speedmodels.ch\/fr\/wp-json\/wp\/v2\/product_brand?post=20106"},{"taxonomy":"product_cat","embeddable":true,"href":"https:\/\/www.speedmodels.ch\/fr\/wp-json\/wp\/v2\/product_cat?post=20106"},{"taxonomy":"product_tag","embeddable":true,"href":"https:\/\/www.speedmodels.ch\/fr\/wp-json\/wp\/v2\/product_tag?post=20106"}],"curies":[{"name":"wp","href":"https:\/\/api.w.org\/{rel}","templated":true}]}}