{"id":20105,"date":"2022-08-16T07:56:24","date_gmt":"2022-08-16T07:56:24","guid":{"rendered":"https:\/\/www.speedmodels.ch\/produkte\/unkategorisiert\/solar-clipper\/"},"modified":"2023-05-08T13:33:40","modified_gmt":"2023-05-08T13:33:40","slug":"solar-clipper","status":"publish","type":"product","link":"https:\/\/www.speedmodels.ch\/fr\/produits\/modeles\/avions-fr\/modeles-telecommandes\/planeurs-electriques\/solar-clipper\/","title":{"rendered":"Solar-Clipper"},"content":{"rendered":"<p><strong>Solar-Clipper<\/strong> ist ein ElektrLe Solar-Clipper est un planeur \u00e9lectrique de la g\u00e9n\u00e9ration \u00ab 400s with gears \u00bb.osegler aus der Generation \u201c400er mit Getriebe\u201d. Avec les moteurs d&rsquo;aujourd&rsquo;hui, il n&rsquo;y a pratiquement aucune limite au mod\u00e8le en termes de vol. Compl\u00e8tement stable par nature dans les cercles, il emporte avec lui les moindres thermiques, et un spectacle pr\u00e8s du sol. Si vous l&rsquo;envoyez sur la route, il la survole sans perte d&rsquo;altitude notable. L&rsquo;aile en deux parties est \u00e9quip\u00e9e de connecteurs en acier, l&rsquo;assemblage sur le fuselage se fait avec deux chevilles et des vis en plastique. Un acc\u00e8s pratique et rapide au syst\u00e8me RC est possible gr\u00e2ce \u00e0 l&rsquo;aile facilement amovible et au grand auvent. Les parties lat\u00e9rales du fuselage sont en contreplaqu\u00e9 l\u00e9ger, le reste du mod\u00e8le est en balsa.<\/p>\n<p>En raison de la grande surface de l&rsquo;aile, le mod\u00e8le glisse parfaitement m\u00eame sans moteur et emporte avec lui les plus petits thermiques et courants ascendants. Les grandes parties ext\u00e9rieures de l&rsquo;aile assurent une position de vol stable, de sorte que le mod\u00e8le peut \u00eatre pilot\u00e9 de mani\u00e8re flexible m\u00eame en utilisant uniquement le gouvernail.<\/p>\n<p>Dans les ann\u00e9es 1990, \u00e9quiper l&rsquo;avion de cellules solaires pour tamponner les cellules NiCd alors actuelles \u00e9tait une option techniquement int\u00e9ressante pour allonger les temps de vol. Avec la technologie actuelle des batteries et des moteurs, ce tampon n&rsquo;est plus n\u00e9cessaire.<\/p>\n<p>Le kit contient toutes les pi\u00e8ces en bois n\u00e9cessaires \u00e0 la construction. Le mod\u00e8le est \u00e9galement livr\u00e9 avec une verri\u00e8re emboutie. Un plan de construction 1:1 et des instructions de construction descriptives sont inclus dans le kit. Comme variante d&rsquo;entra\u00eenement moderne, nous recommandons nos moteurs actro-n 35 avec un contr\u00f4leur et une h\u00e9lice appropri\u00e9s (voir ci-dessous). Un LiPo 3s avec environ 2400 mAh est utilis\u00e9 comme batterie d&rsquo;entra\u00eenement.<\/p>\n<div style=\"text-align:left\" class=\"wps-pgfw-pdf-generate-icon__wrapper-frontend\">\n\t\t<a href=\"https:\/\/www.speedmodels.ch\/fr\/wp-json\/wp\/v2\/product\/20105\/?action=genpdf&amp;id=20105\" class=\"pgfw-single-pdf-download-button\" target=_blank><img src=\"https:\/\/speedmodels.ch\/wp-content\/uploads\/2021\/09\/pdf_icon.png\" title=\"G\u00e9n\u00e9rer un PDF\" style=\"width:auto; height:45px;\"><\/a>\n\t\t<\/div>","protected":false},"excerpt":{"rendered":"<p>Solar-Clipper ist ein ElektrLe Solar-Clipper est un planeur \u00e9lectrique de la g\u00e9n\u00e9ration \u00ab 400s with gears \u00bb.osegler aus der Generation \u201c400er mit Getriebe\u201d. Avec les moteurs d&rsquo;aujourd&rsquo;hui, il n&rsquo;y a pratiquement aucune limite au mod\u00e8le en termes de vol. Compl\u00e8tement stable par nature dans les cercles, il emporte avec lui les moindres thermiques, et un [&hellip;]<\/p>\n","protected":false},"featured_media":11431,"template":"","meta":[],"product_brand":[],"product_cat":[1652,1710,1653,1655],"product_tag":[],"class_list":{"0":"post-20105","1":"product","2":"type-product","3":"status-publish","4":"has-post-thumbnail","6":"product_cat-avions-fr","7":"product_cat-modeles","8":"product_cat-modeles-telecommandes","9":"product_cat-planeurs-electriques","11":"first","12":"instock","13":"shipping-taxable","14":"product-type-simple"},"_links":{"self":[{"href":"https:\/\/www.speedmodels.ch\/fr\/wp-json\/wp\/v2\/product\/20105","targetHints":{"allow":["GET"]}}],"collection":[{"href":"https:\/\/www.speedmodels.ch\/fr\/wp-json\/wp\/v2\/product"}],"about":[{"href":"https:\/\/www.speedmodels.ch\/fr\/wp-json\/wp\/v2\/types\/product"}],"version-history":[{"count":0,"href":"https:\/\/www.speedmodels.ch\/fr\/wp-json\/wp\/v2\/product\/20105\/revisions"}],"wp:featuredmedia":[{"embeddable":true,"href":"https:\/\/www.speedmodels.ch\/fr\/wp-json\/wp\/v2\/media\/11431"}],"wp:attachment":[{"href":"https:\/\/www.speedmodels.ch\/fr\/wp-json\/wp\/v2\/media?parent=20105"}],"wp:term":[{"taxonomy":"product_brand","embeddable":true,"href":"https:\/\/www.speedmodels.ch\/fr\/wp-json\/wp\/v2\/product_brand?post=20105"},{"taxonomy":"product_cat","embeddable":true,"href":"https:\/\/www.speedmodels.ch\/fr\/wp-json\/wp\/v2\/product_cat?post=20105"},{"taxonomy":"product_tag","embeddable":true,"href":"https:\/\/www.speedmodels.ch\/fr\/wp-json\/wp\/v2\/product_tag?post=20105"}],"curies":[{"name":"wp","href":"https:\/\/api.w.org\/{rel}","templated":true}]}}