{"id":20104,"date":"2021-11-03T12:51:48","date_gmt":"2021-11-03T12:51:48","guid":{"rendered":"https:\/\/www.speedmodels.ch\/produkte\/unkategorisiert\/aerofly\/"},"modified":"2023-02-06T15:08:58","modified_gmt":"2023-02-06T15:08:58","slug":"aerofly","status":"publish","type":"product","link":"https:\/\/www.speedmodels.ch\/fr\/produits\/modeles\/avions-fr\/modeles-telecommandes\/planeurs-electriques\/aerofly\/","title":{"rendered":"Aerofly"},"content":{"rendered":"<p>Le mod\u00e8le Aerofly est sp\u00e9cialement consu pour les amis du vol \u00e9lectrique. Aerofly poss\u00e8de tous les avantages d\u2019un planeur \u00e9lectrique qui peut aussi \u00eatre \u00e9quiper avec un moteur thermique. Les pi\u00e8ces pr\u00e9fabriqu\u00e9es sont incluses dans le kit pour les deux version. En raison de sa forme a\u00e9rodynamiquement bien d\u00e9velopp\u00e9e, le mod\u00e8le impressionne par les meilleures performances de vol. L&rsquo;entra\u00eenement \u00e0 h\u00e9lice propulsive offre plusieurs avantages par rapport \u00e0 la disposition conventionnelle du moteur en pointe de fuselage. Une meilleure efficacit\u00e9 de l&rsquo;entra\u00eenement est obtenue et le moteur avec h\u00e9lice ne peut plus \u00eatre endommag\u00e9 lors d&rsquo;atterrissages durs. La verri\u00e8re est amovible, l&rsquo;aile est en deux parties, le stabilisateur horizontal est viss\u00e9 sur le stabilisateur vertical. Toute la structure du mod\u00e8le est tr\u00e8s simple et la cellule est l\u00e9g\u00e8re et tr\u00e8s r\u00e9sistante. Aerofly &#8211; un mod\u00e8le qui rend le vol de mod\u00e8le r\u00e9duit encore plus beau.<br \/>\nLe kit contient:<br \/>\nInstructions de construction d\u00e9taill\u00e9es en allemand, anglais, fran\u00e7ais, espagnol et italien, plan de construction avec vue \u00e9clat\u00e9e et liste des pi\u00e8ces, \u00e9l\u00e9ments pr\u00e9fabriqu\u00e9s, perfor\u00e9s et frais\u00e9s en balsa et contreplaqu\u00e9, bandes, pi\u00e8ces en fil de fer, cabine, papier de couverture, images coulissantes, c\u00e2bles Bowden et de nombreuses petites pi\u00e8ces, telles que les cornes de commande, les charni\u00e8res, les chapes, la serrure de la cabine, etc.<br \/>\n<span class=\"sw-acf-field-label label-field_5dcad304d99f3\">Niveau<\/span> de difficult\u00e9 de construction: d\u00e9butants<br \/>\n<span class=\"sw-acf-field-label label-field_5dcbcb97699d1\">Demande<\/span> de vol: d\u00e9butant<\/p>\n<div style=\"text-align:left\" class=\"wps-pgfw-pdf-generate-icon__wrapper-frontend\">\n\t\t<a href=\"https:\/\/www.speedmodels.ch\/fr\/wp-json\/wp\/v2\/product\/20104\/?action=genpdf&amp;id=20104\" class=\"pgfw-single-pdf-download-button\" target=_blank><img src=\"https:\/\/speedmodels.ch\/wp-content\/uploads\/2021\/09\/pdf_icon.png\" title=\"G\u00e9n\u00e9rer un PDF\" style=\"width:auto; height:45px;\"><\/a>\n\t\t<\/div>","protected":false},"excerpt":{"rendered":"<p>Le mod\u00e8le Aerofly est sp\u00e9cialement consu pour les amis du vol \u00e9lectrique. Aerofly poss\u00e8de tous les avantages d\u2019un planeur \u00e9lectrique qui peut aussi \u00eatre \u00e9quiper avec un moteur thermique. Les pi\u00e8ces pr\u00e9fabriqu\u00e9es sont incluses dans le kit pour les deux version. En raison de sa forme a\u00e9rodynamiquement bien d\u00e9velopp\u00e9e, le mod\u00e8le impressionne par les meilleures [&hellip;]<\/p>\n","protected":false},"featured_media":9601,"template":"","meta":[],"product_brand":[],"product_cat":[1652,1710,1653,1655],"product_tag":[],"class_list":{"0":"post-20104","1":"product","2":"type-product","3":"status-publish","4":"has-post-thumbnail","6":"product_cat-avions-fr","7":"product_cat-modeles","8":"product_cat-modeles-telecommandes","9":"product_cat-planeurs-electriques","11":"first","12":"instock","13":"shipping-taxable","14":"product-type-simple"},"_links":{"self":[{"href":"https:\/\/www.speedmodels.ch\/fr\/wp-json\/wp\/v2\/product\/20104","targetHints":{"allow":["GET"]}}],"collection":[{"href":"https:\/\/www.speedmodels.ch\/fr\/wp-json\/wp\/v2\/product"}],"about":[{"href":"https:\/\/www.speedmodels.ch\/fr\/wp-json\/wp\/v2\/types\/product"}],"version-history":[{"count":0,"href":"https:\/\/www.speedmodels.ch\/fr\/wp-json\/wp\/v2\/product\/20104\/revisions"}],"wp:featuredmedia":[{"embeddable":true,"href":"https:\/\/www.speedmodels.ch\/fr\/wp-json\/wp\/v2\/media\/9601"}],"wp:attachment":[{"href":"https:\/\/www.speedmodels.ch\/fr\/wp-json\/wp\/v2\/media?parent=20104"}],"wp:term":[{"taxonomy":"product_brand","embeddable":true,"href":"https:\/\/www.speedmodels.ch\/fr\/wp-json\/wp\/v2\/product_brand?post=20104"},{"taxonomy":"product_cat","embeddable":true,"href":"https:\/\/www.speedmodels.ch\/fr\/wp-json\/wp\/v2\/product_cat?post=20104"},{"taxonomy":"product_tag","embeddable":true,"href":"https:\/\/www.speedmodels.ch\/fr\/wp-json\/wp\/v2\/product_tag?post=20104"}],"curies":[{"name":"wp","href":"https:\/\/api.w.org\/{rel}","templated":true}]}}