{"id":20103,"date":"2021-11-03T12:46:58","date_gmt":"2021-11-03T12:46:58","guid":{"rendered":"https:\/\/www.speedmodels.ch\/produkte\/unkategorisiert\/lt-200-flex\/"},"modified":"2023-02-06T15:09:08","modified_gmt":"2023-02-06T15:09:08","slug":"lt-200-flex","status":"publish","type":"product","link":"https:\/\/www.speedmodels.ch\/fr\/produits\/modeles\/avions-fr\/modeles-telecommandes\/planeurs\/lt-200-flex\/","title":{"rendered":"LT 200 Flex"},"content":{"rendered":"<p>Une flexibilit\u00e9 totale lors de la construction d&rsquo;un mod\u00e8le de vol &#8211; c&rsquo;est ce qu&rsquo;offre le LT 200 Flex. Un mod\u00e8le de planeur ou un mod\u00e8le de planeur \u00e9lectrique peut \u00eatre construit \u00e0 partir du kit. Les ensembles de cadres assortis sont inclus pour un entra\u00eenement par moteur, et un nez galb\u00e9 est en balsa pour la version planeur. En tant que variante de contr\u00f4le, trois options peuvent \u00eatre construites avec ce mod\u00e8le &#8211; avec un contr\u00f4le pur \u00e0 2 axes via la hauteur \/ le c\u00f4t\u00e9, comme contr\u00f4le \u00e0 3 axes avec ailerons suppl\u00e9mentaires ou comme aile \u00e0 4 volets avec carrossage \/ volets de frein. Cela signifie que le LT 200 Flex peut \u00eatre cr\u00e9\u00e9 en tant que mod\u00e8le RES ou en tant que planeur thermique enti\u00e8rement d\u00e9velopp\u00e9 \u00e0 partir du kit.<br \/>\nLa construction repose presque enti\u00e8rement sur une construction en bois, \u00e0 l&rsquo;exception du bras de fuselage en CFRP \u00e0 paroi mince. Le fuselage est construit dans une construction en couches \u00e0 partir de pi\u00e8ces en bois grav\u00e9es au laser. Les ailes sont faites d&rsquo;une construction nervur\u00e9e facile \u00e0 construire et sont compl\u00e8tement recouvertes, ce qui signifie qu&rsquo;il n&rsquo;est pas n\u00e9cessaire de les recouvrir avec un film. Le profil de l&rsquo;aile permet un style de vol tr\u00e8s lent et permet \u00e9galement l&rsquo;utilisation de thermiques et de courants ascendants m\u00eame \u00e0 basse altitude. Les a\u00e9rofreins permettent une descente verticale sans augmentation notable de la vitesse. La LT 200 Flex s&rsquo;adresse non seulement aux pilotes de mod\u00e9lisme exp\u00e9riment\u00e9s qui ont toujours voulu poss\u00e9der une aile multi-volets pour des sujets cosy, mais aussi aux jeunes mod\u00e9listes qui ont d\u00e9j\u00e0 fait leurs premi\u00e8res exp\u00e9riences dans la construction de maquettes en bois (par exemple avec le Lilienthal 40 RC) et maintenant envie d&rsquo;aller plus haut. En raison de la construction intuitive et des instructions de construction con\u00e7ues pour les jeunes, ce mod\u00e8le convient \u00e9galement aux montages dans les clubs, par ex. en tant que projet commun de construction hivernale.<br \/>\nLe kit contient:<br \/>\ntoutes les pi\u00e8ces en bois grav\u00e9es au laser avec pr\u00e9cision pour l&rsquo;assemblage, ainsi que de petites pi\u00e8ces pour les tringleries de gouvernail, la fixation des ailes, la carte servo, la cale de lancement pour la construction du fuselage et des ailes, des instructions de construction avec des dessins d&rsquo;\u00e9tape de construction en 3D.<br \/>\n<span class=\"sw-acf-field-label label-field_5dcad304d99f3\">Niveau<\/span> de difficult\u00e9 de construction: d\u00e9butants<br \/>\n<span class=\"sw-acf-field-label label-field_5dcbcb97699d1\">Demande<\/span> de vol: d\u00e9butant<\/p>\n<div style=\"text-align:left\" class=\"wps-pgfw-pdf-generate-icon__wrapper-frontend\">\n\t\t<a href=\"https:\/\/www.speedmodels.ch\/fr\/wp-json\/wp\/v2\/product\/20103\/?action=genpdf&amp;id=20103\" class=\"pgfw-single-pdf-download-button\" target=_blank><img src=\"https:\/\/speedmodels.ch\/wp-content\/uploads\/2021\/09\/pdf_icon.png\" title=\"G\u00e9n\u00e9rer un PDF\" style=\"width:auto; height:45px;\"><\/a>\n\t\t<\/div>","protected":false},"excerpt":{"rendered":"<p>Une flexibilit\u00e9 totale lors de la construction d&rsquo;un mod\u00e8le de vol &#8211; c&rsquo;est ce qu&rsquo;offre le LT 200 Flex. Un mod\u00e8le de planeur ou un mod\u00e8le de planeur \u00e9lectrique peut \u00eatre construit \u00e0 partir du kit. Les ensembles de cadres assortis sont inclus pour un entra\u00eenement par moteur, et un nez galb\u00e9 est en balsa [&hellip;]<\/p>\n","protected":false},"featured_media":9596,"template":"","meta":[],"product_brand":[],"product_cat":[1652,1711,1710,1653,1654,1655],"product_tag":[],"class_list":{"0":"post-20103","1":"product","2":"type-product","3":"status-publish","4":"has-post-thumbnail","6":"product_cat-avions-fr","7":"product_cat-jeunesse","8":"product_cat-modeles","9":"product_cat-modeles-telecommandes","10":"product_cat-planeurs","11":"product_cat-planeurs-electriques","13":"first","14":"instock","15":"shipping-taxable","16":"product-type-simple"},"_links":{"self":[{"href":"https:\/\/www.speedmodels.ch\/fr\/wp-json\/wp\/v2\/product\/20103","targetHints":{"allow":["GET"]}}],"collection":[{"href":"https:\/\/www.speedmodels.ch\/fr\/wp-json\/wp\/v2\/product"}],"about":[{"href":"https:\/\/www.speedmodels.ch\/fr\/wp-json\/wp\/v2\/types\/product"}],"version-history":[{"count":0,"href":"https:\/\/www.speedmodels.ch\/fr\/wp-json\/wp\/v2\/product\/20103\/revisions"}],"wp:featuredmedia":[{"embeddable":true,"href":"https:\/\/www.speedmodels.ch\/fr\/wp-json\/wp\/v2\/media\/9596"}],"wp:attachment":[{"href":"https:\/\/www.speedmodels.ch\/fr\/wp-json\/wp\/v2\/media?parent=20103"}],"wp:term":[{"taxonomy":"product_brand","embeddable":true,"href":"https:\/\/www.speedmodels.ch\/fr\/wp-json\/wp\/v2\/product_brand?post=20103"},{"taxonomy":"product_cat","embeddable":true,"href":"https:\/\/www.speedmodels.ch\/fr\/wp-json\/wp\/v2\/product_cat?post=20103"},{"taxonomy":"product_tag","embeddable":true,"href":"https:\/\/www.speedmodels.ch\/fr\/wp-json\/wp\/v2\/product_tag?post=20103"}],"curies":[{"name":"wp","href":"https:\/\/api.w.org\/{rel}","templated":true}]}}