{"id":20102,"date":"2021-11-03T12:41:17","date_gmt":"2021-11-03T12:41:17","guid":{"rendered":"https:\/\/www.speedmodels.ch\/produkte\/unkategorisiert\/luxx\/"},"modified":"2023-02-06T15:09:23","modified_gmt":"2023-02-06T15:09:23","slug":"luxx","status":"publish","type":"product","link":"https:\/\/www.speedmodels.ch\/fr\/produits\/modeles\/avions-fr\/modeles-telecommandes\/planeurs-electriques\/luxx\/","title":{"rendered":"Luxx"},"content":{"rendered":"<p>Les mod\u00e8les qui peuvent \u00eatre construits intuitivement et rapidement sont l&rsquo;objectif de chaque d\u00e9veloppement chez aero-naut. En raison de la forte demande de mod\u00e8les de vol qui sont encore construits \u00e0 partir de vrais kits, notre Luxx a maintenant \u00e9t\u00e9 cr\u00e9\u00e9. Le mod\u00e8le de vol est enti\u00e8rement en bois. Pour cela, toutes les pi\u00e8ces ont \u00e9t\u00e9 d\u00e9coup\u00e9es au laser avec pr\u00e9cision et s&#8217;embo\u00eetent tr\u00e8s pr\u00e9cis\u00e9ment. Luxx s&rsquo;adresse aux mod\u00e9listes qui souhaitent refaire l&rsquo;exp\u00e9rience du mod\u00e9lisme r\u00e9el, mais qui ne veulent pas attendre des semaines pour construire des unit\u00e9s. En raison de la construction simple avec un fuselage en caisson, un temps de construction de quelques soir\u00e9es seulement doit \u00eatre pr\u00e9vu jusqu&rsquo;\u00e0 ce que le mod\u00e8le soit compl\u00e8tement recouvert et pr\u00eat \u00e0 d\u00e9coller. Les ailes ont \u00e9t\u00e9 d\u00e9velopp\u00e9es avec un profil modifi\u00e9, qui garantit \u00e0 la fois un comportement de vol non critique et la possibilit\u00e9 de faire des vols un peu plus rapides. M\u00eame la navigation thermique est facilement possible avec Luxx. La structure est enti\u00e8rement nervur\u00e9e et est r\u00e9alis\u00e9e \u00e0 l&rsquo;aide de la cale a\u00e9ronautique \u00e9prouv\u00e9e. En raison du degr\u00e9 pr\u00e9cis de pr\u00e9fabrication, la construction de l&rsquo;ensemble de la zone peut \u00eatre r\u00e9alis\u00e9e en environ 1 \u00e0 2 heures. La verri\u00e8re amovible donne acc\u00e8s au moteur et \u00e0 la batterie sans avoir \u00e0 retirer l&rsquo;aile pour changer la batterie. Des moteurs simples de la classe de puissance 150 W avec un LiPo 2-3 s conviennent comme entra\u00eenement, ce qui permet de tr\u00e8s bonnes performances d&rsquo;escalade et des vols plus rapides. Le mod\u00e8le est id\u00e9al pour promouvoir les jeunes dans les clubs, les \u00e9coles et les associations. Gr\u00e2ce aux instructions \u00e9tape par \u00e9tape et aux pi\u00e8ces en grande partie pr\u00e9fabriqu\u00e9es, la progression de la construction de joints est facile \u00e0 r\u00e9aliser, m\u00eame avec un savoir-faire diff\u00e9rent.<br \/>\nLe kit de mod\u00e8le contient<br \/>\ntoutes les pi\u00e8ces en bois d\u00e9coup\u00e9es au laser pour construire le mod\u00e8le, la cale d&rsquo;a\u00e9ronautique, les barres de pin, les tringleries de gouvernail et les c\u00e2bles Bowden, diverses petites pi\u00e8ces. Un manuel de construction illustr\u00e9 d\u00e9taill\u00e9 m\u00e8ne \u00e0 un succ\u00e8s de construction rapide.<br \/>\nLes pi\u00e8ces suivantes sont \u00e9galement n\u00e9cessaires pour compl\u00e9ter le mod\u00e8le : film de rev\u00eatement, moteur \u00e9lectrique, h\u00e9lice et c\u00f4ne repliables, batterie, composants RC.<br \/>\n<span class=\"sw-acf-field-label label-field_5dcad304d99f3\">Niveau<\/span> de difficult\u00e9 de construction: d\u00e9butants<br \/>\n<span class=\"sw-acf-field-label label-field_5dcbcb97699d1\">Demande<\/span> de vol: d\u00e9butant<\/p>\n<div style=\"text-align:left\" class=\"wps-pgfw-pdf-generate-icon__wrapper-frontend\">\n\t\t<a href=\"https:\/\/www.speedmodels.ch\/fr\/wp-json\/wp\/v2\/product\/20102\/?action=genpdf&amp;id=20102\" class=\"pgfw-single-pdf-download-button\" target=_blank><img src=\"https:\/\/speedmodels.ch\/wp-content\/uploads\/2021\/09\/pdf_icon.png\" title=\"G\u00e9n\u00e9rer un PDF\" style=\"width:auto; height:45px;\"><\/a>\n\t\t<\/div>","protected":false},"excerpt":{"rendered":"<p>Les mod\u00e8les qui peuvent \u00eatre construits intuitivement et rapidement sont l&rsquo;objectif de chaque d\u00e9veloppement chez aero-naut. En raison de la forte demande de mod\u00e8les de vol qui sont encore construits \u00e0 partir de vrais kits, notre Luxx a maintenant \u00e9t\u00e9 cr\u00e9\u00e9. Le mod\u00e8le de vol est enti\u00e8rement en bois. Pour cela, toutes les pi\u00e8ces ont [&hellip;]<\/p>\n","protected":false},"featured_media":9593,"template":"","meta":[],"product_brand":[],"product_cat":[1652,1711,1710,1653,1655],"product_tag":[],"class_list":{"0":"post-20102","1":"product","2":"type-product","3":"status-publish","4":"has-post-thumbnail","6":"product_cat-avions-fr","7":"product_cat-jeunesse","8":"product_cat-modeles","9":"product_cat-modeles-telecommandes","10":"product_cat-planeurs-electriques","12":"first","13":"instock","14":"shipping-taxable","15":"product-type-simple"},"_links":{"self":[{"href":"https:\/\/www.speedmodels.ch\/fr\/wp-json\/wp\/v2\/product\/20102","targetHints":{"allow":["GET"]}}],"collection":[{"href":"https:\/\/www.speedmodels.ch\/fr\/wp-json\/wp\/v2\/product"}],"about":[{"href":"https:\/\/www.speedmodels.ch\/fr\/wp-json\/wp\/v2\/types\/product"}],"version-history":[{"count":0,"href":"https:\/\/www.speedmodels.ch\/fr\/wp-json\/wp\/v2\/product\/20102\/revisions"}],"wp:featuredmedia":[{"embeddable":true,"href":"https:\/\/www.speedmodels.ch\/fr\/wp-json\/wp\/v2\/media\/9593"}],"wp:attachment":[{"href":"https:\/\/www.speedmodels.ch\/fr\/wp-json\/wp\/v2\/media?parent=20102"}],"wp:term":[{"taxonomy":"product_brand","embeddable":true,"href":"https:\/\/www.speedmodels.ch\/fr\/wp-json\/wp\/v2\/product_brand?post=20102"},{"taxonomy":"product_cat","embeddable":true,"href":"https:\/\/www.speedmodels.ch\/fr\/wp-json\/wp\/v2\/product_cat?post=20102"},{"taxonomy":"product_tag","embeddable":true,"href":"https:\/\/www.speedmodels.ch\/fr\/wp-json\/wp\/v2\/product_tag?post=20102"}],"curies":[{"name":"wp","href":"https:\/\/api.w.org\/{rel}","templated":true}]}}