{"id":20101,"date":"2021-11-03T12:35:43","date_gmt":"2021-11-03T12:35:43","guid":{"rendered":"https:\/\/www.speedmodels.ch\/produkte\/unkategorisiert\/helios\/"},"modified":"2023-02-06T15:09:34","modified_gmt":"2023-02-06T15:09:34","slug":"helios","status":"publish","type":"product","link":"https:\/\/www.speedmodels.ch\/fr\/produits\/modeles\/avions-fr\/modeles-telecommandes\/planeurs-electriques\/helios\/","title":{"rendered":"Helios"},"content":{"rendered":"<p>Helios est un planeur \u00e9l\u00e9gant pour le vent l\u00e9ger avec une construction en bois conventionnelle. La seule d\u00e9rogation \u00e0 ce principe est le tube de fuselage en carbone. Avec ses dimensions compactes et l&rsquo;aile en deux parties, le mod\u00e8le peut \u00eatre facilement transport\u00e9 et assembl\u00e9 sur l&rsquo;a\u00e9rodrome en tr\u00e9s peut de temps. L&rsquo;aile est fabriqu\u00e9e de mani\u00e8re a\u00e9ronautique \u00e9prouv\u00e9e dans un gabarit, ce qui permet un positionnement s\u00fbr de tous les composants et une construction sans distorsion. L&rsquo;aile est partiellement bord\u00e9e et offre &#8211; selon le choix du mat\u00e9riau de rev\u00eatement &#8211; des options de conception visuelle int\u00e9ressantes. Avec les quatre grands volets, Helios peut toujours \u00eatre dirig\u00e9 en toute s\u00e9curit\u00e9 m\u00eame \u00e0 basse vitesse, les volets d&rsquo;atterrissage sont une aide fiable pour la descente et l&rsquo;atterrissage. Gr\u00e2ce \u00e0 son faible poids, les besoins \u00e9nerg\u00e9tiques du mod\u00e8le sont faibles. Les batteries de plus grande capacit\u00e9 peuvent facilement \u00eatre log\u00e9es dans la grande t\u00eate de fuselage. Helios est un mod\u00e8le pour les connaisseurs &#8211; il commence par la construction du mod\u00e8le avec ses composants d\u00e9coup\u00e9s au laser avec pr\u00e9cision et se termine par un vol relaxant dans le thermique du soir ou dans un vent l\u00e9ger sur la pente.<br \/>\nLe kit contient:<br \/>\ntoutes les pi\u00e8ces en bois d\u00e9coup\u00e9es au laser, ungabarit pour les ailes et le fuselage,<br \/>\nune tige de fuselage en carbone, de petites pi\u00e8ces pour les liaisons, des c\u00e2bles Bowden,<br \/>\nde grandes d\u00e9calcomanies comme autocollants de trac\u00e9, des instructions de construction .<\/p>\n<div id=\"field_5dcad304d99f3\" class=\"type-text vc_sw-acf vc_sw-align-left field_5dcad304d99f3\">Difficult\u00e9 de construction : <span class=\"sw-acf-field-label label-field_5dcad304d99f3\">Avanc\u00e9<\/span><\/div>\n<div id=\"field_5dcbcb97699d1\" class=\"type-text vc_sw-acf vc_sw-align-left field_5dcbcb97699d1\">Demande de vol : a<span class=\"sw-acf-field-label label-field_5dcbcb97699d1\">vanc\u00e9<\/span><\/div>\n<div style=\"text-align:left\" class=\"wps-pgfw-pdf-generate-icon__wrapper-frontend\">\n\t\t<a href=\"https:\/\/www.speedmodels.ch\/fr\/wp-json\/wp\/v2\/product\/20101\/?action=genpdf&amp;id=20101\" class=\"pgfw-single-pdf-download-button\" target=_blank><img src=\"https:\/\/speedmodels.ch\/wp-content\/uploads\/2021\/09\/pdf_icon.png\" title=\"G\u00e9n\u00e9rer un PDF\" style=\"width:auto; height:45px;\"><\/a>\n\t\t<\/div>","protected":false},"excerpt":{"rendered":"<p>Helios est un planeur \u00e9l\u00e9gant pour le vent l\u00e9ger avec une construction en bois conventionnelle. La seule d\u00e9rogation \u00e0 ce principe est le tube de fuselage en carbone. Avec ses dimensions compactes et l&rsquo;aile en deux parties, le mod\u00e8le peut \u00eatre facilement transport\u00e9 et assembl\u00e9 sur l&rsquo;a\u00e9rodrome en tr\u00e9s peut de temps. L&rsquo;aile est fabriqu\u00e9e [&hellip;]<\/p>\n","protected":false},"featured_media":9589,"template":"","meta":[],"product_brand":[],"product_cat":[1652,1710,1653,1655],"product_tag":[],"class_list":{"0":"post-20101","1":"product","2":"type-product","3":"status-publish","4":"has-post-thumbnail","6":"product_cat-avions-fr","7":"product_cat-modeles","8":"product_cat-modeles-telecommandes","9":"product_cat-planeurs-electriques","11":"first","12":"instock","13":"shipping-taxable","14":"product-type-simple"},"_links":{"self":[{"href":"https:\/\/www.speedmodels.ch\/fr\/wp-json\/wp\/v2\/product\/20101","targetHints":{"allow":["GET"]}}],"collection":[{"href":"https:\/\/www.speedmodels.ch\/fr\/wp-json\/wp\/v2\/product"}],"about":[{"href":"https:\/\/www.speedmodels.ch\/fr\/wp-json\/wp\/v2\/types\/product"}],"version-history":[{"count":0,"href":"https:\/\/www.speedmodels.ch\/fr\/wp-json\/wp\/v2\/product\/20101\/revisions"}],"wp:featuredmedia":[{"embeddable":true,"href":"https:\/\/www.speedmodels.ch\/fr\/wp-json\/wp\/v2\/media\/9589"}],"wp:attachment":[{"href":"https:\/\/www.speedmodels.ch\/fr\/wp-json\/wp\/v2\/media?parent=20101"}],"wp:term":[{"taxonomy":"product_brand","embeddable":true,"href":"https:\/\/www.speedmodels.ch\/fr\/wp-json\/wp\/v2\/product_brand?post=20101"},{"taxonomy":"product_cat","embeddable":true,"href":"https:\/\/www.speedmodels.ch\/fr\/wp-json\/wp\/v2\/product_cat?post=20101"},{"taxonomy":"product_tag","embeddable":true,"href":"https:\/\/www.speedmodels.ch\/fr\/wp-json\/wp\/v2\/product_tag?post=20101"}],"curies":[{"name":"wp","href":"https:\/\/api.w.org\/{rel}","templated":true}]}}