{"id":20100,"date":"2021-11-03T10:41:00","date_gmt":"2021-11-03T10:41:00","guid":{"rendered":"https:\/\/www.speedmodels.ch\/produkte\/unkategorisiert\/soleo\/"},"modified":"2023-02-06T15:09:48","modified_gmt":"2023-02-06T15:09:48","slug":"soleo","status":"publish","type":"product","link":"https:\/\/www.speedmodels.ch\/fr\/produits\/modeles\/avions-fr\/modeles-telecommandes\/planeurs-electriques\/soleo\/","title":{"rendered":"Soleo"},"content":{"rendered":"<p>Soleo est une aile \u00e0 pointe de fl\u00e8che compacte avec des caract\u00e9ristiques de vol tr\u00e8s \u00e9quilibr\u00e9es. C&rsquo;est un runabout de pente rapide et polyvalent, mais il tire \u00e9galement ses cercles calmement dans la mont\u00e9e. L&rsquo;entra\u00eenement \u00e9lectrique recommand\u00e9 l&rsquo;am\u00e8ne rapidement \u00e0 une hauteur de d\u00e9part confortable. Avec ses dimensions compactes et l&rsquo;aile en deux parties, le mod\u00e8le peut \u00eatre facilement transport\u00e9 et assembl\u00e9 sur l&rsquo;a\u00e9rodrome en tr\u00e9s peut de temps. Soleo a un fuselage GRP de couleur blanc avec une cloison moteur int\u00e9gr\u00e9e et des ailes nervur\u00e9es. L&rsquo;aile est cr\u00e9\u00e9e dans un gabarit qui permet un positionnement s\u00fbr de tous les composants et une construction sans distorsion. L&rsquo;aile est partiellement bord\u00e9e et a des volets de gouvernail g\u00e9n\u00e9reusement dimensionn\u00e9s.<br \/>\n<strong>Contenue du kit:<\/strong><br \/>\nFuselage GRP, pi\u00e8ces frais\u00e9es au laser pour la construction de l&rsquo;aile, pi\u00e8ces de bord\u00e9, cale de halage, instructions de montage 3D, diverses petites pi\u00e8ces.<\/p>\n<p>La recommandation de lecteur se trouve au bas de cette page.<br \/>\nNous recommandons une batterie Lipo 3S avec 1800-2400 mAh.<br \/>\nVous avez besoin de 2 servos d&rsquo;environ 30 \u00d7 12 \u00d7 30 mm pour la profondeur \/ les ailerons.<\/p>\n<div id=\"field_5dcad304d99f3\" class=\"type-text vc_sw-acf vc_sw-align-left field_5dcad304d99f3\"><span class=\"sw-acf-field-label label-field_5dcad304d99f3\">Niveau de difficult\u00e9 de construction<\/span> : avanc\u00e9e 3\/5 chwierigkeitsgrad Bau: 3\/5 (Fortgeschritten)<\/div>\n<div id=\"field_5dcbcb97699d1\" class=\"type-text vc_sw-acf vc_sw-align-left field_5dcbcb97699d1\">\n<p><span class=\"sw-acf-field-label label-field_5dcbcb97699d1\">Demande de vol<\/span> : avanc\u00e9e 4\/5<\/p>\n<p><strong>Entra\u00eenement ECO:<\/strong><\/p>\n<table style=\"height: 104px\" width=\"648\">\n<tbody>\n<tr>\n<td width=\"145\">moteur:<\/td>\n<td width=\"103\">actro-n 35-4-790<\/td>\n<td width=\"103\">No de commande: 7003\/11<\/td>\n<\/tr>\n<tr>\n<td width=\"145\">variateur:<\/td>\n<td width=\"103\">actrocon 30 A<\/td>\n<td width=\"103\">No de commande: 7003\/32<\/td>\n<\/tr>\n<tr>\n<td width=\"145\">h\u00e9lice:<\/td>\n<td width=\"103\">CAMcarbon Z 13\u00d76,5\u2033<\/td>\n<td width=\"103\">No de commande: 7239\/58<\/td>\n<\/tr>\n<tr>\n<td width=\"145\">Nez d&rsquo;h\u00e9lice Z:<\/td>\n<td width=\"103\">42 mm<\/td>\n<td width=\"103\">No de commande: 7251\/76<\/td>\n<\/tr>\n<tr>\n<td width=\"145\">c\u00f4nde de serrage:<\/td>\n<td width=\"103\">5 mm<\/td>\n<td width=\"103\">No de commande: 7123\/05<\/td>\n<\/tr>\n<\/tbody>\n<\/table>\n<p><strong>Eintra\u00eenement POWER:<\/strong><\/p>\n<table style=\"height: 112px\" width=\"654\">\n<tbody>\n<tr>\n<td width=\"145\">moteur:<\/td>\n<td width=\"103\">actro-n 35-4-1100<\/td>\n<td width=\"103\">No de commande: 7003\/10<\/td>\n<\/tr>\n<tr>\n<td width=\"145\">variateur:<\/td>\n<td width=\"103\">actrocon 60 A<\/td>\n<td width=\"103\">No de commande.: 7003\/34<\/td>\n<\/tr>\n<tr>\n<td width=\"145\">h\u00e9lice:<\/td>\n<td width=\"103\">CAMcarbon Z 12\u00d78\u2033<\/td>\n<td width=\"103\">No de commande: 7239\/50<\/td>\n<\/tr>\n<tr>\n<td width=\"145\">Nez d&rsquo;h\u00e9lice Z:<\/td>\n<td width=\"103\">42 mm<\/td>\n<td width=\"103\">No de commande: 7251\/76<\/td>\n<\/tr>\n<tr>\n<td width=\"145\">c\u00f4nde de serrage:<\/td>\n<td width=\"103\">5 mm<\/td>\n<td width=\"103\">No de commande: 7123\/05<\/td>\n<\/tr>\n<\/tbody>\n<\/table>\n<\/div>\n<div style=\"text-align:left\" class=\"wps-pgfw-pdf-generate-icon__wrapper-frontend\">\n\t\t<a href=\"https:\/\/www.speedmodels.ch\/fr\/wp-json\/wp\/v2\/product\/20100\/?action=genpdf&amp;id=20100\" class=\"pgfw-single-pdf-download-button\" target=_blank><img src=\"https:\/\/speedmodels.ch\/wp-content\/uploads\/2021\/09\/pdf_icon.png\" title=\"G\u00e9n\u00e9rer un PDF\" style=\"width:auto; height:45px;\"><\/a>\n\t\t<\/div>","protected":false},"excerpt":{"rendered":"<p>Soleo est une aile \u00e0 pointe de fl\u00e8che compacte avec des caract\u00e9ristiques de vol tr\u00e8s \u00e9quilibr\u00e9es. C&rsquo;est un runabout de pente rapide et polyvalent, mais il tire \u00e9galement ses cercles calmement dans la mont\u00e9e. L&rsquo;entra\u00eenement \u00e9lectrique recommand\u00e9 l&rsquo;am\u00e8ne rapidement \u00e0 une hauteur de d\u00e9part confortable. Avec ses dimensions compactes et l&rsquo;aile en deux parties, le [&hellip;]<\/p>\n","protected":false},"featured_media":9584,"template":"","meta":[],"product_brand":[],"product_cat":[1652,1710,1653,1655],"product_tag":[],"class_list":{"0":"post-20100","1":"product","2":"type-product","3":"status-publish","4":"has-post-thumbnail","6":"product_cat-avions-fr","7":"product_cat-modeles","8":"product_cat-modeles-telecommandes","9":"product_cat-planeurs-electriques","11":"first","12":"instock","13":"shipping-taxable","14":"product-type-simple"},"_links":{"self":[{"href":"https:\/\/www.speedmodels.ch\/fr\/wp-json\/wp\/v2\/product\/20100","targetHints":{"allow":["GET"]}}],"collection":[{"href":"https:\/\/www.speedmodels.ch\/fr\/wp-json\/wp\/v2\/product"}],"about":[{"href":"https:\/\/www.speedmodels.ch\/fr\/wp-json\/wp\/v2\/types\/product"}],"version-history":[{"count":0,"href":"https:\/\/www.speedmodels.ch\/fr\/wp-json\/wp\/v2\/product\/20100\/revisions"}],"wp:featuredmedia":[{"embeddable":true,"href":"https:\/\/www.speedmodels.ch\/fr\/wp-json\/wp\/v2\/media\/9584"}],"wp:attachment":[{"href":"https:\/\/www.speedmodels.ch\/fr\/wp-json\/wp\/v2\/media?parent=20100"}],"wp:term":[{"taxonomy":"product_brand","embeddable":true,"href":"https:\/\/www.speedmodels.ch\/fr\/wp-json\/wp\/v2\/product_brand?post=20100"},{"taxonomy":"product_cat","embeddable":true,"href":"https:\/\/www.speedmodels.ch\/fr\/wp-json\/wp\/v2\/product_cat?post=20100"},{"taxonomy":"product_tag","embeddable":true,"href":"https:\/\/www.speedmodels.ch\/fr\/wp-json\/wp\/v2\/product_tag?post=20100"}],"curies":[{"name":"wp","href":"https:\/\/api.w.org\/{rel}","templated":true}]}}