{"id":20095,"date":"2021-11-03T13:09:02","date_gmt":"2021-11-03T13:09:02","guid":{"rendered":"https:\/\/www.speedmodels.ch\/produkte\/unkategorisiert\/pepper\/"},"modified":"2023-02-06T15:08:32","modified_gmt":"2023-02-06T15:08:32","slug":"pepper","status":"publish","type":"product","link":"https:\/\/www.speedmodels.ch\/fr\/produits\/modeles\/avions-fr\/modeles-telecommandes\/modeles-de-vol-electriques\/pepper\/","title":{"rendered":"Pepper"},"content":{"rendered":"<p>Pepper est un mod\u00e8le de vol rapide pour chaque exp\u00e9rience de pilote. En raison de son profil de surface, le mod\u00e8le peut \u00eatre pilot\u00e9 tr\u00e8s rapidement, mais aussi mod\u00e9r\u00e9ment. La plage de vitesse est tr\u00e8s large. Les ailes sont construites en nervures puis enti\u00e8rement en planches. Le mod\u00e8le complet est construit \u00e0 partir de pi\u00e8ces en bois d\u00e9coup\u00e9es au laser. En raison du traitement exact des pi\u00e8ces et des instructions de construction d\u00e9taill\u00e9es en style 3D, l&rsquo;assemblage est facile \u00e0 ma\u00eetriser m\u00eame par des mod\u00e9lisateurs moins exp\u00e9riment\u00e9s.<br \/>\nLe kit contient:<br \/>\nToutes les pi\u00e8ces en bois d\u00e9coup\u00e9es au laser, des liaisons de gouvernail avec c\u00e2bles Bowden, diverses petites pi\u00e8ces, un gabarit dans le style bien connu des a\u00e9ronautes, des instructions de construction d\u00e9taill\u00e9es avec des dessins d&rsquo;\u00e9tape de construction<br \/>\nDifficult\u00e9 de construction : <span class=\"sw-acf-field-label label-field_5dcad304d99f3\">Avanc\u00e9<\/span><br \/>\nDemande de vol : a<span class=\"sw-acf-field-label label-field_5dcbcb97699d1\">vanc\u00e9<\/span><\/p>\n<div style=\"text-align:left\" class=\"wps-pgfw-pdf-generate-icon__wrapper-frontend\">\n\t\t<a href=\"https:\/\/www.speedmodels.ch\/fr\/wp-json\/wp\/v2\/product\/20095\/?action=genpdf&amp;id=20095\" class=\"pgfw-single-pdf-download-button\" target=_blank><img src=\"https:\/\/speedmodels.ch\/wp-content\/uploads\/2021\/09\/pdf_icon.png\" title=\"G\u00e9n\u00e9rer un PDF\" style=\"width:auto; height:45px;\"><\/a>\n\t\t<\/div>","protected":false},"excerpt":{"rendered":"<p>Pepper est un mod\u00e8le de vol rapide pour chaque exp\u00e9rience de pilote. En raison de son profil de surface, le mod\u00e8le peut \u00eatre pilot\u00e9 tr\u00e8s rapidement, mais aussi mod\u00e9r\u00e9ment. La plage de vitesse est tr\u00e8s large. Les ailes sont construites en nervures puis enti\u00e8rement en planches. Le mod\u00e8le complet est construit \u00e0 partir de pi\u00e8ces [&hellip;]<\/p>\n","protected":false},"featured_media":9606,"template":"","meta":[],"product_brand":[],"product_cat":[1652,1710,1721,1653],"product_tag":[],"class_list":{"0":"post-20095","1":"product","2":"type-product","3":"status-publish","4":"has-post-thumbnail","6":"product_cat-avions-fr","7":"product_cat-modeles","8":"product_cat-modeles-de-vol-electriques","9":"product_cat-modeles-telecommandes","11":"first","12":"instock","13":"shipping-taxable","14":"product-type-simple"},"_links":{"self":[{"href":"https:\/\/www.speedmodels.ch\/fr\/wp-json\/wp\/v2\/product\/20095","targetHints":{"allow":["GET"]}}],"collection":[{"href":"https:\/\/www.speedmodels.ch\/fr\/wp-json\/wp\/v2\/product"}],"about":[{"href":"https:\/\/www.speedmodels.ch\/fr\/wp-json\/wp\/v2\/types\/product"}],"version-history":[{"count":0,"href":"https:\/\/www.speedmodels.ch\/fr\/wp-json\/wp\/v2\/product\/20095\/revisions"}],"wp:featuredmedia":[{"embeddable":true,"href":"https:\/\/www.speedmodels.ch\/fr\/wp-json\/wp\/v2\/media\/9606"}],"wp:attachment":[{"href":"https:\/\/www.speedmodels.ch\/fr\/wp-json\/wp\/v2\/media?parent=20095"}],"wp:term":[{"taxonomy":"product_brand","embeddable":true,"href":"https:\/\/www.speedmodels.ch\/fr\/wp-json\/wp\/v2\/product_brand?post=20095"},{"taxonomy":"product_cat","embeddable":true,"href":"https:\/\/www.speedmodels.ch\/fr\/wp-json\/wp\/v2\/product_cat?post=20095"},{"taxonomy":"product_tag","embeddable":true,"href":"https:\/\/www.speedmodels.ch\/fr\/wp-json\/wp\/v2\/product_tag?post=20095"}],"curies":[{"name":"wp","href":"https:\/\/api.w.org\/{rel}","templated":true}]}}