{"id":20094,"date":"2021-11-03T14:29:59","date_gmt":"2021-11-03T14:29:59","guid":{"rendered":"https:\/\/www.speedmodels.ch\/produkte\/unkategorisiert\/rocky\/"},"modified":"2023-02-06T14:34:53","modified_gmt":"2023-02-06T14:34:53","slug":"rocky","status":"publish","type":"product","link":"https:\/\/www.speedmodels.ch\/fr\/produits\/modeles\/avions-fr\/modeles-telecommandes\/planeurs-electriques\/rocky\/","title":{"rendered":"Rocky"},"content":{"rendered":"<p>Un petit planeur \u00e9lectrique en construction en bois, pour les d\u00e9butants et pour un vol confortable entre les deux. Le mod\u00e8le est livr\u00e9 pr\u00e9monter et il suffit de le couvrir, de monter le variateur et la t\u00e9l\u00e9commande, et le plaisir du vol peut commencer.<br \/>\n<span class=\"sw-acf-field-label label-field_5dcad304d99f3\">Niveau<\/span> de difficult\u00e9 de construction: d\u00e9butants<br \/>\n<span class=\"sw-acf-field-label label-field_5dcbcb97699d1\">Demande<\/span> de vol: d\u00e9butant<\/p>\n<div style=\"text-align:left\" class=\"wps-pgfw-pdf-generate-icon__wrapper-frontend\">\n\t\t<a href=\"https:\/\/www.speedmodels.ch\/fr\/wp-json\/wp\/v2\/product\/20094\/?action=genpdf&amp;id=20094\" class=\"pgfw-single-pdf-download-button\" target=_blank><img src=\"https:\/\/speedmodels.ch\/wp-content\/uploads\/2021\/09\/pdf_icon.png\" title=\"G\u00e9n\u00e9rer un PDF\" style=\"width:auto; height:45px;\"><\/a>\n\t\t<\/div>","protected":false},"excerpt":{"rendered":"<p>Un petit planeur \u00e9lectrique en construction en bois, pour les d\u00e9butants et pour un vol confortable entre les deux. Le mod\u00e8le est livr\u00e9 pr\u00e9monter et il suffit de le couvrir, de monter le variateur et la t\u00e9l\u00e9commande, et le plaisir du vol peut commencer. Niveau de difficult\u00e9 de construction: d\u00e9butants Demande de vol: d\u00e9butant<\/p>\n","protected":false},"featured_media":9635,"template":"","meta":[],"product_brand":[],"product_cat":[1652,1711,1710,1653,1655],"product_tag":[],"class_list":{"0":"post-20094","1":"product","2":"type-product","3":"status-publish","4":"has-post-thumbnail","6":"product_cat-avions-fr","7":"product_cat-jeunesse","8":"product_cat-modeles","9":"product_cat-modeles-telecommandes","10":"product_cat-planeurs-electriques","12":"first","13":"instock","14":"shipping-taxable","15":"product-type-simple"},"_links":{"self":[{"href":"https:\/\/www.speedmodels.ch\/fr\/wp-json\/wp\/v2\/product\/20094","targetHints":{"allow":["GET"]}}],"collection":[{"href":"https:\/\/www.speedmodels.ch\/fr\/wp-json\/wp\/v2\/product"}],"about":[{"href":"https:\/\/www.speedmodels.ch\/fr\/wp-json\/wp\/v2\/types\/product"}],"version-history":[{"count":0,"href":"https:\/\/www.speedmodels.ch\/fr\/wp-json\/wp\/v2\/product\/20094\/revisions"}],"wp:featuredmedia":[{"embeddable":true,"href":"https:\/\/www.speedmodels.ch\/fr\/wp-json\/wp\/v2\/media\/9635"}],"wp:attachment":[{"href":"https:\/\/www.speedmodels.ch\/fr\/wp-json\/wp\/v2\/media?parent=20094"}],"wp:term":[{"taxonomy":"product_brand","embeddable":true,"href":"https:\/\/www.speedmodels.ch\/fr\/wp-json\/wp\/v2\/product_brand?post=20094"},{"taxonomy":"product_cat","embeddable":true,"href":"https:\/\/www.speedmodels.ch\/fr\/wp-json\/wp\/v2\/product_cat?post=20094"},{"taxonomy":"product_tag","embeddable":true,"href":"https:\/\/www.speedmodels.ch\/fr\/wp-json\/wp\/v2\/product_tag?post=20094"}],"curies":[{"name":"wp","href":"https:\/\/api.w.org\/{rel}","templated":true}]}}