{"id":20093,"date":"2021-11-03T10:32:07","date_gmt":"2021-11-03T10:32:07","guid":{"rendered":"https:\/\/www.speedmodels.ch\/produkte\/unkategorisiert\/starfly\/"},"modified":"2023-02-06T12:36:07","modified_gmt":"2023-02-06T12:36:07","slug":"starfly","status":"publish","type":"product","link":"https:\/\/www.speedmodels.ch\/fr\/produits\/modeles\/avions-fr\/modeles-telecommandes\/planeurs-electriques\/starfly\/","title":{"rendered":"Starfly"},"content":{"rendered":"<p>Starfly est un planeur \u00e9lectrique d&rsquo;une envergure de 2 500 mm. Le mod\u00e8le est \u00e9galement clairement visible de loin, vous vous aventurez donc litt\u00e9ralement dans de nouvelles r\u00e9gions. L&rsquo;installation de spoilers est fortement recommand\u00e9e &#8211; une suggestion est indiqu\u00e9e dans le plan de construction. Le mod\u00e8le est construit \u00e0 partir d&rsquo;un kit. Les pi\u00e8ces en bois pour les ailes et la queue sont estamp\u00e9es et assembl\u00e9es selon le plan. La coque est en GRP de couleur blanche et doit encore \u00eatre retir\u00e9e.<br \/>\nLe kit contient:<br \/>\ninstructions de construction d\u00e9taill\u00e9es avec photos de l&rsquo;\u00e9tape de construction en allemand, anglais et fran\u00e7ais, plan de construction d\u00e9taill\u00e9 et clair avec installation RC , fuselage GRP de couleur blanche avec auvent ABS, toutes les pi\u00e8ces pr\u00e9fabriqu\u00e9es ou d\u00e9coup\u00e9es en balsa et contreplaqu\u00e9, petits pi\u00e8ces.<\/p>\n<div id=\"field_5dcad304d99f3\" class=\"type-text vc_sw-acf vc_sw-align-left field_5dcad304d99f3\"><span class=\"sw-acf-field-label label-field_5dcad304d99f3\">Niveau<\/span> de difficult\u00e9 de construction: d\u00e9butants<\/div>\n<div id=\"field_5dcbcb97699d1\" class=\"type-text vc_sw-acf vc_sw-align-left field_5dcbcb97699d1\"><span class=\"sw-acf-field-label label-field_5dcbcb97699d1\">Demande<\/span> de vol: d\u00e9butant<\/div>\n<div style=\"text-align:left\" class=\"wps-pgfw-pdf-generate-icon__wrapper-frontend\">\n\t\t<a href=\"https:\/\/www.speedmodels.ch\/fr\/wp-json\/wp\/v2\/product\/20093\/?action=genpdf&amp;id=20093\" class=\"pgfw-single-pdf-download-button\" target=_blank><img src=\"https:\/\/speedmodels.ch\/wp-content\/uploads\/2021\/09\/pdf_icon.png\" title=\"G\u00e9n\u00e9rer un PDF\" style=\"width:auto; height:45px;\"><\/a>\n\t\t<\/div>","protected":false},"excerpt":{"rendered":"<p>Starfly est un planeur \u00e9lectrique d&rsquo;une envergure de 2 500 mm. Le mod\u00e8le est \u00e9galement clairement visible de loin, vous vous aventurez donc litt\u00e9ralement dans de nouvelles r\u00e9gions. L&rsquo;installation de spoilers est fortement recommand\u00e9e &#8211; une suggestion est indiqu\u00e9e dans le plan de construction. Le mod\u00e8le est construit \u00e0 partir d&rsquo;un kit. Les pi\u00e8ces en [&hellip;]<\/p>\n","protected":false},"featured_media":9583,"template":"","meta":[],"product_brand":[],"product_cat":[1652,1710,1653,1655],"product_tag":[],"class_list":{"0":"post-20093","1":"product","2":"type-product","3":"status-publish","4":"has-post-thumbnail","6":"product_cat-avions-fr","7":"product_cat-modeles","8":"product_cat-modeles-telecommandes","9":"product_cat-planeurs-electriques","11":"first","12":"instock","13":"shipping-taxable","14":"product-type-simple"},"_links":{"self":[{"href":"https:\/\/www.speedmodels.ch\/fr\/wp-json\/wp\/v2\/product\/20093","targetHints":{"allow":["GET"]}}],"collection":[{"href":"https:\/\/www.speedmodels.ch\/fr\/wp-json\/wp\/v2\/product"}],"about":[{"href":"https:\/\/www.speedmodels.ch\/fr\/wp-json\/wp\/v2\/types\/product"}],"version-history":[{"count":0,"href":"https:\/\/www.speedmodels.ch\/fr\/wp-json\/wp\/v2\/product\/20093\/revisions"}],"wp:featuredmedia":[{"embeddable":true,"href":"https:\/\/www.speedmodels.ch\/fr\/wp-json\/wp\/v2\/media\/9583"}],"wp:attachment":[{"href":"https:\/\/www.speedmodels.ch\/fr\/wp-json\/wp\/v2\/media?parent=20093"}],"wp:term":[{"taxonomy":"product_brand","embeddable":true,"href":"https:\/\/www.speedmodels.ch\/fr\/wp-json\/wp\/v2\/product_brand?post=20093"},{"taxonomy":"product_cat","embeddable":true,"href":"https:\/\/www.speedmodels.ch\/fr\/wp-json\/wp\/v2\/product_cat?post=20093"},{"taxonomy":"product_tag","embeddable":true,"href":"https:\/\/www.speedmodels.ch\/fr\/wp-json\/wp\/v2\/product_tag?post=20093"}],"curies":[{"name":"wp","href":"https:\/\/api.w.org\/{rel}","templated":true}]}}