{"id":20092,"date":"2022-09-19T07:43:18","date_gmt":"2022-09-19T07:43:18","guid":{"rendered":"https:\/\/www.speedmodels.ch\/produkte\/unkategorisiert\/nez-dhelice-de-precsision-2-pales-50-12-mm\/"},"modified":"2022-09-19T07:43:18","modified_gmt":"2022-09-19T07:43:18","slug":"nez-dhelice-de-precsision-2-pales-50-12-mm","status":"publish","type":"product","link":"https:\/\/www.speedmodels.ch\/fr\/produits\/accessoires\/pour-avions\/accessoires-helices\/nez-dhelice\/nez-dhelice-pour-2-pales\/nez-dhelice-de-precsision-2-pales-50-12-mm\/","title":{"rendered":"Nez d&rsquo;h\u00e9lice de pr\u00e9csision 2-pales 50 \/ 12 mm"},"content":{"rendered":"<p>Nez d&rsquo;h\u00e9lice de pr\u00e9csision 2-pales \u00d8 50 mm<\/p>\n<p>Le set contient:<\/p>\n<ul>\n<li>Nez d&rsquo;h\u00e9lice de pr\u00e9cision avec plaque de base en alu<\/li>\n<li>Capuchon blanc<\/li>\n<\/ul>\n<p>C\u00f4nes de serrages assortis: 7124-48 axe de moteur 8 mm \/ 7124-49 axe de moteur 10 mm<\/p>\n<p>moyeau assorti: 7242-64 moyeau porte pales en alu 52 mm \/ 0\u00b0<\/p>\n<p>&nbsp;<\/p>\n<div style=\"text-align:left\" class=\"wps-pgfw-pdf-generate-icon__wrapper-frontend\">\n\t\t<a href=\"https:\/\/www.speedmodels.ch\/fr\/wp-json\/wp\/v2\/product\/20092\/?action=genpdf&amp;id=20092\" class=\"pgfw-single-pdf-download-button\" target=_blank><img src=\"https:\/\/speedmodels.ch\/wp-content\/uploads\/2021\/09\/pdf_icon.png\" title=\"G\u00e9n\u00e9rer un PDF\" style=\"width:auto; height:45px;\"><\/a>\n\t\t<\/div>","protected":false},"excerpt":{"rendered":"<p>Nez d&rsquo;h\u00e9lice de pr\u00e9csision 2-pales \u00d8 50 mm Le set contient: Nez d&rsquo;h\u00e9lice de pr\u00e9cision avec plaque de base en alu Capuchon blanc C\u00f4nes de serrages assortis: 7124-48 axe de moteur 8 mm \/ 7124-49 axe de moteur 10 mm moyeau assorti: 7242-64 moyeau porte pales en alu 52 mm \/ 0\u00b0 &nbsp;<\/p>\n","protected":false},"featured_media":12994,"template":"","meta":[],"product_brand":[],"product_cat":[1518,1601,1602,1603,1519],"product_tag":[],"class_list":{"0":"post-20092","1":"product","2":"type-product","3":"status-publish","4":"has-post-thumbnail","6":"product_cat-accessoires","7":"product_cat-accessoires-helices","8":"product_cat-nez-dhelice","9":"product_cat-nez-dhelice-pour-2-pales","10":"product_cat-pour-avions","12":"first","13":"instock","14":"shipping-taxable","15":"product-type-simple"},"_links":{"self":[{"href":"https:\/\/www.speedmodels.ch\/fr\/wp-json\/wp\/v2\/product\/20092","targetHints":{"allow":["GET"]}}],"collection":[{"href":"https:\/\/www.speedmodels.ch\/fr\/wp-json\/wp\/v2\/product"}],"about":[{"href":"https:\/\/www.speedmodels.ch\/fr\/wp-json\/wp\/v2\/types\/product"}],"version-history":[{"count":0,"href":"https:\/\/www.speedmodels.ch\/fr\/wp-json\/wp\/v2\/product\/20092\/revisions"}],"wp:featuredmedia":[{"embeddable":true,"href":"https:\/\/www.speedmodels.ch\/fr\/wp-json\/wp\/v2\/media\/12994"}],"wp:attachment":[{"href":"https:\/\/www.speedmodels.ch\/fr\/wp-json\/wp\/v2\/media?parent=20092"}],"wp:term":[{"taxonomy":"product_brand","embeddable":true,"href":"https:\/\/www.speedmodels.ch\/fr\/wp-json\/wp\/v2\/product_brand?post=20092"},{"taxonomy":"product_cat","embeddable":true,"href":"https:\/\/www.speedmodels.ch\/fr\/wp-json\/wp\/v2\/product_cat?post=20092"},{"taxonomy":"product_tag","embeddable":true,"href":"https:\/\/www.speedmodels.ch\/fr\/wp-json\/wp\/v2\/product_tag?post=20092"}],"curies":[{"name":"wp","href":"https:\/\/api.w.org\/{rel}","templated":true}]}}