{"id":20024,"date":"2022-09-15T12:24:34","date_gmt":"2022-09-15T12:24:34","guid":{"rendered":"https:\/\/www.speedmodels.ch\/produkte\/unkategorisiert\/cone-de-precision-cn-30-5-00-mm\/"},"modified":"2022-09-15T12:24:34","modified_gmt":"2022-09-15T12:24:34","slug":"cone-de-precision-cn-30-5-00-mm","status":"publish","type":"product","link":"https:\/\/www.speedmodels.ch\/fr\/produits\/accessoires\/pour-avions\/accessoires-helices\/nez-dhelice\/nez-dhelice-pour-2-pales\/cone-de-precision-cn-30-5-00-mm\/","title":{"rendered":"C\u00f4ne de pr\u00e9cision CN 30 \/ 5.00 mm"},"content":{"rendered":"<p>C\u00f4ne de pr\u00e9cision CN (Cool Nose) Turbo spinner en \u00d8 30, refroidissement int\u00e9gr\u00e9.<\/p>\n<ul>\n<li>C\u00f4ne de pr\u00e9cision CN avec moyeau sp\u00e9cial<\/li>\n<li>Capuchon en plastique blanc<\/li>\n<li>C\u00f4ne de serrage M8 pour axe de moteur 5,0 mm<\/li>\n<\/ul>\n<div style=\"text-align:left\" class=\"wps-pgfw-pdf-generate-icon__wrapper-frontend\">\n\t\t<a href=\"https:\/\/www.speedmodels.ch\/fr\/wp-json\/wp\/v2\/product\/20024\/?action=genpdf&amp;id=20024\" class=\"pgfw-single-pdf-download-button\" target=_blank><img src=\"https:\/\/speedmodels.ch\/wp-content\/uploads\/2021\/09\/pdf_icon.png\" title=\"G\u00e9n\u00e9rer un PDF\" style=\"width:auto; height:45px;\"><\/a>\n\t\t<\/div>","protected":false},"excerpt":{"rendered":"<p>C\u00f4ne de pr\u00e9cision CN (Cool Nose) Turbo spinner en \u00d8 30, refroidissement int\u00e9gr\u00e9. C\u00f4ne de pr\u00e9cision CN avec moyeau sp\u00e9cial Capuchon en plastique blanc C\u00f4ne de serrage M8 pour axe de moteur 5,0 mm<\/p>\n","protected":false},"featured_media":12994,"template":"","meta":[],"product_brand":[],"product_cat":[1518,1601,1602,1603,1519],"product_tag":[],"class_list":{"0":"post-20024","1":"product","2":"type-product","3":"status-publish","4":"has-post-thumbnail","6":"product_cat-accessoires","7":"product_cat-accessoires-helices","8":"product_cat-nez-dhelice","9":"product_cat-nez-dhelice-pour-2-pales","10":"product_cat-pour-avions","12":"first","13":"instock","14":"shipping-taxable","15":"product-type-simple"},"_links":{"self":[{"href":"https:\/\/www.speedmodels.ch\/fr\/wp-json\/wp\/v2\/product\/20024","targetHints":{"allow":["GET"]}}],"collection":[{"href":"https:\/\/www.speedmodels.ch\/fr\/wp-json\/wp\/v2\/product"}],"about":[{"href":"https:\/\/www.speedmodels.ch\/fr\/wp-json\/wp\/v2\/types\/product"}],"version-history":[{"count":0,"href":"https:\/\/www.speedmodels.ch\/fr\/wp-json\/wp\/v2\/product\/20024\/revisions"}],"wp:featuredmedia":[{"embeddable":true,"href":"https:\/\/www.speedmodels.ch\/fr\/wp-json\/wp\/v2\/media\/12994"}],"wp:attachment":[{"href":"https:\/\/www.speedmodels.ch\/fr\/wp-json\/wp\/v2\/media?parent=20024"}],"wp:term":[{"taxonomy":"product_brand","embeddable":true,"href":"https:\/\/www.speedmodels.ch\/fr\/wp-json\/wp\/v2\/product_brand?post=20024"},{"taxonomy":"product_cat","embeddable":true,"href":"https:\/\/www.speedmodels.ch\/fr\/wp-json\/wp\/v2\/product_cat?post=20024"},{"taxonomy":"product_tag","embeddable":true,"href":"https:\/\/www.speedmodels.ch\/fr\/wp-json\/wp\/v2\/product_tag?post=20024"}],"curies":[{"name":"wp","href":"https:\/\/api.w.org\/{rel}","templated":true}]}}