{"id":20007,"date":"2022-09-22T08:34:52","date_gmt":"2022-09-22T08:34:52","guid":{"rendered":"https:\/\/www.speedmodels.ch\/produkte\/unkategorisiert\/moyeau-porte-pales-en-alu-47-8mm-5-2\/"},"modified":"2022-09-22T08:34:52","modified_gmt":"2022-09-22T08:34:52","slug":"moyeau-porte-pales-en-alu-47-8mm-5-2","status":"publish","type":"product","link":"https:\/\/www.speedmodels.ch\/fr\/produits\/accessoires\/pour-avions\/accessoires-helices\/moyeaux\/moyeau-porte-pales-en-alu-47-8mm-5-2\/","title":{"rendered":"Moyeau porte pales en alu 47\/8mm \/ +5\u00b0"},"content":{"rendered":"<p><strong>Moyeau porte pales en alu, pour 2-pales +5\u00b0<\/strong><\/p>\n<p>A utiliser avec des h\u00e9lices repliables. Veuillez respecter les dimensions suivantes afin de pouvoir utiliser les c\u00f4nes de serrage et les pales d&rsquo;h\u00e9lice repliables corrects:<\/p>\n<p>Entraxe d = 47 mm<\/p>\n<p>Racinde de pales b = 8 mm<\/p>\n<p>C\u00f4ne de serrage K = 8 mm<\/p>\n<div style=\"text-align:left\" class=\"wps-pgfw-pdf-generate-icon__wrapper-frontend\">\n\t\t<a href=\"https:\/\/www.speedmodels.ch\/fr\/wp-json\/wp\/v2\/product\/20007\/?action=genpdf&amp;id=20007\" class=\"pgfw-single-pdf-download-button\" target=_blank><img src=\"https:\/\/speedmodels.ch\/wp-content\/uploads\/2021\/09\/pdf_icon.png\" title=\"G\u00e9n\u00e9rer un PDF\" style=\"width:auto; height:45px;\"><\/a>\n\t\t<\/div>","protected":false},"excerpt":{"rendered":"<p>Moyeau porte pales en alu, pour 2-pales +5\u00b0 A utiliser avec des h\u00e9lices repliables. Veuillez respecter les dimensions suivantes afin de pouvoir utiliser les c\u00f4nes de serrage et les pales d&rsquo;h\u00e9lice repliables corrects: Entraxe d = 47 mm Racinde de pales b = 8 mm C\u00f4ne de serrage K = 8 mm<\/p>\n","protected":false},"featured_media":13107,"template":"","meta":[],"product_brand":[],"product_cat":[1518,1601,1723,1519],"product_tag":[],"class_list":{"0":"post-20007","1":"product","2":"type-product","3":"status-publish","4":"has-post-thumbnail","6":"product_cat-accessoires","7":"product_cat-accessoires-helices","8":"product_cat-moyeaux","9":"product_cat-pour-avions","11":"first","12":"instock","13":"shipping-taxable","14":"product-type-simple"},"_links":{"self":[{"href":"https:\/\/www.speedmodels.ch\/fr\/wp-json\/wp\/v2\/product\/20007","targetHints":{"allow":["GET"]}}],"collection":[{"href":"https:\/\/www.speedmodels.ch\/fr\/wp-json\/wp\/v2\/product"}],"about":[{"href":"https:\/\/www.speedmodels.ch\/fr\/wp-json\/wp\/v2\/types\/product"}],"version-history":[{"count":0,"href":"https:\/\/www.speedmodels.ch\/fr\/wp-json\/wp\/v2\/product\/20007\/revisions"}],"wp:featuredmedia":[{"embeddable":true,"href":"https:\/\/www.speedmodels.ch\/fr\/wp-json\/wp\/v2\/media\/13107"}],"wp:attachment":[{"href":"https:\/\/www.speedmodels.ch\/fr\/wp-json\/wp\/v2\/media?parent=20007"}],"wp:term":[{"taxonomy":"product_brand","embeddable":true,"href":"https:\/\/www.speedmodels.ch\/fr\/wp-json\/wp\/v2\/product_brand?post=20007"},{"taxonomy":"product_cat","embeddable":true,"href":"https:\/\/www.speedmodels.ch\/fr\/wp-json\/wp\/v2\/product_cat?post=20007"},{"taxonomy":"product_tag","embeddable":true,"href":"https:\/\/www.speedmodels.ch\/fr\/wp-json\/wp\/v2\/product_tag?post=20007"}],"curies":[{"name":"wp","href":"https:\/\/api.w.org\/{rel}","templated":true}]}}