{"id":19987,"date":"2022-09-22T08:59:21","date_gmt":"2022-09-22T08:59:21","guid":{"rendered":"https:\/\/www.speedmodels.ch\/produkte\/unkategorisiert\/moyeau-porte-pales-en-alu-42-8mm-0\/"},"modified":"2022-09-22T08:59:21","modified_gmt":"2022-09-22T08:59:21","slug":"moyeau-porte-pales-en-alu-42-8mm-0","status":"publish","type":"product","link":"https:\/\/www.speedmodels.ch\/fr\/produits\/accessoires\/pour-avions\/accessoires-helices\/moyeaux\/moyeau-porte-pales-en-alu-42-8mm-0\/","title":{"rendered":"Moyeau porte pales en alu 42\/8mm \/ 0\u00b0"},"content":{"rendered":"<p><strong>Moyeau porte pales en alu, pour 3-pales 0\u00b0<\/strong><\/p>\n<p>En tant que d\u00e9veloppement ult\u00e9rieur des pi\u00e8ces interm\u00e9diaires aero-naut, nous vous pr\u00e9sentons la pi\u00e8ce interm\u00e9diaire \u00e0 <b>3 pales en aluminium<\/b> \u00e0 utiliser avec nos h\u00e9lices repliables CAMcarbon ou toutes les h\u00e9lices repliables correspondantes avec porte-pales de 8 mm.<\/p>\n<p>Veuillez respecter les dimensions suivantes afin de pouvoir utiliser les c\u00f4nes de serrage et les pales d&rsquo;h\u00e9lice repliables corrects:<\/p>\n<p>Entraxe d = 42 mm<\/p>\n<p>Racinde de pales b = 8 mm<\/p>\n<p>C\u00f4ne de serrage K = 8 mm<\/p>\n<div style=\"text-align:left\" class=\"wps-pgfw-pdf-generate-icon__wrapper-frontend\">\n\t\t<a href=\"https:\/\/www.speedmodels.ch\/fr\/wp-json\/wp\/v2\/product\/19987\/?action=genpdf&amp;id=19987\" class=\"pgfw-single-pdf-download-button\" target=_blank><img src=\"https:\/\/speedmodels.ch\/wp-content\/uploads\/2021\/09\/pdf_icon.png\" title=\"G\u00e9n\u00e9rer un PDF\" style=\"width:auto; height:45px;\"><\/a>\n\t\t<\/div>","protected":false},"excerpt":{"rendered":"<p>Moyeau porte pales en alu, pour 3-pales 0\u00b0 En tant que d\u00e9veloppement ult\u00e9rieur des pi\u00e8ces interm\u00e9diaires aero-naut, nous vous pr\u00e9sentons la pi\u00e8ce interm\u00e9diaire \u00e0 3 pales en aluminium \u00e0 utiliser avec nos h\u00e9lices repliables CAMcarbon ou toutes les h\u00e9lices repliables correspondantes avec porte-pales de 8 mm. Veuillez respecter les dimensions suivantes afin de pouvoir utiliser [&hellip;]<\/p>\n","protected":false},"featured_media":13111,"template":"","meta":[],"product_brand":[],"product_cat":[1518,1601,1723,1519],"product_tag":[],"class_list":{"0":"post-19987","1":"product","2":"type-product","3":"status-publish","4":"has-post-thumbnail","6":"product_cat-accessoires","7":"product_cat-accessoires-helices","8":"product_cat-moyeaux","9":"product_cat-pour-avions","11":"first","12":"instock","13":"shipping-taxable","14":"product-type-simple"},"_links":{"self":[{"href":"https:\/\/www.speedmodels.ch\/fr\/wp-json\/wp\/v2\/product\/19987","targetHints":{"allow":["GET"]}}],"collection":[{"href":"https:\/\/www.speedmodels.ch\/fr\/wp-json\/wp\/v2\/product"}],"about":[{"href":"https:\/\/www.speedmodels.ch\/fr\/wp-json\/wp\/v2\/types\/product"}],"version-history":[{"count":0,"href":"https:\/\/www.speedmodels.ch\/fr\/wp-json\/wp\/v2\/product\/19987\/revisions"}],"wp:featuredmedia":[{"embeddable":true,"href":"https:\/\/www.speedmodels.ch\/fr\/wp-json\/wp\/v2\/media\/13111"}],"wp:attachment":[{"href":"https:\/\/www.speedmodels.ch\/fr\/wp-json\/wp\/v2\/media?parent=19987"}],"wp:term":[{"taxonomy":"product_brand","embeddable":true,"href":"https:\/\/www.speedmodels.ch\/fr\/wp-json\/wp\/v2\/product_brand?post=19987"},{"taxonomy":"product_cat","embeddable":true,"href":"https:\/\/www.speedmodels.ch\/fr\/wp-json\/wp\/v2\/product_cat?post=19987"},{"taxonomy":"product_tag","embeddable":true,"href":"https:\/\/www.speedmodels.ch\/fr\/wp-json\/wp\/v2\/product_tag?post=19987"}],"curies":[{"name":"wp","href":"https:\/\/api.w.org\/{rel}","templated":true}]}}