{"id":19956,"date":"2021-11-15T15:34:58","date_gmt":"2021-11-15T15:34:58","guid":{"rendered":"https:\/\/www.speedmodels.ch\/produkte\/unkategorisiert\/cessna-185-skywagon\/"},"modified":"2023-02-06T12:47:43","modified_gmt":"2023-02-06T12:47:43","slug":"cessna-185-skywagon","status":"publish","type":"product","link":"https:\/\/www.speedmodels.ch\/fr\/produits\/modeles\/avions-fr\/modeles-telecommandes\/modeles-a-moteur-thermique\/cessna-185-skywagon\/","title":{"rendered":"Cessna 185 Skywagon"},"content":{"rendered":"<p>Les avions porteurs d\u2019hommes ont leur propre charme lorsqu\u2019ils sont mod\u00e9lis\u00e9s Il en va de m\u00eame pour notre r\u00e9plique du Cessna 185, surnomm\u00e9 \u00ab\u00a0Skywagon\u00a0\u00bb en raison de sa capacit\u00e9 de transport pouvant accueillir jusqu&rsquo;\u00e0 6 personnes. L&rsquo;original avait eu son premier vol en 1960 et avait \u00e9t\u00e9 construit jusqu&rsquo;en 1981. Au total, environ 6 200 pi\u00e8ces de ce mod\u00e8le ont \u00e9t\u00e9 livr\u00e9es. Notre mod\u00e8le a \u00e9t\u00e9 con\u00e7u avec une port\u00e9e d&rsquo;un peu moins de deux m\u00e8tres sur une \u00e9chelle d&rsquo;environ 1: 5,5. La taille a \u00e9t\u00e9 d\u00e9lib\u00e9r\u00e9ment choisie pour cr\u00e9er \u00e0 la fois des dimensions pratiques et un mod\u00e8le volumineux. La construction du mod\u00e8le est compl\u00e8tement en bois. Toutes les pi\u00e8ces ont \u00e9t\u00e9 con\u00e7ues avec pr\u00e9cision et d\u00e9coup\u00e9es au laser. La coque est principalement faite de contreplaqu\u00e9 solide et convient bien aux moteurs \u00e0 combustion ainsi qu&rsquo;aux entra\u00eenements \u00e9lectriques. Les ailes sont construites \u00e0 partir d\u2019une combinaison solide de contreplaqu\u00e9 et de balsa et sont enti\u00e8rement recouvertes de planches, ce qui leur conf\u00e8re une stabilit\u00e9 et une r\u00e9sistance \u00e0 la torsion extraordinaires. Comme l&rsquo;original, le mod\u00e8le comporte de grands rabats qui peuvent \u00eatre rabattus \u00e0 90\u00b0 \u00e0 l&rsquo;aide de charni\u00e8res sp\u00e9ciales. Cela facilite l&rsquo;atterrissage sur des a\u00e9rodromes plus petits. Toutes les surfaces de gouvernail sont am\u00e9lior\u00e9es optiquement par un raidissement original fid\u00e8le. Les ch\u00e2ssis de fen\u00eatre sont install\u00e9s s\u00e9par\u00e9ment, les portes du cockpit sont d\u00e9j\u00e0 indiqu\u00e9es sur le fuselage. Pour l&rsquo;expansion du cockpit, des composants sont inclus dans un tableau de bord, ce qui donne au mod\u00e8le une apparence r\u00e9aliste. Le ch\u00e2ssis est en \u00e9poxy et est color\u00e9 en blanc dans le kit. Les pneus pneumatiques sont \u00e9galement inclus comme le train arri\u00e8re dirigeable. Pour la construction des pi\u00e8ces en bois, la cale et les gabarits sont inclus dans le kit, ce qui permettra une construction r\u00e9ussie m\u00eame avec une connaissance moins approfondie de la construction en bois. Un manuel de construction d\u00e9taill\u00e9 en style 3D montre chaque \u00e9tape de la construction et conduit ainsi \u00e0 un succ\u00e8s rapide.<br \/>\nLe kit contient:<br \/>\ntous les pi\u00e8ces en bois, d\u00e9coup\u00e9es au laser, tubes et joints, train d&rsquo;atterrissage en \u00e9poxy, pneus, train arri\u00e8re dirigeables, int\u00e9rieur de cockpit, vitre claire pour cockpit, petits pi\u00e8ces pour commandes, mat\u00e9riel pour le planch\u00e9iage, divers baguettes, aide de construction, instructions de montage en 3D.<br \/>\nDifficult\u00e9 de construction : <span class=\"sw-acf-field-label label-field_5dcad304d99f3\">Avanc\u00e9<\/span><br \/>\nDemande de vol : a<span class=\"sw-acf-field-label label-field_5dcbcb97699d1\">vanc\u00e9<\/span><\/p>\n<div style=\"text-align:left\" class=\"wps-pgfw-pdf-generate-icon__wrapper-frontend\">\n\t\t<a href=\"https:\/\/www.speedmodels.ch\/fr\/wp-json\/wp\/v2\/product\/19956\/?action=genpdf&amp;id=19956\" class=\"pgfw-single-pdf-download-button\" target=_blank><img src=\"https:\/\/speedmodels.ch\/wp-content\/uploads\/2021\/09\/pdf_icon.png\" title=\"G\u00e9n\u00e9rer un PDF\" style=\"width:auto; height:45px;\"><\/a>\n\t\t<\/div>","protected":false},"excerpt":{"rendered":"<p>Les avions porteurs d\u2019hommes ont leur propre charme lorsqu\u2019ils sont mod\u00e9lis\u00e9s Il en va de m\u00eame pour notre r\u00e9plique du Cessna 185, surnomm\u00e9 \u00ab\u00a0Skywagon\u00a0\u00bb en raison de sa capacit\u00e9 de transport pouvant accueillir jusqu&rsquo;\u00e0 6 personnes. L&rsquo;original avait eu son premier vol en 1960 et avait \u00e9t\u00e9 construit jusqu&rsquo;en 1981. Au total, environ 6 200 [&hellip;]<\/p>\n","protected":false},"featured_media":9681,"template":"","meta":[],"product_brand":[],"product_cat":[1652,1710,1722,1721,1653],"product_tag":[],"class_list":{"0":"post-19956","1":"product","2":"type-product","3":"status-publish","4":"has-post-thumbnail","6":"product_cat-avions-fr","7":"product_cat-modeles","8":"product_cat-modeles-a-moteur-thermique","9":"product_cat-modeles-de-vol-electriques","10":"product_cat-modeles-telecommandes","12":"first","13":"instock","14":"shipping-taxable","15":"product-type-simple"},"_links":{"self":[{"href":"https:\/\/www.speedmodels.ch\/fr\/wp-json\/wp\/v2\/product\/19956","targetHints":{"allow":["GET"]}}],"collection":[{"href":"https:\/\/www.speedmodels.ch\/fr\/wp-json\/wp\/v2\/product"}],"about":[{"href":"https:\/\/www.speedmodels.ch\/fr\/wp-json\/wp\/v2\/types\/product"}],"version-history":[{"count":0,"href":"https:\/\/www.speedmodels.ch\/fr\/wp-json\/wp\/v2\/product\/19956\/revisions"}],"wp:featuredmedia":[{"embeddable":true,"href":"https:\/\/www.speedmodels.ch\/fr\/wp-json\/wp\/v2\/media\/9681"}],"wp:attachment":[{"href":"https:\/\/www.speedmodels.ch\/fr\/wp-json\/wp\/v2\/media?parent=19956"}],"wp:term":[{"taxonomy":"product_brand","embeddable":true,"href":"https:\/\/www.speedmodels.ch\/fr\/wp-json\/wp\/v2\/product_brand?post=19956"},{"taxonomy":"product_cat","embeddable":true,"href":"https:\/\/www.speedmodels.ch\/fr\/wp-json\/wp\/v2\/product_cat?post=19956"},{"taxonomy":"product_tag","embeddable":true,"href":"https:\/\/www.speedmodels.ch\/fr\/wp-json\/wp\/v2\/product_tag?post=19956"}],"curies":[{"name":"wp","href":"https:\/\/api.w.org\/{rel}","templated":true}]}}