{"id":19951,"date":"2021-11-03T10:25:23","date_gmt":"2021-11-03T10:25:23","guid":{"rendered":"https:\/\/www.speedmodels.ch\/produkte\/unkategorisiert\/powerfly\/"},"modified":"2023-02-06T12:38:46","modified_gmt":"2023-02-06T12:38:46","slug":"powerfly","status":"publish","type":"product","link":"https:\/\/www.speedmodels.ch\/fr\/produits\/modeles\/avions-fr\/modeles-telecommandes\/planeurs-electriques\/powerfly\/","title":{"rendered":"Powerfly"},"content":{"rendered":"<p>Powerfly est un d\u00e9veloppement ult\u00e9rieur du Panafly 400 G. La raison de l&rsquo;introduction de ce mod\u00e8le r\u00e9side avant tout dans les performances de vol exceptionnelles de son pr\u00e9d\u00e9cesseur. L&rsquo;utilisation de nouveaux moteurs, engrenages et h\u00e9lices, un fuselage volumineux et l\u00e9ger en PRV, qui permet \u00e9galement l&rsquo;installation de moteurs 500 et 600 et le changement de batterie gr\u00e2ce \u00e0 la verri\u00e8re amovible, \u00e9largissent consid\u00e9rablement la gamme d&rsquo;applications du nouveau venu. Le fuselage a \u00e9t\u00e9 rallong\u00e9 de 15 mm, l&rsquo;aile a \u00e9t\u00e9 reprise sans modifications. Il est maintenant pr\u00eat \u00e0 monter, livr\u00e9 en 4 parties, ainsi que les \u00e9l\u00e9ments de profondeur et de gouvernail. Les co\u00fbts de construction ont ainsi \u00e9t\u00e9 consid\u00e9rablement r\u00e9duits. A\u00e9rodynamique presque sans compromis &#8211; par exemple le profil de l&rsquo;aile. Il est fourni avec le profil Selig-Donovan SD 3021. Le profil de base a \u00e9t\u00e9 \u00e9tir\u00e9 d&rsquo;une \u00e9paisseur de 9,5 % \u00e0 8 % (extr\u00e9mit\u00e9 d&rsquo;aile). Cela a r\u00e9duit le nombre critique de RE dans cette zone et, en conjonction avec les arches de bord, la tra\u00een\u00e9e induite. Il est \u00e9vident qu&rsquo;une surface aussi finement profil\u00e9e doit \u00eatre bord\u00e9e dans la zone du nez &#8211; avec un rapport d&rsquo;aspect de 12 \u00e9galement pour des raisons de r\u00e9sistance. En termes de vol, le Powerfly est un r\u00e9gal. Stabilit\u00e9 totale dans les cercles, tr\u00e8s bonne assertivit\u00e9, excellent vol en cross-country. En vol, il prend de la vitesse assez \u00e9lev\u00e9e sans augmenter sensiblement le taux de chute. Des vitesses de vent de 6-7 m\/sec ne le d\u00e9rangent pas. Pour s&rsquo;assurer que le mod\u00e8le revienne en toute s\u00e9curit\u00e9 de grandes hauteurs, l&rsquo;installation d&rsquo;a\u00e9rofreins est fortement recommand\u00e9e. Ceux-ci ont \u00e9t\u00e9 largement test\u00e9s et sont dessin\u00e9s en d\u00e9tail dans le plan de construction et d\u00e9crits en d\u00e9tail dans les instructions de construction. Les a\u00e9rofreins (en option) sont chacun contr\u00f4l\u00e9s par un micro servo et un c\u00e2ble Y. Le mod\u00e8le est contr\u00f4l\u00e9 via le gouvernail et la profondeur, tandis que le moteur est contr\u00f4l\u00e9 via un petit compte-tours avec BEC (au moins 1A !). L&rsquo;aile en deux parties est reli\u00e9e par un axe en acier \u00d8 4 mm, l&rsquo;assemblage sur le fuselage se fait avec deux goujons et deux vis plastiques. La verri\u00e8re, qui peut \u00eatre retir\u00e9e rapidement, garantit un acc\u00e8s libre au moteur, au contr\u00f4leur et au remplacement de la batterie. Le jury du \u00ab\u00a0Prix international du meilleur planeur RC de l&rsquo;ann\u00e9e\u00a0\u00bb a \u00e9galement \u00e9t\u00e9 impressionn\u00e9 par Powerfly, qui a d\u00e9cern\u00e9 \u00e0 Powerfly le prix convoit\u00e9 du mod\u00e8le de l&rsquo;ann\u00e9e en 2000.<br \/>\n<span class=\"sw-acf-field-label label-field_5dcad304d99f3\">Niveau<\/span> de difficult\u00e9 de construction: d\u00e9butants<br \/>\n<span class=\"sw-acf-field-label label-field_5dcbcb97699d1\">Demande<\/span> de vol: d\u00e9butant<\/p>\n<div style=\"text-align:left\" class=\"wps-pgfw-pdf-generate-icon__wrapper-frontend\">\n\t\t<a href=\"https:\/\/www.speedmodels.ch\/fr\/wp-json\/wp\/v2\/product\/19951\/?action=genpdf&amp;id=19951\" class=\"pgfw-single-pdf-download-button\" target=_blank><img src=\"https:\/\/speedmodels.ch\/wp-content\/uploads\/2021\/09\/pdf_icon.png\" title=\"G\u00e9n\u00e9rer un PDF\" style=\"width:auto; height:45px;\"><\/a>\n\t\t<\/div>","protected":false},"excerpt":{"rendered":"<p>Powerfly est un d\u00e9veloppement ult\u00e9rieur du Panafly 400 G. La raison de l&rsquo;introduction de ce mod\u00e8le r\u00e9side avant tout dans les performances de vol exceptionnelles de son pr\u00e9d\u00e9cesseur. L&rsquo;utilisation de nouveaux moteurs, engrenages et h\u00e9lices, un fuselage volumineux et l\u00e9ger en PRV, qui permet \u00e9galement l&rsquo;installation de moteurs 500 et 600 et le changement de [&hellip;]<\/p>\n","protected":false},"featured_media":9582,"template":"","meta":[],"product_brand":[],"product_cat":[1652,1710,1653,1655],"product_tag":[],"class_list":{"0":"post-19951","1":"product","2":"type-product","3":"status-publish","4":"has-post-thumbnail","6":"product_cat-avions-fr","7":"product_cat-modeles","8":"product_cat-modeles-telecommandes","9":"product_cat-planeurs-electriques","11":"first","12":"instock","13":"shipping-taxable","14":"product-type-simple"},"_links":{"self":[{"href":"https:\/\/www.speedmodels.ch\/fr\/wp-json\/wp\/v2\/product\/19951","targetHints":{"allow":["GET"]}}],"collection":[{"href":"https:\/\/www.speedmodels.ch\/fr\/wp-json\/wp\/v2\/product"}],"about":[{"href":"https:\/\/www.speedmodels.ch\/fr\/wp-json\/wp\/v2\/types\/product"}],"version-history":[{"count":0,"href":"https:\/\/www.speedmodels.ch\/fr\/wp-json\/wp\/v2\/product\/19951\/revisions"}],"wp:featuredmedia":[{"embeddable":true,"href":"https:\/\/www.speedmodels.ch\/fr\/wp-json\/wp\/v2\/media\/9582"}],"wp:attachment":[{"href":"https:\/\/www.speedmodels.ch\/fr\/wp-json\/wp\/v2\/media?parent=19951"}],"wp:term":[{"taxonomy":"product_brand","embeddable":true,"href":"https:\/\/www.speedmodels.ch\/fr\/wp-json\/wp\/v2\/product_brand?post=19951"},{"taxonomy":"product_cat","embeddable":true,"href":"https:\/\/www.speedmodels.ch\/fr\/wp-json\/wp\/v2\/product_cat?post=19951"},{"taxonomy":"product_tag","embeddable":true,"href":"https:\/\/www.speedmodels.ch\/fr\/wp-json\/wp\/v2\/product_tag?post=19951"}],"curies":[{"name":"wp","href":"https:\/\/api.w.org\/{rel}","templated":true}]}}