{"id":19950,"date":"2021-11-03T10:16:18","date_gmt":"2021-11-03T10:16:18","guid":{"rendered":"https:\/\/www.speedmodels.ch\/produkte\/unkategorisiert\/sailspeedy\/"},"modified":"2021-11-03T10:16:18","modified_gmt":"2021-11-03T10:16:18","slug":"sailspeedy","status":"publish","type":"product","link":"https:\/\/www.speedmodels.ch\/fr\/produits\/modeles\/avions-fr\/modeles-telecommandes\/planeurs\/sailspeedy\/","title":{"rendered":"Sailspeedy"},"content":{"rendered":"<p>Planeur de mod\u00e8le galb\u00e9 enti\u00e8rement en mousse dure. Excellentes caract\u00e9ristiques de vol en raison du faible poids et de la queue en V. La pr\u00e9fabrication pouss\u00e9e du mod\u00e8le garantit des temps de construction courts. Dans le fuselage et l&rsquo;aile, il y a m\u00eame des \u00e9videments pour les servos, les c\u00e2bles et les syst\u00e8mes RC. Un niveau \u00e9lev\u00e9 de r\u00e9sistance est atteint gr\u00e2ce \u00e0 des longerons suppl\u00e9mentaires en fibre de carbone pour le fuselage et l&rsquo;aile. Sailspeedy est pr\u00e9par\u00e9 pour le contr\u00f4le via 3 axes (aileron, profondeur, gouvernail), mais peut \u00e9galement \u00eatre pilot\u00e9 sans aucun gouvernail. Il est adapt\u00e9 au vol de pente et thermique.<br \/>\n<span class=\"sw-acf-field-label label-field_5dcad304d99f3\">Niveau<\/span> de difficult\u00e9 de construction:<br \/>\nDemande de vol : <span class=\"sw-acf-field-label label-field_5dcbcb97699d1\">Avanc\u00e9<\/span><\/p>\n<div style=\"text-align:left\" class=\"wps-pgfw-pdf-generate-icon__wrapper-frontend\">\n\t\t<a href=\"https:\/\/www.speedmodels.ch\/fr\/wp-json\/wp\/v2\/product\/19950\/?action=genpdf&amp;id=19950\" class=\"pgfw-single-pdf-download-button\" target=_blank><img src=\"https:\/\/speedmodels.ch\/wp-content\/uploads\/2021\/09\/pdf_icon.png\" title=\"G\u00e9n\u00e9rer un PDF\" style=\"width:auto; height:45px;\"><\/a>\n\t\t<\/div>","protected":false},"excerpt":{"rendered":"<p>Planeur de mod\u00e8le galb\u00e9 enti\u00e8rement en mousse dure. Excellentes caract\u00e9ristiques de vol en raison du faible poids et de la queue en V. La pr\u00e9fabrication pouss\u00e9e du mod\u00e8le garantit des temps de construction courts. Dans le fuselage et l&rsquo;aile, il y a m\u00eame des \u00e9videments pour les servos, les c\u00e2bles et les syst\u00e8mes RC. Un [&hellip;]<\/p>\n","protected":false},"featured_media":9581,"template":"","meta":[],"product_brand":[],"product_cat":[1652,1710,1653,1654],"product_tag":[],"class_list":{"0":"post-19950","1":"product","2":"type-product","3":"status-publish","4":"has-post-thumbnail","6":"product_cat-avions-fr","7":"product_cat-modeles","8":"product_cat-modeles-telecommandes","9":"product_cat-planeurs","11":"first","12":"instock","13":"shipping-taxable","14":"product-type-simple"},"_links":{"self":[{"href":"https:\/\/www.speedmodels.ch\/fr\/wp-json\/wp\/v2\/product\/19950","targetHints":{"allow":["GET"]}}],"collection":[{"href":"https:\/\/www.speedmodels.ch\/fr\/wp-json\/wp\/v2\/product"}],"about":[{"href":"https:\/\/www.speedmodels.ch\/fr\/wp-json\/wp\/v2\/types\/product"}],"version-history":[{"count":0,"href":"https:\/\/www.speedmodels.ch\/fr\/wp-json\/wp\/v2\/product\/19950\/revisions"}],"wp:featuredmedia":[{"embeddable":true,"href":"https:\/\/www.speedmodels.ch\/fr\/wp-json\/wp\/v2\/media\/9581"}],"wp:attachment":[{"href":"https:\/\/www.speedmodels.ch\/fr\/wp-json\/wp\/v2\/media?parent=19950"}],"wp:term":[{"taxonomy":"product_brand","embeddable":true,"href":"https:\/\/www.speedmodels.ch\/fr\/wp-json\/wp\/v2\/product_brand?post=19950"},{"taxonomy":"product_cat","embeddable":true,"href":"https:\/\/www.speedmodels.ch\/fr\/wp-json\/wp\/v2\/product_cat?post=19950"},{"taxonomy":"product_tag","embeddable":true,"href":"https:\/\/www.speedmodels.ch\/fr\/wp-json\/wp\/v2\/product_tag?post=19950"}],"curies":[{"name":"wp","href":"https:\/\/api.w.org\/{rel}","templated":true}]}}