{"id":19949,"date":"2021-11-03T10:11:40","date_gmt":"2021-11-03T10:11:40","guid":{"rendered":"https:\/\/www.speedmodels.ch\/produkte\/unkategorisiert\/aero-maxx\/"},"modified":"2023-02-06T12:38:58","modified_gmt":"2023-02-06T12:38:58","slug":"aero-maxx","status":"publish","type":"product","link":"https:\/\/www.speedmodels.ch\/fr\/produits\/modeles\/avions-fr\/modeles-telecommandes\/planeurs-electriques\/aero-maxx\/","title":{"rendered":"Aero-Maxx"},"content":{"rendered":"<p>L&rsquo;Aero-Maxx est un planeur \u00e9lectrique pratique en construction en bois, pr\u00eat \u00e0 \u00eatre construit, il suffit de le recouvrir et d&rsquo;installer l&rsquo;entra\u00eenement et la t\u00e9l\u00e9commande et le plaisir de voler peut commencer. Particuli\u00e8rement adapt\u00e9 aux d\u00e9butants en mod\u00e9lisme, mais aussi aux athl\u00e8tes de mod\u00e9lisme actifs. La verri\u00e8re facilement amovible vous donne un tr\u00e8s bon acc\u00e8s au variateur, la batterie et la t\u00e9l\u00e9commande. La carte servo pour les mini servos et les c\u00e2bles au sol sont d\u00e9j\u00e0 coll\u00e9s.<\/p>\n<div id=\"field_5dcad304d99f3\" class=\"type-text vc_sw-acf vc_sw-align-left field_5dcad304d99f3\"><span class=\"sw-acf-field-label label-field_5dcad304d99f3\">Niveau<\/span> de difficult\u00e9 de construction: d\u00e9butants<\/div>\n<div id=\"field_5dcbcb97699d1\" class=\"type-text vc_sw-acf vc_sw-align-left field_5dcbcb97699d1\"><span class=\"sw-acf-field-label label-field_5dcbcb97699d1\">Demande<\/span> de vol: d\u00e9butant<\/div>\n<div style=\"text-align:left\" class=\"wps-pgfw-pdf-generate-icon__wrapper-frontend\">\n\t\t<a href=\"https:\/\/www.speedmodels.ch\/fr\/wp-json\/wp\/v2\/product\/19949\/?action=genpdf&amp;id=19949\" class=\"pgfw-single-pdf-download-button\" target=_blank><img src=\"https:\/\/speedmodels.ch\/wp-content\/uploads\/2021\/09\/pdf_icon.png\" title=\"G\u00e9n\u00e9rer un PDF\" style=\"width:auto; height:45px;\"><\/a>\n\t\t<\/div>","protected":false},"excerpt":{"rendered":"<p>L&rsquo;Aero-Maxx est un planeur \u00e9lectrique pratique en construction en bois, pr\u00eat \u00e0 \u00eatre construit, il suffit de le recouvrir et d&rsquo;installer l&rsquo;entra\u00eenement et la t\u00e9l\u00e9commande et le plaisir de voler peut commencer. Particuli\u00e8rement adapt\u00e9 aux d\u00e9butants en mod\u00e9lisme, mais aussi aux athl\u00e8tes de mod\u00e9lisme actifs. La verri\u00e8re facilement amovible vous donne un tr\u00e8s bon acc\u00e8s [&hellip;]<\/p>\n","protected":false},"featured_media":9579,"template":"","meta":[],"product_brand":[],"product_cat":[1652,1711,1710,1653,1655],"product_tag":[],"class_list":{"0":"post-19949","1":"product","2":"type-product","3":"status-publish","4":"has-post-thumbnail","6":"product_cat-avions-fr","7":"product_cat-jeunesse","8":"product_cat-modeles","9":"product_cat-modeles-telecommandes","10":"product_cat-planeurs-electriques","12":"first","13":"instock","14":"shipping-taxable","15":"product-type-simple"},"_links":{"self":[{"href":"https:\/\/www.speedmodels.ch\/fr\/wp-json\/wp\/v2\/product\/19949","targetHints":{"allow":["GET"]}}],"collection":[{"href":"https:\/\/www.speedmodels.ch\/fr\/wp-json\/wp\/v2\/product"}],"about":[{"href":"https:\/\/www.speedmodels.ch\/fr\/wp-json\/wp\/v2\/types\/product"}],"version-history":[{"count":0,"href":"https:\/\/www.speedmodels.ch\/fr\/wp-json\/wp\/v2\/product\/19949\/revisions"}],"wp:featuredmedia":[{"embeddable":true,"href":"https:\/\/www.speedmodels.ch\/fr\/wp-json\/wp\/v2\/media\/9579"}],"wp:attachment":[{"href":"https:\/\/www.speedmodels.ch\/fr\/wp-json\/wp\/v2\/media?parent=19949"}],"wp:term":[{"taxonomy":"product_brand","embeddable":true,"href":"https:\/\/www.speedmodels.ch\/fr\/wp-json\/wp\/v2\/product_brand?post=19949"},{"taxonomy":"product_cat","embeddable":true,"href":"https:\/\/www.speedmodels.ch\/fr\/wp-json\/wp\/v2\/product_cat?post=19949"},{"taxonomy":"product_tag","embeddable":true,"href":"https:\/\/www.speedmodels.ch\/fr\/wp-json\/wp\/v2\/product_tag?post=19949"}],"curies":[{"name":"wp","href":"https:\/\/api.w.org\/{rel}","templated":true}]}}