{"id":19948,"date":"2021-11-02T08:38:05","date_gmt":"2021-11-02T08:38:05","guid":{"rendered":"https:\/\/www.speedmodels.ch\/produkte\/unkategorisiert\/galaxy\/"},"modified":"2023-02-06T12:39:39","modified_gmt":"2023-02-06T12:39:39","slug":"galaxy","status":"publish","type":"product","link":"https:\/\/www.speedmodels.ch\/fr\/produits\/modeles\/avions-fr\/modeles-telecommandes\/planeurs-electriques\/galaxy\/","title":{"rendered":"Galaxy"},"content":{"rendered":"<p>Ce planeur \u00e9lectrique haute performance se caract\u00e9rise par d&rsquo;excellentes caract\u00e9ristiques de vol. L&rsquo;aile en 3 parties avec la combinaison de profils E 193 \/ RG15 est con\u00e7ue pour des vitesses de vol thermiques et donc \u00e9galement faibles. Une excellente stabilit\u00e9 inh\u00e9rente et une construction l\u00e9g\u00e8re permettent \u00e0 la fois au mod\u00e8le de vol d\u00e9butant des opportunit\u00e9s id\u00e9ales de se lier d&rsquo;amiti\u00e9 avec ce passe-temps, mais aussi au pilote exp\u00e9riment\u00e9 l&rsquo;utilisation comme compensation pour les \u00ab\u00a0vols du soir\u00a0\u00bb silencieux. La grande maniabilit\u00e9 offre des r\u00e9actions rapides, par exemple dans les virages et \u00e0 l&rsquo;atterrissage. Des moteurs \u00e9lectriques simples et peu co\u00fbteux et des moteurs hautes performances sont possibles comme entra\u00eenements.<\/p>\n<p>Le kit contient:<br \/>\nfuselage GRP de couleur blanche, aile en 3 parties recouverte d&rsquo;Oracover, instructions de montage d\u00e9taill\u00e9es, tous les accessoires n\u00e9cessaires pour l&rsquo;extension, mais sans \u00e9l\u00e9ments RC et d&rsquo;entra\u00eenement.<strong><br \/>\n<\/strong><\/p>\n<div style=\"text-align:left\" class=\"wps-pgfw-pdf-generate-icon__wrapper-frontend\">\n\t\t<a href=\"https:\/\/www.speedmodels.ch\/fr\/wp-json\/wp\/v2\/product\/19948\/?action=genpdf&amp;id=19948\" class=\"pgfw-single-pdf-download-button\" target=_blank><img src=\"https:\/\/speedmodels.ch\/wp-content\/uploads\/2021\/09\/pdf_icon.png\" title=\"G\u00e9n\u00e9rer un PDF\" style=\"width:auto; height:45px;\"><\/a>\n\t\t<\/div>","protected":false},"excerpt":{"rendered":"<p>Ce planeur \u00e9lectrique haute performance se caract\u00e9rise par d&rsquo;excellentes caract\u00e9ristiques de vol. L&rsquo;aile en 3 parties avec la combinaison de profils E 193 \/ RG15 est con\u00e7ue pour des vitesses de vol thermiques et donc \u00e9galement faibles. Une excellente stabilit\u00e9 inh\u00e9rente et une construction l\u00e9g\u00e8re permettent \u00e0 la fois au mod\u00e8le de vol d\u00e9butant des [&hellip;]<\/p>\n","protected":false},"featured_media":9567,"template":"","meta":[],"product_brand":[],"product_cat":[1652,1710,1653,1655],"product_tag":[],"class_list":{"0":"post-19948","1":"product","2":"type-product","3":"status-publish","4":"has-post-thumbnail","6":"product_cat-avions-fr","7":"product_cat-modeles","8":"product_cat-modeles-telecommandes","9":"product_cat-planeurs-electriques","11":"first","12":"instock","13":"shipping-taxable","14":"product-type-simple"},"_links":{"self":[{"href":"https:\/\/www.speedmodels.ch\/fr\/wp-json\/wp\/v2\/product\/19948","targetHints":{"allow":["GET"]}}],"collection":[{"href":"https:\/\/www.speedmodels.ch\/fr\/wp-json\/wp\/v2\/product"}],"about":[{"href":"https:\/\/www.speedmodels.ch\/fr\/wp-json\/wp\/v2\/types\/product"}],"version-history":[{"count":0,"href":"https:\/\/www.speedmodels.ch\/fr\/wp-json\/wp\/v2\/product\/19948\/revisions"}],"wp:featuredmedia":[{"embeddable":true,"href":"https:\/\/www.speedmodels.ch\/fr\/wp-json\/wp\/v2\/media\/9567"}],"wp:attachment":[{"href":"https:\/\/www.speedmodels.ch\/fr\/wp-json\/wp\/v2\/media?parent=19948"}],"wp:term":[{"taxonomy":"product_brand","embeddable":true,"href":"https:\/\/www.speedmodels.ch\/fr\/wp-json\/wp\/v2\/product_brand?post=19948"},{"taxonomy":"product_cat","embeddable":true,"href":"https:\/\/www.speedmodels.ch\/fr\/wp-json\/wp\/v2\/product_cat?post=19948"},{"taxonomy":"product_tag","embeddable":true,"href":"https:\/\/www.speedmodels.ch\/fr\/wp-json\/wp\/v2\/product_tag?post=19948"}],"curies":[{"name":"wp","href":"https:\/\/api.w.org\/{rel}","templated":true}]}}