{"id":19947,"date":"2021-11-02T08:28:12","date_gmt":"2021-11-02T08:28:12","guid":{"rendered":"https:\/\/www.speedmodels.ch\/produkte\/unkategorisiert\/skippy\/"},"modified":"2023-02-06T12:39:26","modified_gmt":"2023-02-06T12:39:26","slug":"skippy","status":"publish","type":"product","link":"https:\/\/www.speedmodels.ch\/fr\/produits\/modeles\/avions-fr\/modeles-telecommandes\/planeurs-electriques\/skippy\/","title":{"rendered":"Skippy"},"content":{"rendered":"<p class=\"deutsch_texte\">Gouvernail, profondeur et volets&#8230;<br \/>\n&#8230; c&rsquo;est tout ce qu&rsquo;il faut pour profiter de la glisse en mod\u00e8le r\u00e9duit. Bas\u00e9 sur les mod\u00e8les du mod\u00e8le de plus en plus populaire et de la classe de comp\u00e9tition R.E.S. (gouvernail, ascenseur, spoiler) nous avons con\u00e7u le \u00abSkippy\u00bb. Que vous le d\u00e9marriez sur le plat avec la corde \u00e9lastique ou que vous l&#8217;emmeniez avec vous sur la piste comme renifleur thermique, le \u00ab\u00a0Skippy\u00a0\u00bb sera toujours un ami fid\u00e8le pour le vol de mod\u00e8le d\u00e9tendu. Et en passant, il convient \u00e9galement \u00e0 la formation des d\u00e9butants. Nommez ce type de mod\u00e8le nouvellement d\u00e9couvert volant \u00ab\u00a0retour aux racines\u00a0\u00bb, vol apr\u00e8s le travail, ralentissement ou r\u00e9tro-onde. On appelle \u00e7a le vol plaisir, avec un mod\u00e8le facile \u00e0 monter, pouvant \u00eatre \u00e9quip\u00e9 de moyens simples et pourtant puissant et facile \u00e0 piloter.<\/p>\n<p class=\"deutsch_texte\">Le kit contient:<br \/>\nfuselage GRP, empennages et aile en trois parties en bois et enti\u00e8rement recouverts, auvent de cockpit et toutes les petites pi\u00e8ces telles que tringleries, charni\u00e8res, vis, etc. En autre, instructions de montage compl\u00e8tes avec de nombreuses photos de l&rsquo;\u00e9tape de construction.<span class=\"deutsch_texte\"><br \/>\n<\/span><\/p>\n<div style=\"text-align:left\" class=\"wps-pgfw-pdf-generate-icon__wrapper-frontend\">\n\t\t<a href=\"https:\/\/www.speedmodels.ch\/fr\/wp-json\/wp\/v2\/product\/19947\/?action=genpdf&amp;id=19947\" class=\"pgfw-single-pdf-download-button\" target=_blank><img src=\"https:\/\/speedmodels.ch\/wp-content\/uploads\/2021\/09\/pdf_icon.png\" title=\"G\u00e9n\u00e9rer un PDF\" style=\"width:auto; height:45px;\"><\/a>\n\t\t<\/div>","protected":false},"excerpt":{"rendered":"<p>Gouvernail, profondeur et volets&#8230; &#8230; c&rsquo;est tout ce qu&rsquo;il faut pour profiter de la glisse en mod\u00e8le r\u00e9duit. Bas\u00e9 sur les mod\u00e8les du mod\u00e8le de plus en plus populaire et de la classe de comp\u00e9tition R.E.S. (gouvernail, ascenseur, spoiler) nous avons con\u00e7u le \u00abSkippy\u00bb. Que vous le d\u00e9marriez sur le plat avec la corde \u00e9lastique [&hellip;]<\/p>\n","protected":false},"featured_media":9564,"template":"","meta":[],"product_brand":[],"product_cat":[1652,1710,1653,1655],"product_tag":[],"class_list":{"0":"post-19947","1":"product","2":"type-product","3":"status-publish","4":"has-post-thumbnail","6":"product_cat-avions-fr","7":"product_cat-modeles","8":"product_cat-modeles-telecommandes","9":"product_cat-planeurs-electriques","11":"first","12":"instock","13":"shipping-taxable","14":"product-type-simple"},"_links":{"self":[{"href":"https:\/\/www.speedmodels.ch\/fr\/wp-json\/wp\/v2\/product\/19947","targetHints":{"allow":["GET"]}}],"collection":[{"href":"https:\/\/www.speedmodels.ch\/fr\/wp-json\/wp\/v2\/product"}],"about":[{"href":"https:\/\/www.speedmodels.ch\/fr\/wp-json\/wp\/v2\/types\/product"}],"version-history":[{"count":0,"href":"https:\/\/www.speedmodels.ch\/fr\/wp-json\/wp\/v2\/product\/19947\/revisions"}],"wp:featuredmedia":[{"embeddable":true,"href":"https:\/\/www.speedmodels.ch\/fr\/wp-json\/wp\/v2\/media\/9564"}],"wp:attachment":[{"href":"https:\/\/www.speedmodels.ch\/fr\/wp-json\/wp\/v2\/media?parent=19947"}],"wp:term":[{"taxonomy":"product_brand","embeddable":true,"href":"https:\/\/www.speedmodels.ch\/fr\/wp-json\/wp\/v2\/product_brand?post=19947"},{"taxonomy":"product_cat","embeddable":true,"href":"https:\/\/www.speedmodels.ch\/fr\/wp-json\/wp\/v2\/product_cat?post=19947"},{"taxonomy":"product_tag","embeddable":true,"href":"https:\/\/www.speedmodels.ch\/fr\/wp-json\/wp\/v2\/product_tag?post=19947"}],"curies":[{"name":"wp","href":"https:\/\/api.w.org\/{rel}","templated":true}]}}