{"id":19946,"date":"2021-11-02T08:23:15","date_gmt":"2021-11-02T08:23:15","guid":{"rendered":"https:\/\/www.speedmodels.ch\/produkte\/unkategorisiert\/quido\/"},"modified":"2023-02-06T12:39:18","modified_gmt":"2023-02-06T12:39:18","slug":"quido","status":"publish","type":"product","link":"https:\/\/www.speedmodels.ch\/fr\/produits\/modeles\/avions-fr\/modeles-telecommandes\/modeles-de-vol-electriques\/quido\/","title":{"rendered":"Quido"},"content":{"rendered":"<p>Quido est un kit d&rsquo;un petit mod\u00e8le d&rsquo;avion \u00e9lectrique qui tient dans chaque coffre. Les diff\u00e9rentes pi\u00e8ces sont en grande partie pr\u00e9fabriqu\u00e9es en balsa et doivent \u00eatre assembl\u00e9es \u00e0 l&rsquo;aide des instructions de montage ci-jointes. Le fuselage arri\u00e8re se compose d&rsquo;un seul tube en fibre de carbone qui rend l&rsquo;ensemble du mod\u00e8le l\u00e9ger. L&#8217;empennage est fermement coll\u00e9 au fuselage et ne peut pas \u00eatre retir\u00e9, ce qui n&rsquo;est pas n\u00e9cessaire compte tenu de la taille compacte. L&rsquo;aile est construite en une seule pi\u00e8ce et fix\u00e9e au fuselage avec des anneaux en caoutchouc. Cela garantit un montage rapide et facile lors de la pr\u00e9paration du vol, et en cas d&rsquo;atterrissage brutal, les surfaces sur le fuselage se d\u00e9placent ou se d\u00e9tachent du fuselage sans dommage. Les ailes et les empennages sont recouverts d&rsquo;un film thermocollant, que le mod\u00e9liste applique \u00e0 sa discr\u00e9tion et \u00e0 son go\u00fbt. Quido convient aux mod\u00e9listes qui ont d\u00e9j\u00e0 fait leurs premi\u00e8res exp\u00e9riences avec un kit en bois de nos mod\u00e8les de vol libre (par exemple Lilienthal 31\/32) et constitue une introduction id\u00e9ale au vol en mod\u00e9lisme RC.<\/p>\n<p>Le kit de maquette contient toutes les pi\u00e8ces en bois n\u00e9cessaires \u00e0 la construction du fuselage et des ailes, un tube en fibre de carbone pour la partie arri\u00e8re du fuselage, les articulations et les petites pi\u00e8ces, ainsi qu&rsquo;une notice de montage d\u00e9taill\u00e9e. Les entra\u00eenements appropri\u00e9s sont des moteurs \u00e0 rotor externe avec montage arri\u00e8re avec une puissance de 100-150 watts \u00e0 2s Lipo.<\/p>\n<div style=\"text-align:left\" class=\"wps-pgfw-pdf-generate-icon__wrapper-frontend\">\n\t\t<a href=\"https:\/\/www.speedmodels.ch\/fr\/wp-json\/wp\/v2\/product\/19946\/?action=genpdf&amp;id=19946\" class=\"pgfw-single-pdf-download-button\" target=_blank><img src=\"https:\/\/speedmodels.ch\/wp-content\/uploads\/2021\/09\/pdf_icon.png\" title=\"G\u00e9n\u00e9rer un PDF\" style=\"width:auto; height:45px;\"><\/a>\n\t\t<\/div>","protected":false},"excerpt":{"rendered":"<p>Quido est un kit d&rsquo;un petit mod\u00e8le d&rsquo;avion \u00e9lectrique qui tient dans chaque coffre. Les diff\u00e9rentes pi\u00e8ces sont en grande partie pr\u00e9fabriqu\u00e9es en balsa et doivent \u00eatre assembl\u00e9es \u00e0 l&rsquo;aide des instructions de montage ci-jointes. Le fuselage arri\u00e8re se compose d&rsquo;un seul tube en fibre de carbone qui rend l&rsquo;ensemble du mod\u00e8le l\u00e9ger. L&#8217;empennage est [&hellip;]<\/p>\n","protected":false},"featured_media":9558,"template":"","meta":[],"product_brand":[],"product_cat":[1652,1711,1710,1721],"product_tag":[],"class_list":{"0":"post-19946","1":"product","2":"type-product","3":"status-publish","4":"has-post-thumbnail","6":"product_cat-avions-fr","7":"product_cat-jeunesse","8":"product_cat-modeles","9":"product_cat-modeles-de-vol-electriques","11":"first","12":"instock","13":"shipping-taxable","14":"product-type-simple"},"_links":{"self":[{"href":"https:\/\/www.speedmodels.ch\/fr\/wp-json\/wp\/v2\/product\/19946","targetHints":{"allow":["GET"]}}],"collection":[{"href":"https:\/\/www.speedmodels.ch\/fr\/wp-json\/wp\/v2\/product"}],"about":[{"href":"https:\/\/www.speedmodels.ch\/fr\/wp-json\/wp\/v2\/types\/product"}],"version-history":[{"count":0,"href":"https:\/\/www.speedmodels.ch\/fr\/wp-json\/wp\/v2\/product\/19946\/revisions"}],"wp:featuredmedia":[{"embeddable":true,"href":"https:\/\/www.speedmodels.ch\/fr\/wp-json\/wp\/v2\/media\/9558"}],"wp:attachment":[{"href":"https:\/\/www.speedmodels.ch\/fr\/wp-json\/wp\/v2\/media?parent=19946"}],"wp:term":[{"taxonomy":"product_brand","embeddable":true,"href":"https:\/\/www.speedmodels.ch\/fr\/wp-json\/wp\/v2\/product_brand?post=19946"},{"taxonomy":"product_cat","embeddable":true,"href":"https:\/\/www.speedmodels.ch\/fr\/wp-json\/wp\/v2\/product_cat?post=19946"},{"taxonomy":"product_tag","embeddable":true,"href":"https:\/\/www.speedmodels.ch\/fr\/wp-json\/wp\/v2\/product_tag?post=19946"}],"curies":[{"name":"wp","href":"https:\/\/api.w.org\/{rel}","templated":true}]}}