{"id":19944,"date":"2022-08-16T07:52:17","date_gmt":"2022-08-16T07:52:17","guid":{"rendered":"https:\/\/www.speedmodels.ch\/produkte\/unkategorisiert\/helixx\/"},"modified":"2023-02-27T08:43:07","modified_gmt":"2023-02-27T08:43:07","slug":"helixx","status":"publish","type":"product","link":"https:\/\/www.speedmodels.ch\/fr\/produits\/modeles\/avions-fr\/modeles-telecommandes\/planeurs\/helixx\/","title":{"rendered":"Helixx"},"content":{"rendered":"<p><strong>Helixx<\/strong> est un planeur \u00e9l\u00e9gant \u00e0 6 volets pour un vol d\u00e9tendu sur les pistes et sur le plat.<br \/>\nIl peut \u00eatre construit en version planeur et en planeur \u00e9lectrique. Le fuselage GRP et le gabarit inclus pour s\u00e9parer le nez du fuselage offrent les deux options.<\/p>\n<p>L&rsquo;aile est fabriqu\u00e9e de mani\u00e8re a\u00e9ronautique \u00e9prouv\u00e9e dans un gabarit, ce qui permet un positionnement s\u00fbr de tous les composants et une construction sans distorsion. L&rsquo;aile est partiellement bord\u00e9e et offre &#8211; selon le choix du mat\u00e9riau de rev\u00eatement &#8211; des options de conception visuelle attrayantes. Les six grands volets peuvent \u00eatre programm\u00e9s \u00e0 volont\u00e9 et permettent de r\u00e9gler diff\u00e9rentes conditions de vol, selon les go\u00fbts du pilote. Les volets de frein d\u00e9vi\u00e9s \u00e0 90\u00b0 sont une aide fiable \u00e0 la descente et \u00e0 l&rsquo;atterrissage ; leur effet peut \u00eatre encore am\u00e9lior\u00e9 en les combinant avec les ailerons.<\/p>\n<p>Le besoin \u00e9nerg\u00e9tique du mod\u00e8le est faible. Une LiPo 3S d&rsquo;une capacit\u00e9 de 2 400 mAh ou plus peut facilement s&rsquo;y loger et permet de nombreuses ascensions avec de bonnes hauteurs de d\u00e9part pour la recherche de thermiques.<\/p>\n<p>Helixx est un mod\u00e8le qui ne fait pas que le bonheur des pilotes de mod\u00e9lisme. M\u00eame la construction du mod\u00e8le avec ses composants d\u00e9coup\u00e9s au laser avec pr\u00e9cision est tr\u00e8s amusante et suscite l&rsquo;anticipation de beaux vols dans les thermiques du soir ou par vent l\u00e9ger sur une pente.<\/p>\n<p>Pour contr\u00f4ler les gouvernails, vous avez besoin d&rsquo;un total de 8 servos (6 x AN-12-MGBBA n\u00b0 de commande 7003\/74 et 2 x AN-8-MGBBD n\u00b0 de commande 7003\/71).<\/p>\n<p><strong>Le kit contient:<\/strong><\/p>\n<p>Toutes les pi\u00e8ces en bois d\u00e9coup\u00e9es au laser n\u00e9cessaires \u00e0 la construction, fuselage et verri\u00e8re en fibre de verre blanche, pi\u00e8ces de liaison, diverses petites pi\u00e8ces, instructions de construction 3D, cale de construction.<\/p>\n<div style=\"text-align:left\" class=\"wps-pgfw-pdf-generate-icon__wrapper-frontend\">\n\t\t<a href=\"https:\/\/www.speedmodels.ch\/fr\/wp-json\/wp\/v2\/product\/19944\/?action=genpdf&amp;id=19944\" class=\"pgfw-single-pdf-download-button\" target=_blank><img src=\"https:\/\/speedmodels.ch\/wp-content\/uploads\/2021\/09\/pdf_icon.png\" title=\"G\u00e9n\u00e9rer un PDF\" style=\"width:auto; height:45px;\"><\/a>\n\t\t<\/div>","protected":false},"excerpt":{"rendered":"<p>Helixx est un planeur \u00e9l\u00e9gant \u00e0 6 volets pour un vol d\u00e9tendu sur les pistes et sur le plat. Il peut \u00eatre construit en version planeur et en planeur \u00e9lectrique. Le fuselage GRP et le gabarit inclus pour s\u00e9parer le nez du fuselage offrent les deux options. L&rsquo;aile est fabriqu\u00e9e de mani\u00e8re a\u00e9ronautique \u00e9prouv\u00e9e dans [&hellip;]<\/p>\n","protected":false},"featured_media":11405,"template":"","meta":[],"product_brand":[],"product_cat":[1710,1653,1654,1655],"product_tag":[],"class_list":{"0":"post-19944","1":"product","2":"type-product","3":"status-publish","4":"has-post-thumbnail","6":"product_cat-modeles","7":"product_cat-modeles-telecommandes","8":"product_cat-planeurs","9":"product_cat-planeurs-electriques","11":"first","12":"instock","13":"shipping-taxable","14":"product-type-simple"},"_links":{"self":[{"href":"https:\/\/www.speedmodels.ch\/fr\/wp-json\/wp\/v2\/product\/19944","targetHints":{"allow":["GET"]}}],"collection":[{"href":"https:\/\/www.speedmodels.ch\/fr\/wp-json\/wp\/v2\/product"}],"about":[{"href":"https:\/\/www.speedmodels.ch\/fr\/wp-json\/wp\/v2\/types\/product"}],"version-history":[{"count":0,"href":"https:\/\/www.speedmodels.ch\/fr\/wp-json\/wp\/v2\/product\/19944\/revisions"}],"wp:featuredmedia":[{"embeddable":true,"href":"https:\/\/www.speedmodels.ch\/fr\/wp-json\/wp\/v2\/media\/11405"}],"wp:attachment":[{"href":"https:\/\/www.speedmodels.ch\/fr\/wp-json\/wp\/v2\/media?parent=19944"}],"wp:term":[{"taxonomy":"product_brand","embeddable":true,"href":"https:\/\/www.speedmodels.ch\/fr\/wp-json\/wp\/v2\/product_brand?post=19944"},{"taxonomy":"product_cat","embeddable":true,"href":"https:\/\/www.speedmodels.ch\/fr\/wp-json\/wp\/v2\/product_cat?post=19944"},{"taxonomy":"product_tag","embeddable":true,"href":"https:\/\/www.speedmodels.ch\/fr\/wp-json\/wp\/v2\/product_tag?post=19944"}],"curies":[{"name":"wp","href":"https:\/\/api.w.org\/{rel}","templated":true}]}}