{"id":19943,"date":"2022-08-16T07:59:52","date_gmt":"2022-08-16T07:59:52","guid":{"rendered":"https:\/\/www.speedmodels.ch\/produkte\/unkategorisiert\/udet-flamingo\/"},"modified":"2023-08-07T14:12:49","modified_gmt":"2023-08-07T14:12:49","slug":"udet-flamingo","status":"publish","type":"product","link":"https:\/\/www.speedmodels.ch\/fr\/produits\/modeles\/avions-fr\/modeles-telecommandes\/modeles-de-vol-electriques\/udet-flamingo\/","title":{"rendered":"Udet Flamingo"},"content":{"rendered":"<p><strong>Udet Flamingo<\/strong> est l&rsquo;un des classiques dans le domaine des biplans Le mod\u00e8le a \u00e9t\u00e9 introduit par aero-naut au d\u00e9but des ann\u00e9es 1970 et a \u00e9t\u00e9 produit sous une forme presque inchang\u00e9e jusqu&rsquo;\u00e0 r\u00e9cemment. C&rsquo;\u00e9tait une raison suffisante pour donner au mod\u00e8le un tout nouveau design pour le 100e anniversaire de l&rsquo;entreprise. Cette version est enti\u00e8rement construite \u00e0 partir de pi\u00e8ces laser et convient aux moteurs \u00e9lectriques de 35 mm. La technologie de construction et les composants sont d\u00e9sormais \u00e0 la pointe de la technologie. Des ailerons suppl\u00e9mentaires ont \u00e9t\u00e9 install\u00e9s dans le mod\u00e8le et la construction de l&rsquo;aile a \u00e9t\u00e9 optimis\u00e9e.<\/p>\n<p>Le moteur sans balais est enferm\u00e9 dans un moteur radial factice compos\u00e9 de pi\u00e8ces laser et semble fid\u00e8le \u00e0 l&rsquo;original. Le kit contient toutes les pi\u00e8ces n\u00e9cessaires \u00e0 la construction, y compris le ch\u00e2ssis et les roues, ainsi que des instructions de construction 3D modernes. Un mannequin pilote en option (non inclus) donne au mod\u00e8le un aspect encore plus r\u00e9aliste.<\/p>\n<p>Pour contr\u00f4ler les gouvernails, vous avez besoin d&rsquo;un total de 4 servos AN-12-MGBBA r\u00e9f. 7003\/74. 7003\/74. L&rsquo;entrainement recommand\u00e9 est bas\u00e9 sur un LiPo 3s avec 2400 mAh.<\/p>\n<p><strong>Le kit contient:<\/strong><\/p>\n<p>Toutes les pi\u00e8ces en bois d\u00e9coup\u00e9es au laser n\u00e9cessaires \u00e0 la construction, les pi\u00e8ces de liaison, les pi\u00e8ces de ch\u00e2ssis, les roues, diverses petites pi\u00e8ces, les instructions de construction 3D, la cale de construction, le moteur radial factice r\u00e9aliste en kit.<\/p>\n<div style=\"text-align:left\" class=\"wps-pgfw-pdf-generate-icon__wrapper-frontend\">\n\t\t<a href=\"https:\/\/www.speedmodels.ch\/fr\/wp-json\/wp\/v2\/product\/19943\/?action=genpdf&amp;id=19943\" class=\"pgfw-single-pdf-download-button\" target=_blank><img src=\"https:\/\/speedmodels.ch\/wp-content\/uploads\/2021\/09\/pdf_icon.png\" title=\"G\u00e9n\u00e9rer un PDF\" style=\"width:auto; height:45px;\"><\/a>\n\t\t<\/div>","protected":false},"excerpt":{"rendered":"<p>Udet Flamingo est l&rsquo;un des classiques dans le domaine des biplans Le mod\u00e8le a \u00e9t\u00e9 introduit par aero-naut au d\u00e9but des ann\u00e9es 1970 et a \u00e9t\u00e9 produit sous une forme presque inchang\u00e9e jusqu&rsquo;\u00e0 r\u00e9cemment. C&rsquo;\u00e9tait une raison suffisante pour donner au mod\u00e8le un tout nouveau design pour le 100e anniversaire de l&rsquo;entreprise. Cette version est [&hellip;]<\/p>\n","protected":false},"featured_media":11417,"template":"","meta":[],"product_brand":[],"product_cat":[1652,1710,1721,1653],"product_tag":[],"class_list":{"0":"post-19943","1":"product","2":"type-product","3":"status-publish","4":"has-post-thumbnail","6":"product_cat-avions-fr","7":"product_cat-modeles","8":"product_cat-modeles-de-vol-electriques","9":"product_cat-modeles-telecommandes","11":"first","12":"instock","13":"shipping-taxable","14":"product-type-simple"},"_links":{"self":[{"href":"https:\/\/www.speedmodels.ch\/fr\/wp-json\/wp\/v2\/product\/19943","targetHints":{"allow":["GET"]}}],"collection":[{"href":"https:\/\/www.speedmodels.ch\/fr\/wp-json\/wp\/v2\/product"}],"about":[{"href":"https:\/\/www.speedmodels.ch\/fr\/wp-json\/wp\/v2\/types\/product"}],"version-history":[{"count":0,"href":"https:\/\/www.speedmodels.ch\/fr\/wp-json\/wp\/v2\/product\/19943\/revisions"}],"wp:featuredmedia":[{"embeddable":true,"href":"https:\/\/www.speedmodels.ch\/fr\/wp-json\/wp\/v2\/media\/11417"}],"wp:attachment":[{"href":"https:\/\/www.speedmodels.ch\/fr\/wp-json\/wp\/v2\/media?parent=19943"}],"wp:term":[{"taxonomy":"product_brand","embeddable":true,"href":"https:\/\/www.speedmodels.ch\/fr\/wp-json\/wp\/v2\/product_brand?post=19943"},{"taxonomy":"product_cat","embeddable":true,"href":"https:\/\/www.speedmodels.ch\/fr\/wp-json\/wp\/v2\/product_cat?post=19943"},{"taxonomy":"product_tag","embeddable":true,"href":"https:\/\/www.speedmodels.ch\/fr\/wp-json\/wp\/v2\/product_tag?post=19943"}],"curies":[{"name":"wp","href":"https:\/\/api.w.org\/{rel}","templated":true}]}}