{"id":19942,"date":"2021-10-22T12:28:40","date_gmt":"2021-10-22T12:28:40","guid":{"rendered":"https:\/\/www.speedmodels.ch\/produkte\/unkategorisiert\/boogie\/"},"modified":"2024-03-25T10:52:13","modified_gmt":"2024-03-25T10:52:13","slug":"boogie","status":"publish","type":"product","link":"https:\/\/www.speedmodels.ch\/fr\/produits\/modeles\/avions-fr\/avion-a-moteur-caoutchouc\/boogie\/","title":{"rendered":"Boogie"},"content":{"rendered":"<p>a un moteur en caoutchouc, avec lequel le mod\u00e8le est amen\u00e9 \u00e0 une altitude de vol initiale, puis commut\u00e9 en vol plan\u00e9. Toutes les pi\u00e8ces en balsa et en pin sont pr\u00e9-perfor\u00e9es.<br \/>\n<strong>Le mod\u00e8le est recommand\u00e9 pour les d\u00e9butants.<\/strong><\/p>\n<div style=\"text-align:left\" class=\"wps-pgfw-pdf-generate-icon__wrapper-frontend\">\n\t\t<a href=\"https:\/\/www.speedmodels.ch\/fr\/wp-json\/wp\/v2\/product\/19942\/?action=genpdf&amp;id=19942\" class=\"pgfw-single-pdf-download-button\" target=_blank><img src=\"https:\/\/speedmodels.ch\/wp-content\/uploads\/2021\/09\/pdf_icon.png\" title=\"G\u00e9n\u00e9rer un PDF\" style=\"width:auto; height:45px;\"><\/a>\n\t\t<\/div>","protected":false},"excerpt":{"rendered":"<p>a un moteur en caoutchouc, avec lequel le mod\u00e8le est amen\u00e9 \u00e0 une altitude de vol initiale, puis commut\u00e9 en vol plan\u00e9. Toutes les pi\u00e8ces en balsa et en pin sont pr\u00e9-perfor\u00e9es. Le mod\u00e8le est recommand\u00e9 pour les d\u00e9butants.<\/p>\n","protected":false},"featured_media":9511,"template":"","meta":[],"product_brand":[],"product_cat":[1720,1711,1712],"product_tag":[],"class_list":{"0":"post-19942","1":"product","2":"type-product","3":"status-publish","4":"has-post-thumbnail","6":"product_cat-avion-a-moteur-caoutchouc","7":"product_cat-jeunesse","8":"product_cat-vol-libre","10":"first","11":"instock","12":"shipping-taxable","13":"product-type-simple"},"_links":{"self":[{"href":"https:\/\/www.speedmodels.ch\/fr\/wp-json\/wp\/v2\/product\/19942","targetHints":{"allow":["GET"]}}],"collection":[{"href":"https:\/\/www.speedmodels.ch\/fr\/wp-json\/wp\/v2\/product"}],"about":[{"href":"https:\/\/www.speedmodels.ch\/fr\/wp-json\/wp\/v2\/types\/product"}],"version-history":[{"count":0,"href":"https:\/\/www.speedmodels.ch\/fr\/wp-json\/wp\/v2\/product\/19942\/revisions"}],"wp:featuredmedia":[{"embeddable":true,"href":"https:\/\/www.speedmodels.ch\/fr\/wp-json\/wp\/v2\/media\/9511"}],"wp:attachment":[{"href":"https:\/\/www.speedmodels.ch\/fr\/wp-json\/wp\/v2\/media?parent=19942"}],"wp:term":[{"taxonomy":"product_brand","embeddable":true,"href":"https:\/\/www.speedmodels.ch\/fr\/wp-json\/wp\/v2\/product_brand?post=19942"},{"taxonomy":"product_cat","embeddable":true,"href":"https:\/\/www.speedmodels.ch\/fr\/wp-json\/wp\/v2\/product_cat?post=19942"},{"taxonomy":"product_tag","embeddable":true,"href":"https:\/\/www.speedmodels.ch\/fr\/wp-json\/wp\/v2\/product_tag?post=19942"}],"curies":[{"name":"wp","href":"https:\/\/api.w.org\/{rel}","templated":true}]}}