{"id":19941,"date":"2021-10-22T12:19:39","date_gmt":"2021-10-22T12:19:39","guid":{"rendered":"https:\/\/www.speedmodels.ch\/produkte\/unkategorisiert\/twist\/"},"modified":"2024-03-25T10:53:24","modified_gmt":"2024-03-25T10:53:24","slug":"twist","status":"publish","type":"product","link":"https:\/\/www.speedmodels.ch\/fr\/produits\/modeles\/avions-fr\/avion-a-moteur-caoutchouc\/twist\/","title":{"rendered":"Twist"},"content":{"rendered":"<p>est \u00e9quip\u00e9 d&rsquo;un moteur en caoutchouc qui l&rsquo;am\u00e8ne \u00e0 une altitude initiale et de l\u00e0 passe au vol plan\u00e9. Ce mod\u00e8le a d&rsquo;excellentes caract\u00e9ristiques de vol en raison de la construction standard des ailes. Toutes les pi\u00e8ces en balsa et en contreplaqu\u00e9 sont d\u00e9coup\u00e9es \u00e0 l&#8217;emporte-pi\u00e8ce pour un collage direct. Apr\u00e8s une courte p\u00e9riode de construction, le pilote est r\u00e9compens\u00e9 par de longs vols. Le mod\u00e8le est recommand\u00e9 pour le d\u00e9butant.<br \/>\n<strong>Le kit contient:<\/strong><br \/>\nDessins d&rsquo;\u00e9tape de construction, plan et instructions de construction, toutes les pi\u00e8ces du mod\u00e8le d\u00e9coup\u00e9es en balse et contreplaqu\u00e9, tiges de fuselage en pin, plomb de garniture et d\u00e9coration color\u00e9e \u00e0 coller.<\/p>\n<div style=\"text-align:left\" class=\"wps-pgfw-pdf-generate-icon__wrapper-frontend\">\n\t\t<a href=\"https:\/\/www.speedmodels.ch\/fr\/wp-json\/wp\/v2\/product\/19941\/?action=genpdf&amp;id=19941\" class=\"pgfw-single-pdf-download-button\" target=_blank><img src=\"https:\/\/speedmodels.ch\/wp-content\/uploads\/2021\/09\/pdf_icon.png\" title=\"G\u00e9n\u00e9rer un PDF\" style=\"width:auto; height:45px;\"><\/a>\n\t\t<\/div>","protected":false},"excerpt":{"rendered":"<p>est \u00e9quip\u00e9 d&rsquo;un moteur en caoutchouc qui l&rsquo;am\u00e8ne \u00e0 une altitude initiale et de l\u00e0 passe au vol plan\u00e9. Ce mod\u00e8le a d&rsquo;excellentes caract\u00e9ristiques de vol en raison de la construction standard des ailes. Toutes les pi\u00e8ces en balsa et en contreplaqu\u00e9 sont d\u00e9coup\u00e9es \u00e0 l&#8217;emporte-pi\u00e8ce pour un collage direct. Apr\u00e8s une courte p\u00e9riode de [&hellip;]<\/p>\n","protected":false},"featured_media":9510,"template":"","meta":[],"product_brand":[],"product_cat":[1720,1711,1712],"product_tag":[],"class_list":{"0":"post-19941","1":"product","2":"type-product","3":"status-publish","4":"has-post-thumbnail","6":"product_cat-avion-a-moteur-caoutchouc","7":"product_cat-jeunesse","8":"product_cat-vol-libre","10":"first","11":"instock","12":"shipping-taxable","13":"product-type-simple"},"_links":{"self":[{"href":"https:\/\/www.speedmodels.ch\/fr\/wp-json\/wp\/v2\/product\/19941","targetHints":{"allow":["GET"]}}],"collection":[{"href":"https:\/\/www.speedmodels.ch\/fr\/wp-json\/wp\/v2\/product"}],"about":[{"href":"https:\/\/www.speedmodels.ch\/fr\/wp-json\/wp\/v2\/types\/product"}],"version-history":[{"count":0,"href":"https:\/\/www.speedmodels.ch\/fr\/wp-json\/wp\/v2\/product\/19941\/revisions"}],"wp:featuredmedia":[{"embeddable":true,"href":"https:\/\/www.speedmodels.ch\/fr\/wp-json\/wp\/v2\/media\/9510"}],"wp:attachment":[{"href":"https:\/\/www.speedmodels.ch\/fr\/wp-json\/wp\/v2\/media?parent=19941"}],"wp:term":[{"taxonomy":"product_brand","embeddable":true,"href":"https:\/\/www.speedmodels.ch\/fr\/wp-json\/wp\/v2\/product_brand?post=19941"},{"taxonomy":"product_cat","embeddable":true,"href":"https:\/\/www.speedmodels.ch\/fr\/wp-json\/wp\/v2\/product_cat?post=19941"},{"taxonomy":"product_tag","embeddable":true,"href":"https:\/\/www.speedmodels.ch\/fr\/wp-json\/wp\/v2\/product_tag?post=19941"}],"curies":[{"name":"wp","href":"https:\/\/api.w.org\/{rel}","templated":true}]}}