{"id":19906,"date":"2022-09-19T09:24:14","date_gmt":"2022-09-19T09:24:14","guid":{"rendered":"https:\/\/www.speedmodels.ch\/produkte\/unkategorisiert\/contreplaque-aeronautique-en-hetre-1-5-mm\/"},"modified":"2025-08-21T11:54:03","modified_gmt":"2025-08-21T11:54:03","slug":"contreplaque-aeronautique-en-hetre-1-5-mm","status":"publish","type":"product","link":"https:\/\/www.speedmodels.ch\/fr\/produits\/profiles-plaques\/bois\/contreplaque-aeronautique-en-hetre\/contreplaque-aeronautique-en-hetre-1-5-mm\/","title":{"rendered":"Contreplaqu\u00e9 a\u00e9ronautique en h\u00eatre 1.5 mm"},"content":{"rendered":"<p>Contreplaqu\u00e9 a\u00e9ronautique en h\u00eatre \/ 3 couches<\/p>\n<p>\u00e9paisseur = 1.5 mm<\/p>\n<p>Grandeur = 300 x 300 mm<\/p>\n<p>en stock = oui<\/p>\n<p>emballage de 1pcs<\/p>\n<div style=\"text-align:left\" class=\"wps-pgfw-pdf-generate-icon__wrapper-frontend\">\n\t\t<a href=\"https:\/\/www.speedmodels.ch\/fr\/wp-json\/wp\/v2\/product\/19906\/?action=genpdf&amp;id=19906\" class=\"pgfw-single-pdf-download-button\" target=_blank><img src=\"https:\/\/speedmodels.ch\/wp-content\/uploads\/2021\/09\/pdf_icon.png\" title=\"G\u00e9n\u00e9rer un PDF\" style=\"width:auto; height:45px;\"><\/a>\n\t\t<\/div>","protected":false},"excerpt":{"rendered":"<p>Contreplaqu\u00e9 a\u00e9ronautique en h\u00eatre \/ 3 couches \u00e9paisseur = 1.5 mm Grandeur = 300 x 300 mm en stock = oui emballage de 1pcs<\/p>\n","protected":false},"featured_media":13482,"template":"","meta":[],"product_brand":[],"product_cat":[1574,1718,1512],"product_tag":[],"class_list":{"0":"post-19906","1":"product","2":"type-product","3":"status-publish","4":"has-post-thumbnail","6":"product_cat-bois","7":"product_cat-contreplaque-aeronautique-en-hetre","8":"product_cat-profiles-plaques","10":"first","11":"instock","12":"shipping-taxable","13":"product-type-simple"},"_links":{"self":[{"href":"https:\/\/www.speedmodels.ch\/fr\/wp-json\/wp\/v2\/product\/19906","targetHints":{"allow":["GET"]}}],"collection":[{"href":"https:\/\/www.speedmodels.ch\/fr\/wp-json\/wp\/v2\/product"}],"about":[{"href":"https:\/\/www.speedmodels.ch\/fr\/wp-json\/wp\/v2\/types\/product"}],"version-history":[{"count":1,"href":"https:\/\/www.speedmodels.ch\/fr\/wp-json\/wp\/v2\/product\/19906\/revisions"}],"predecessor-version":[{"id":32615,"href":"https:\/\/www.speedmodels.ch\/fr\/wp-json\/wp\/v2\/product\/19906\/revisions\/32615"}],"wp:featuredmedia":[{"embeddable":true,"href":"https:\/\/www.speedmodels.ch\/fr\/wp-json\/wp\/v2\/media\/13482"}],"wp:attachment":[{"href":"https:\/\/www.speedmodels.ch\/fr\/wp-json\/wp\/v2\/media?parent=19906"}],"wp:term":[{"taxonomy":"product_brand","embeddable":true,"href":"https:\/\/www.speedmodels.ch\/fr\/wp-json\/wp\/v2\/product_brand?post=19906"},{"taxonomy":"product_cat","embeddable":true,"href":"https:\/\/www.speedmodels.ch\/fr\/wp-json\/wp\/v2\/product_cat?post=19906"},{"taxonomy":"product_tag","embeddable":true,"href":"https:\/\/www.speedmodels.ch\/fr\/wp-json\/wp\/v2\/product_tag?post=19906"}],"curies":[{"name":"wp","href":"https:\/\/api.w.org\/{rel}","templated":true}]}}