{"id":19878,"date":"2022-01-12T09:43:09","date_gmt":"2022-01-12T09:43:09","guid":{"rendered":"https:\/\/www.speedmodels.ch\/produkte\/unkategorisiert\/fer-a-entoiler-aeronaut\/"},"modified":"2022-01-12T09:43:09","modified_gmt":"2022-01-12T09:43:09","slug":"fer-a-entoiler-aeronaut","status":"publish","type":"product","link":"https:\/\/www.speedmodels.ch\/fr\/produits\/film-couverture-decor\/accessoires-pour-l-entoilage\/fer-et-accessoires\/fer-a-entoiler-aeronaut\/","title":{"rendered":"Fer \u00e0 entoiler Aeronaut"},"content":{"rendered":"<p>L&rsquo;aide indispensable pour couvrir les surfaces, les fuselages, les empennages, etc. avec des feuilles, par exemple Oracover. Avec une puissance de 165 watts et un contr\u00f4le de la temp\u00e9rature en continu, il appartient \u00e0 chaque atelier de mod\u00e9lisme. Connexion : 220 volts \/ avec prise EU Schuko<br \/>\nLivraison avec chaussure en coton<\/p>\n<div style=\"text-align:left\" class=\"wps-pgfw-pdf-generate-icon__wrapper-frontend\">\n\t\t<a href=\"https:\/\/www.speedmodels.ch\/fr\/wp-json\/wp\/v2\/product\/19878\/?action=genpdf&amp;id=19878\" class=\"pgfw-single-pdf-download-button\" target=_blank><img src=\"https:\/\/speedmodels.ch\/wp-content\/uploads\/2021\/09\/pdf_icon.png\" title=\"G\u00e9n\u00e9rer un PDF\" style=\"width:auto; height:45px;\"><\/a>\n\t\t<\/div>","protected":false},"excerpt":{"rendered":"<p>L&rsquo;aide indispensable pour couvrir les surfaces, les fuselages, les empennages, etc. avec des feuilles, par exemple Oracover. Avec une puissance de 165 watts et un contr\u00f4le de la temp\u00e9rature en continu, il appartient \u00e0 chaque atelier de mod\u00e9lisme. Connexion : 220 volts \/ avec prise EU Schuko Livraison avec chaussure en coton<\/p>\n","protected":false},"featured_media":9983,"template":"","meta":[],"product_brand":[],"product_cat":[1508,1507,1509,1506],"product_tag":[],"class_list":{"0":"post-19878","1":"product","2":"type-product","3":"status-publish","4":"has-post-thumbnail","6":"product_cat-accessoires-pour-l-entoilage","7":"product_cat-entoiler","8":"product_cat-fer-et-accessoires","9":"product_cat-outils","11":"first","12":"instock","13":"shipping-taxable","14":"product-type-simple"},"_links":{"self":[{"href":"https:\/\/www.speedmodels.ch\/fr\/wp-json\/wp\/v2\/product\/19878","targetHints":{"allow":["GET"]}}],"collection":[{"href":"https:\/\/www.speedmodels.ch\/fr\/wp-json\/wp\/v2\/product"}],"about":[{"href":"https:\/\/www.speedmodels.ch\/fr\/wp-json\/wp\/v2\/types\/product"}],"version-history":[{"count":0,"href":"https:\/\/www.speedmodels.ch\/fr\/wp-json\/wp\/v2\/product\/19878\/revisions"}],"wp:featuredmedia":[{"embeddable":true,"href":"https:\/\/www.speedmodels.ch\/fr\/wp-json\/wp\/v2\/media\/9983"}],"wp:attachment":[{"href":"https:\/\/www.speedmodels.ch\/fr\/wp-json\/wp\/v2\/media?parent=19878"}],"wp:term":[{"taxonomy":"product_brand","embeddable":true,"href":"https:\/\/www.speedmodels.ch\/fr\/wp-json\/wp\/v2\/product_brand?post=19878"},{"taxonomy":"product_cat","embeddable":true,"href":"https:\/\/www.speedmodels.ch\/fr\/wp-json\/wp\/v2\/product_cat?post=19878"},{"taxonomy":"product_tag","embeddable":true,"href":"https:\/\/www.speedmodels.ch\/fr\/wp-json\/wp\/v2\/product_tag?post=19878"}],"curies":[{"name":"wp","href":"https:\/\/api.w.org\/{rel}","templated":true}]}}