{"id":19838,"date":"2021-10-26T08:00:23","date_gmt":"2021-10-26T08:00:23","guid":{"rendered":"https:\/\/www.speedmodels.ch\/produkte\/unkategorisiert\/ka6e\/"},"modified":"2023-01-30T09:51:43","modified_gmt":"2023-01-30T09:51:43","slug":"ka6e","status":"publish","type":"product","link":"https:\/\/www.speedmodels.ch\/fr\/produits\/modeles\/avions-fr\/modeles-telecommandes\/planeurs\/ka6e\/","title":{"rendered":"Ka6e"},"content":{"rendered":"<p>Le planeur Ka 6E de l&rsquo;usine Schleicher \u00e9tait \u00e0 l&rsquo;origine enti\u00e8rement en bois et fut le dernier mod\u00e8le \u00e0 \u00eatre fabriqu\u00e9 de cette mani\u00e8re jusqu&rsquo;en 1970. Il a \u00e9t\u00e9 d\u00e9velopp\u00e9 comme un planeur monoplace hautes performances et est toujours en service avec plus de 400 exemplaires en \u00e9tat de navigabilit\u00e9. Le Ka 6 porte \u00e9galement le surnom de Rh\u00f6nsegler. Le kit de notre mod\u00e8le est livr\u00e9 avec un fuselage en fibre de verre et le kit en bois pour les surfaces des nervures. La grande verri\u00e8re est en plastique transparent. Le comportement de vol du Ka6E est assez bon enfant, bien que le mod\u00e8le ait \u00e9t\u00e9 optimis\u00e9 \u00e0 l&rsquo;origine pour des performances \u00e9lev\u00e9es. Les cercles serr\u00e9s et les bonnes valeurs de mont\u00e9e dans les thermiques sont accentu\u00e9s par les caract\u00e9ristiques, qui sont particuli\u00e8rement prononc\u00e9es pour le vol lent.<\/p>\n<p><strong>Le kit contient: <\/strong><\/p>\n<p>Grand fuselage en fibre de verre avec beaucoup d&rsquo;espace pour les am\u00e9nagements int\u00e9rieurs (par exemple, train d&rsquo;atterrissage r\u00e9tractable possible en option), grand auvent transparent, kit en bois frais\u00e9 et d\u00e9coup\u00e9 au laser pour les ailes et empennages, plan de construction avec instructions de construction et volets de frein<\/p>\n<div style=\"text-align:left\" class=\"wps-pgfw-pdf-generate-icon__wrapper-frontend\">\n\t\t<a href=\"https:\/\/www.speedmodels.ch\/fr\/wp-json\/wp\/v2\/product\/19838\/?action=genpdf&amp;id=19838\" class=\"pgfw-single-pdf-download-button\" target=_blank><img src=\"https:\/\/speedmodels.ch\/wp-content\/uploads\/2021\/09\/pdf_icon.png\" title=\"G\u00e9n\u00e9rer un PDF\" style=\"width:auto; height:45px;\"><\/a>\n\t\t<\/div>","protected":false},"excerpt":{"rendered":"<p>Le planeur Ka 6E de l&rsquo;usine Schleicher \u00e9tait \u00e0 l&rsquo;origine enti\u00e8rement en bois et fut le dernier mod\u00e8le \u00e0 \u00eatre fabriqu\u00e9 de cette mani\u00e8re jusqu&rsquo;en 1970. Il a \u00e9t\u00e9 d\u00e9velopp\u00e9 comme un planeur monoplace hautes performances et est toujours en service avec plus de 400 exemplaires en \u00e9tat de navigabilit\u00e9. Le Ka 6 porte \u00e9galement [&hellip;]<\/p>\n","protected":false},"featured_media":9524,"template":"","meta":[],"product_brand":[],"product_cat":[1710,1653,1654],"product_tag":[],"class_list":{"0":"post-19838","1":"product","2":"type-product","3":"status-publish","4":"has-post-thumbnail","6":"product_cat-modeles","7":"product_cat-modeles-telecommandes","8":"product_cat-planeurs","10":"first","11":"instock","12":"shipping-taxable","13":"product-type-simple"},"_links":{"self":[{"href":"https:\/\/www.speedmodels.ch\/fr\/wp-json\/wp\/v2\/product\/19838","targetHints":{"allow":["GET"]}}],"collection":[{"href":"https:\/\/www.speedmodels.ch\/fr\/wp-json\/wp\/v2\/product"}],"about":[{"href":"https:\/\/www.speedmodels.ch\/fr\/wp-json\/wp\/v2\/types\/product"}],"version-history":[{"count":0,"href":"https:\/\/www.speedmodels.ch\/fr\/wp-json\/wp\/v2\/product\/19838\/revisions"}],"wp:featuredmedia":[{"embeddable":true,"href":"https:\/\/www.speedmodels.ch\/fr\/wp-json\/wp\/v2\/media\/9524"}],"wp:attachment":[{"href":"https:\/\/www.speedmodels.ch\/fr\/wp-json\/wp\/v2\/media?parent=19838"}],"wp:term":[{"taxonomy":"product_brand","embeddable":true,"href":"https:\/\/www.speedmodels.ch\/fr\/wp-json\/wp\/v2\/product_brand?post=19838"},{"taxonomy":"product_cat","embeddable":true,"href":"https:\/\/www.speedmodels.ch\/fr\/wp-json\/wp\/v2\/product_cat?post=19838"},{"taxonomy":"product_tag","embeddable":true,"href":"https:\/\/www.speedmodels.ch\/fr\/wp-json\/wp\/v2\/product_tag?post=19838"}],"curies":[{"name":"wp","href":"https:\/\/api.w.org\/{rel}","templated":true}]}}