{"id":19836,"date":"2021-11-29T08:54:53","date_gmt":"2021-11-29T08:54:53","guid":{"rendered":"https:\/\/www.speedmodels.ch\/produkte\/unkategorisiert\/santorin\/"},"modified":"2023-04-05T08:14:12","modified_gmt":"2023-04-05T08:14:12","slug":"santorin","status":"publish","type":"product","link":"https:\/\/www.speedmodels.ch\/fr\/produits\/modeles\/bateaux-fr-2\/bateaux-electriques\/santorin\/","title":{"rendered":"Santorin"},"content":{"rendered":"<p>Le cotre de p\u00eache grec Santorini est enti\u00e8rement construit en bois. Tous les composants sont d\u00e9coup\u00e9s avec pr\u00e9cision au laser et ne n\u00e9cessitent donc pratiquement aucune retouche. La coque est bord\u00e9e d&rsquo;A-TEX, un nouveau mat\u00e9riau de construction unique qui est tr\u00e8s facile \u00e0 travailler et donne \u00e0 la coque la r\u00e9sistance n\u00e9cessaire. La protection solaire est construite \u00e0 partir de pi\u00e8ces grav\u00e9es et recouverte de l&rsquo;auvent inclus. Le caract\u00e8re authentique du Santorini est soulign\u00e9 par le treuil \u00e0 filet et les caisses en bois pour les poissons p\u00each\u00e9s. Le kit est \u00e9quip\u00e9 de pi\u00e8ces grav\u00e9es de haute qualit\u00e9, qui donnent au Santorini un aspect tr\u00e8s r\u00e9aliste sur n&rsquo;importe quel plan d&rsquo;eau avec ses nombreux d\u00e9tails fins. En plus d&rsquo;un volant et d&rsquo;un indicateur de vitesse, le poste de barre dispose \u00e9galement d&rsquo;un affichage num\u00e9rique pour l&rsquo;\u00e9chosondeur ou la navigation. Les bateaux originaux color\u00e9s de la M\u00e9diterran\u00e9e offrent au design de couleur libre de ce mod\u00e8le une vari\u00e9t\u00e9 d&rsquo;options de design. Le mod\u00e8le est construit \u00e0 une \u00e9chelle d&rsquo;environ 1:15, de sorte qu&rsquo;un certain nombre d&rsquo;accessoires et d&rsquo;\u00e9quipements suppl\u00e9mentaires sont \u00e9galement disponibles. La grande ouverture du coque permet un acc\u00e8s facile aux composants RC.<\/p>\n<p>Le kit de mod\u00e8le contient : des instructions de construction d\u00e9taill\u00e9es avec des repr\u00e9sentations graphiques des diff\u00e9rentes \u00e9tapes de travail et la liste des pi\u00e8ces, toutes les pi\u00e8ces en bois en contreplaqu\u00e9 et A-TEX n\u00e9cessaires \u00e0 la construction, l&rsquo;arbre du navire avec l&rsquo;h\u00e9lice du navire, le gouvernail, diverses petites pi\u00e8ces, l&rsquo;\u00e9quipement de pont, de nombreux pi\u00e8ces grav\u00e9es.<br \/>\nEchelle: 1:15<\/p>\n<div style=\"text-align:left\" class=\"wps-pgfw-pdf-generate-icon__wrapper-frontend\">\n\t\t<a href=\"https:\/\/www.speedmodels.ch\/fr\/wp-json\/wp\/v2\/product\/19836\/?action=genpdf&amp;id=19836\" class=\"pgfw-single-pdf-download-button\" target=_blank><img src=\"https:\/\/speedmodels.ch\/wp-content\/uploads\/2021\/09\/pdf_icon.png\" title=\"G\u00e9n\u00e9rer un PDF\" style=\"width:auto; height:45px;\"><\/a>\n\t\t<\/div>","protected":false},"excerpt":{"rendered":"<p>Le cotre de p\u00eache grec Santorini est enti\u00e8rement construit en bois. Tous les composants sont d\u00e9coup\u00e9s avec pr\u00e9cision au laser et ne n\u00e9cessitent donc pratiquement aucune retouche. La coque est bord\u00e9e d&rsquo;A-TEX, un nouveau mat\u00e9riau de construction unique qui est tr\u00e8s facile \u00e0 travailler et donne \u00e0 la coque la r\u00e9sistance n\u00e9cessaire. La protection solaire [&hellip;]<\/p>\n","protected":false},"featured_media":9803,"template":"","meta":[],"product_brand":[],"product_cat":[1713,1714,1715,1710],"product_tag":[],"class_list":{"0":"post-19836","1":"product","2":"type-product","3":"status-publish","4":"has-post-thumbnail","6":"product_cat-bateaux-fr-2","7":"product_cat-bateaux-electriques","8":"product_cat-bateaux-prototypiques","9":"product_cat-modeles","11":"first","12":"instock","13":"shipping-taxable","14":"product-type-simple"},"_links":{"self":[{"href":"https:\/\/www.speedmodels.ch\/fr\/wp-json\/wp\/v2\/product\/19836","targetHints":{"allow":["GET"]}}],"collection":[{"href":"https:\/\/www.speedmodels.ch\/fr\/wp-json\/wp\/v2\/product"}],"about":[{"href":"https:\/\/www.speedmodels.ch\/fr\/wp-json\/wp\/v2\/types\/product"}],"version-history":[{"count":0,"href":"https:\/\/www.speedmodels.ch\/fr\/wp-json\/wp\/v2\/product\/19836\/revisions"}],"wp:featuredmedia":[{"embeddable":true,"href":"https:\/\/www.speedmodels.ch\/fr\/wp-json\/wp\/v2\/media\/9803"}],"wp:attachment":[{"href":"https:\/\/www.speedmodels.ch\/fr\/wp-json\/wp\/v2\/media?parent=19836"}],"wp:term":[{"taxonomy":"product_brand","embeddable":true,"href":"https:\/\/www.speedmodels.ch\/fr\/wp-json\/wp\/v2\/product_brand?post=19836"},{"taxonomy":"product_cat","embeddable":true,"href":"https:\/\/www.speedmodels.ch\/fr\/wp-json\/wp\/v2\/product_cat?post=19836"},{"taxonomy":"product_tag","embeddable":true,"href":"https:\/\/www.speedmodels.ch\/fr\/wp-json\/wp\/v2\/product_tag?post=19836"}],"curies":[{"name":"wp","href":"https:\/\/api.w.org\/{rel}","templated":true}]}}