{"id":19828,"date":"2021-10-26T07:46:34","date_gmt":"2021-10-26T07:46:34","guid":{"rendered":"https:\/\/www.speedmodels.ch\/produkte\/unkategorisiert\/shk-ailes-nervurees\/"},"modified":"2021-10-26T07:46:34","modified_gmt":"2021-10-26T07:46:34","slug":"shk-ailes-nervurees","status":"publish","type":"product","link":"https:\/\/www.speedmodels.ch\/fr\/produits\/modeles\/avions-fr\/modeles-telecommandes\/planeurs\/shk-ailes-nervurees\/","title":{"rendered":"SHK (ailes nervur\u00e9es)"},"content":{"rendered":"<p>Le mod\u00e8le de planeur SHK est un d\u00e9veloppement ult\u00e9rieur du Standard Austria, qui a \u00e9t\u00e9 d\u00e9velopp\u00e9 en 1958 par Ing. R\u00fcdiger Kunz \u2013 Autriche. En 1965, la Standard Austria a \u00e9t\u00e9 retravaill\u00e9e avec l&rsquo;aide de Klaus Holighaus \u00e0 Schempp-Hirth, Kirchheim (S-H-K). L&rsquo;envergure est port\u00e9e de 15 \u00e0 17 m et le SHK re\u00e7oit un train d&rsquo;atterrissage escamotable. Le SHK-67 construit \u00e0 partir de 1967 avait un parachute de freinage largable dans le fuselage arri\u00e8re. Le prototype du mod\u00e8le \u00e0 l&rsquo;\u00e9chelle 1: 4,25 \u00e9tait le SHK, num\u00e9ro de s\u00e9rie 27 immatriculation D-5445. Le mod\u00e8le d&rsquo;une envergure de 4000 mm a \u00e9t\u00e9 r\u00e9alis\u00e9 \u00e0 l&rsquo;aide de plans de la famille Schempp-Hirth. La nouvelle \u00e9dition de ce mod\u00e8le a \u00e9t\u00e9 enti\u00e8rement r\u00e9vis\u00e9e et mise aux normes d&rsquo;aujourd&rsquo;hui. Le fuselage GfK a des transitions fuselage-aile moul\u00e9es et un guide pour le cadre de la cabine. L&#8217;empennage est amovible &#8211; acc\u00e8s au rangement et contr\u00f4le de l&#8217;empennage pendulaire (voir photo). Les pi\u00e8ces de cockpit en plastique sont incluses dans le kit. L&rsquo;attache d&rsquo;aile est en acier rond d&rsquo;un diam\u00e8tre de 12 mm guid\u00e9 dans un tube en laiton, un dispositif de s\u00e9curit\u00e9 d&rsquo;aile est inclus. Un profil Selig S 4233 modifi\u00e9 a \u00e9t\u00e9 s\u00e9lectionn\u00e9 comme profil racine, modifi\u00e9 en deux \u00e9tapes sur toute la port\u00e9e. De plus, l&rsquo;aile a une torsion g\u00e9om\u00e9trique. Cette conception assure d&rsquo;excellentes caract\u00e9ristiques de vol, notamment en cercles, c&rsquo;est-\u00e0-dire en vol thermique. Afin de pouvoir r\u00e9gler le centre de gravit\u00e9 sans trop de plomb, les empennages sont bord\u00e9s de balsa. Les caract\u00e9ristiques de vol du mod\u00e8le sont \u00e9quilibr\u00e9es, id\u00e9ales pour le thermique et les conditions de vent pas trop dures sur les pentes. \u00c0 votre discr\u00e9tion, un train d&rsquo;atterrissage escamotable ou un d\u00e9clencheur de remorquage peut \u00eatre install\u00e9.<br \/>\n<strong>Le kit contient:<\/strong><br \/>\nInstructions de montage d\u00e9taill\u00e9es, plan d\u00e9taill\u00e9 avec installation de la t\u00e9l\u00e9commande, fuselage en GRP avec embout, surfaces en polystyr\u00e8ne recouvertes d&rsquo;Abachi avec d\u00e9coupes pour les volets de frein et les servos, ailerons d\u00e9j\u00e0 emball\u00e9s, empennages en polystyr\u00e8ne recouverts de balsa, pi\u00e8ces de cockpit embouties , auvent, rond en acier 12 mm avec tube en laiton, a\u00e9rofreins en deux parties, fusible d&rsquo;aile, estampages en contreplaqu\u00e9, petites pi\u00e8ces et feuille de d\u00e9calcomanies.<br \/>\nDifficult\u00e9 de construction : <span class=\"sw-acf-field-label label-field_5dcad304d99f3\">Avanc\u00e9<\/span><br \/>\nR\u00e9clamer le vol : <span class=\"sw-acf-field-label label-field_5dcbcb97699d1\">Avanc\u00e9<\/span><\/p>\n<div style=\"text-align:left\" class=\"wps-pgfw-pdf-generate-icon__wrapper-frontend\">\n\t\t<a href=\"https:\/\/www.speedmodels.ch\/fr\/wp-json\/wp\/v2\/product\/19828\/?action=genpdf&amp;id=19828\" class=\"pgfw-single-pdf-download-button\" target=_blank><img src=\"https:\/\/speedmodels.ch\/wp-content\/uploads\/2021\/09\/pdf_icon.png\" title=\"G\u00e9n\u00e9rer un PDF\" style=\"width:auto; height:45px;\"><\/a>\n\t\t<\/div>","protected":false},"excerpt":{"rendered":"<p>Le mod\u00e8le de planeur SHK est un d\u00e9veloppement ult\u00e9rieur du Standard Austria, qui a \u00e9t\u00e9 d\u00e9velopp\u00e9 en 1958 par Ing. R\u00fcdiger Kunz \u2013 Autriche. En 1965, la Standard Austria a \u00e9t\u00e9 retravaill\u00e9e avec l&rsquo;aide de Klaus Holighaus \u00e0 Schempp-Hirth, Kirchheim (S-H-K). L&rsquo;envergure est port\u00e9e de 15 \u00e0 17 m et le SHK re\u00e7oit un train [&hellip;]<\/p>\n","protected":false},"featured_media":9519,"template":"","meta":[],"product_brand":[],"product_cat":[1710,1653,1654],"product_tag":[],"class_list":{"0":"post-19828","1":"product","2":"type-product","3":"status-publish","4":"has-post-thumbnail","6":"product_cat-modeles","7":"product_cat-modeles-telecommandes","8":"product_cat-planeurs","10":"first","11":"instock","12":"shipping-taxable","13":"product-type-simple"},"_links":{"self":[{"href":"https:\/\/www.speedmodels.ch\/fr\/wp-json\/wp\/v2\/product\/19828","targetHints":{"allow":["GET"]}}],"collection":[{"href":"https:\/\/www.speedmodels.ch\/fr\/wp-json\/wp\/v2\/product"}],"about":[{"href":"https:\/\/www.speedmodels.ch\/fr\/wp-json\/wp\/v2\/types\/product"}],"version-history":[{"count":0,"href":"https:\/\/www.speedmodels.ch\/fr\/wp-json\/wp\/v2\/product\/19828\/revisions"}],"wp:featuredmedia":[{"embeddable":true,"href":"https:\/\/www.speedmodels.ch\/fr\/wp-json\/wp\/v2\/media\/9519"}],"wp:attachment":[{"href":"https:\/\/www.speedmodels.ch\/fr\/wp-json\/wp\/v2\/media?parent=19828"}],"wp:term":[{"taxonomy":"product_brand","embeddable":true,"href":"https:\/\/www.speedmodels.ch\/fr\/wp-json\/wp\/v2\/product_brand?post=19828"},{"taxonomy":"product_cat","embeddable":true,"href":"https:\/\/www.speedmodels.ch\/fr\/wp-json\/wp\/v2\/product_cat?post=19828"},{"taxonomy":"product_tag","embeddable":true,"href":"https:\/\/www.speedmodels.ch\/fr\/wp-json\/wp\/v2\/product_tag?post=19828"}],"curies":[{"name":"wp","href":"https:\/\/api.w.org\/{rel}","templated":true}]}}