{"id":19826,"date":"2021-10-26T07:30:06","date_gmt":"2021-10-26T07:30:06","guid":{"rendered":"https:\/\/www.speedmodels.ch\/produkte\/unkategorisiert\/mue13e-bergfalke\/"},"modified":"2021-10-26T07:30:06","modified_gmt":"2021-10-26T07:30:06","slug":"mue13e-bergfalke","status":"publish","type":"product","link":"https:\/\/www.speedmodels.ch\/fr\/produits\/modeles\/avions-fr\/modeles-telecommandes\/planeurs\/mue13e-bergfalke\/","title":{"rendered":"M\u00fc13e Bergfalke"},"content":{"rendered":"<p>Le M\u00fc-13e (plus tard appel\u00e9 Bergfalke I) a \u00e9t\u00e9 con\u00e7u et construit en 1951, \u00e0 une \u00e9poque o\u00f9 le vol \u00e0 voile \u00e9tait interdit dans l&rsquo;Allemagne d&rsquo;apr\u00e8s-guerre. Egon Scheibe a con\u00e7u l&rsquo;avion sur la base de la conception d&rsquo;avant-guerre du M\u00fc-13 du Munich Academic Flying Group. Le mod\u00e8le d&rsquo;une envergure de 3,5 m\u00e8tres offre au mod\u00e9liste une construction en bois et un plaisir de vol \u00e0 parts \u00e9gales. L&rsquo;envergure permet d&rsquo;excellentes performances de glisse en d\u00e9vers et sur le plat (d\u00e9collage haut, a\u00e9rotow). N\u00e9anmoins, gr\u00e2ce \u00e0 l&rsquo;aile fendue et \u00e0 l&#8217;empennage amovible, le mod\u00e8le est suffisamment maniable et compact pour \u00eatre facilement transport\u00e9. Le fuselage est construit sur un Depronhelling pr\u00e9-perfor\u00e9, ce qui garantit un assemblage absolument pr\u00e9cis. Le Profilestrak du mod\u00e8le a \u00e9t\u00e9 sp\u00e9cialement con\u00e7u par le Dr. Helmut Quabeck a d\u00e9velopp\u00e9.<br \/>\n<strong><br \/>\n<\/strong> Le kit contient: Toutes les pi\u00e8ces en bois (principalement du contreplaqu\u00e9) d\u00e9coup\u00e9es au laser pour construire le fuselage, les mat\u00e9riaux de voilure et de bordage ainsi que pour la verri\u00e8re du cockpit, tous les accessoires n\u00e9cessaires tels que les baguettes de pin, les charni\u00e8res, les vis, etc. et des instructions de montage d\u00e9taill\u00e9es et illustr\u00e9es. Le Depronhelling est \u00e9galement inclus.<br \/>\nDifficult\u00e9 de construction : Avanc\u00e9<br \/>\nR\u00e9clamer le vol : Avanc\u00e9<\/p>\n<div style=\"text-align:left\" class=\"wps-pgfw-pdf-generate-icon__wrapper-frontend\">\n\t\t<a href=\"https:\/\/www.speedmodels.ch\/fr\/wp-json\/wp\/v2\/product\/19826\/?action=genpdf&amp;id=19826\" class=\"pgfw-single-pdf-download-button\" target=_blank><img src=\"https:\/\/speedmodels.ch\/wp-content\/uploads\/2021\/09\/pdf_icon.png\" title=\"G\u00e9n\u00e9rer un PDF\" style=\"width:auto; height:45px;\"><\/a>\n\t\t<\/div>","protected":false},"excerpt":{"rendered":"<p>Le M\u00fc-13e (plus tard appel\u00e9 Bergfalke I) a \u00e9t\u00e9 con\u00e7u et construit en 1951, \u00e0 une \u00e9poque o\u00f9 le vol \u00e0 voile \u00e9tait interdit dans l&rsquo;Allemagne d&rsquo;apr\u00e8s-guerre. Egon Scheibe a con\u00e7u l&rsquo;avion sur la base de la conception d&rsquo;avant-guerre du M\u00fc-13 du Munich Academic Flying Group. Le mod\u00e8le d&rsquo;une envergure de 3,5 m\u00e8tres offre au [&hellip;]<\/p>\n","protected":false},"featured_media":9512,"template":"","meta":[],"product_brand":[],"product_cat":[1710,1653,1654],"product_tag":[],"class_list":{"0":"post-19826","1":"product","2":"type-product","3":"status-publish","4":"has-post-thumbnail","6":"product_cat-modeles","7":"product_cat-modeles-telecommandes","8":"product_cat-planeurs","10":"first","11":"instock","12":"shipping-taxable","13":"product-type-simple"},"_links":{"self":[{"href":"https:\/\/www.speedmodels.ch\/fr\/wp-json\/wp\/v2\/product\/19826","targetHints":{"allow":["GET"]}}],"collection":[{"href":"https:\/\/www.speedmodels.ch\/fr\/wp-json\/wp\/v2\/product"}],"about":[{"href":"https:\/\/www.speedmodels.ch\/fr\/wp-json\/wp\/v2\/types\/product"}],"version-history":[{"count":0,"href":"https:\/\/www.speedmodels.ch\/fr\/wp-json\/wp\/v2\/product\/19826\/revisions"}],"wp:featuredmedia":[{"embeddable":true,"href":"https:\/\/www.speedmodels.ch\/fr\/wp-json\/wp\/v2\/media\/9512"}],"wp:attachment":[{"href":"https:\/\/www.speedmodels.ch\/fr\/wp-json\/wp\/v2\/media?parent=19826"}],"wp:term":[{"taxonomy":"product_brand","embeddable":true,"href":"https:\/\/www.speedmodels.ch\/fr\/wp-json\/wp\/v2\/product_brand?post=19826"},{"taxonomy":"product_cat","embeddable":true,"href":"https:\/\/www.speedmodels.ch\/fr\/wp-json\/wp\/v2\/product_cat?post=19826"},{"taxonomy":"product_tag","embeddable":true,"href":"https:\/\/www.speedmodels.ch\/fr\/wp-json\/wp\/v2\/product_tag?post=19826"}],"curies":[{"name":"wp","href":"https:\/\/api.w.org\/{rel}","templated":true}]}}