{"id":19823,"date":"2021-10-26T08:23:23","date_gmt":"2021-10-26T08:23:23","guid":{"rendered":"https:\/\/www.speedmodels.ch\/produkte\/unkategorisiert\/triple-thermic\/"},"modified":"2021-10-26T08:23:23","modified_gmt":"2021-10-26T08:23:23","slug":"triple-thermic","status":"publish","type":"product","link":"https:\/\/www.speedmodels.ch\/fr\/produits\/modeles\/avions-fr\/modeles-telecommandes\/planeurs\/triple-thermic\/","title":{"rendered":"Triple Thermic"},"content":{"rendered":"<p>Naviguer confortablement dans les thermiques, d\u00e9coller avec la corde en caoutchouc et participer \u00e0 une comp\u00e9tition RES ou c\u00e9l\u00e9brer des acrobaties a\u00e9riennes rapides &#8211; tout cela est possible avec \u00ab\u00a0Triple\u00a0\u00bb. Ce concept de mod\u00e8le enti\u00e8rement nouveau propose un fuselage galb\u00e9 avec un empennage en V (soit en tant que planeur, soit en tant que planeur \u00e9lectrique &#8211; les deux versions sont incluses dans le kit) et trois envergures diff\u00e9rentes. Toutes les ailes peuvent \u00eatre attach\u00e9es au fuselage comme vous le souhaitez. Compl\u00e8tement sans outils, avec une forte s\u00e9curit\u00e9 magn\u00e9tique. Un changement rapide est \u00e9galement possible sur le site du vol. \u00ab\u00a0Triple speed\u00a0\u00bb a une envergure de 178 cm, une forme en V simple et de longs ailerons. Le profil a un dessous droit et permet des vols rapides et de merveilleuses voltiges en planeur. \u00ab\u00a0Triple RES\u00a0\u00bb a une envergure de 199 cm et une forme en V plus haute que la \u00ab\u00a0Triple thermique\u00a0\u00bb. Conform\u00e9ment au r\u00e8glement de comp\u00e9tition RES, le mod\u00e8le n&rsquo;est contr\u00f4l\u00e9 que par le gouvernail, la profondeur et les spoilers. \u00ab\u00a0Triple thermique\u00a0\u00bb a une envergure de 255 cm et est \u00e9quip\u00e9 d&rsquo;ailerons et de spoilers. Le profil est con\u00e7u pour les vols thermiques et donne au mod\u00e8le des performances de vol bonnes et puissantes. Avec sa conception mince, la coque du planeur offre les meilleures propri\u00e9t\u00e9s a\u00e9rodynamiques. La coque \u00e9lectrique n&rsquo;est qu&rsquo;un peu plus large \u00e0 l&rsquo;avant, peut accueillir confortablement des moteurs de 28 mm et offre de la place pour un LiPo 3s d&rsquo;environ 2 500 mAh. Les deux fuselages ont en commun la verri\u00e8re amovible avec verrouillage magn\u00e9tique et un couvercle de fuselage sur le dessous, derri\u00e8re lequel les servos de l&#8217;empennage en V sont cach\u00e9s. Tous les mod\u00e8les sont enti\u00e8rement en bois et suivent ainsi le principe \u00e9prouv\u00e9 du mod\u00e9lisme chez aero-naut. La coque est construite en contreplaqu\u00e9 de peuplier et en balsa. Le syst\u00e8me d&rsquo;enfichage innovant permet un montage rapide et sans distorsion. La queue en V est \u00e9galement assembl\u00e9e \u00e0 partir de pi\u00e8ces pr\u00eates au laser et coll\u00e9e \u00e0 un support de montage suppl\u00e9mentaire inclus. Les ailes sont construites \u00e0 l&rsquo;aide d&rsquo;une construction \u00e0 nervures, ont des longerons de pin continus et une bo\u00eete avec des rainures afin que l&rsquo;assemblage sur n&rsquo;importe quel panneau de construction de niveau soit rapide et facile. e bord\u00e9 de bord de fuite est \u00e9galement rainur\u00e9 afin que rien ne puisse se tromper avec la position des nervures. Cela permet \u00e9galement aux d\u00e9butants de mod\u00e9liser des mod\u00e8les en bois d&rsquo;obtenir rapidement leur propre mod\u00e8le parfaitement construit et volant bien. Le kit est \u00e9galement id\u00e9al pour le travail des jeunes et pour les projets de construction communs dans les clubs.<\/p>\n<p>Le kit de mod\u00e8le contient toutes les pi\u00e8ces en bois d\u00e9coup\u00e9es au laser pour construire le mod\u00e8le, les espars en pin, les tringleries de gouvernail et les c\u00e2bles Bowden, diverses petites pi\u00e8ces. Des instructions de construction illustr\u00e9es d\u00e9taill\u00e9es dans le style 3D \u00e9prouv\u00e9 d&rsquo;aero-naut conduisent \u00e0 un succ\u00e8s de construction rapide.<\/p>\n<p>Entra\u00eenements appropri\u00e9s pour la version E-Glider Moteur \u00d8 28 mm, \u00e0 partir d&rsquo;environ 150 watts<br \/>\nAccu3s Lipo jusqu&rsquo;\u00e0 environ 2000 mAhLipos avec les dimensions jusqu&rsquo;\u00e0 environ 80 x 35 x 25 mm sont les mieux adapt\u00e9s<br \/>\nContr\u00f4leur environ 20A<br \/>\nCAMh\u00e9lice repliable en carbone 9&#215;5&Prime;-12&#215;7 \u00a0\u00bb en fonction de la s\u00e9lection du moteur<br \/>\nnez d&rsquo;h\u00e9lice CN \u00d8 30 mm avec pi\u00e8ce centrale N\u00b0 de commande : 7259\/03 (arbre moteur 3,17 mm)<br \/>\nN\u00b0 de commande : 7259\/04 (arbre moteur 4,00 mm)<br \/>\nAlternative : nez d&rsquo;h\u00e9lice CN \u00d8 33 mm<br \/>\npi\u00e8ce centrale 38 mm N\u00b0 de commande 7259\/23 (arbre moteur 3,17 mm)<br \/>\nN\u00b0 de commande 7259\/24 (arbre moteur 4,00 mm), n\u00b0 de commande 7242\/21 servo, 7242\/21<br \/>\nServo jusqu&rsquo;\u00e0 la taille 11,5 mm pour les ailerons jusqu&rsquo;\u00e0 la taille 10 mm pour les volets de frein<br \/>\nPi\u00e8ces d\u00e9tach\u00e9es:<br \/>\nPaire d&rsquo;ailes Triple speed &#8211; n\u00b0 de commande 1128-10 1128\/10<br \/>\nPaire d&rsquo;ailes Triple R.E.S. &#8211; n\u00b0 de commande 1128-11 1128\/11<br \/>\nPaire d&rsquo;ailes Triple thermic &#8211; n\u00b0 de commande 112812 1128\/12<\/p>\n<div style=\"text-align:left\" class=\"wps-pgfw-pdf-generate-icon__wrapper-frontend\">\n\t\t<a href=\"https:\/\/www.speedmodels.ch\/fr\/wp-json\/wp\/v2\/product\/19823\/?action=genpdf&amp;id=19823\" class=\"pgfw-single-pdf-download-button\" target=_blank><img src=\"https:\/\/speedmodels.ch\/wp-content\/uploads\/2021\/09\/pdf_icon.png\" title=\"G\u00e9n\u00e9rer un PDF\" style=\"width:auto; height:45px;\"><\/a>\n\t\t<\/div>","protected":false},"excerpt":{"rendered":"<p>Naviguer confortablement dans les thermiques, d\u00e9coller avec la corde en caoutchouc et participer \u00e0 une comp\u00e9tition RES ou c\u00e9l\u00e9brer des acrobaties a\u00e9riennes rapides &#8211; tout cela est possible avec \u00ab\u00a0Triple\u00a0\u00bb. Ce concept de mod\u00e8le enti\u00e8rement nouveau propose un fuselage galb\u00e9 avec un empennage en V (soit en tant que planeur, soit en tant que planeur [&hellip;]<\/p>\n","protected":false},"featured_media":9538,"template":"","meta":[],"product_brand":[],"product_cat":[1710,1653,1654,1655],"product_tag":[],"class_list":{"0":"post-19823","1":"product","2":"type-product","3":"status-publish","4":"has-post-thumbnail","6":"product_cat-modeles","7":"product_cat-modeles-telecommandes","8":"product_cat-planeurs","9":"product_cat-planeurs-electriques","11":"first","12":"instock","13":"shipping-taxable","14":"product-type-simple"},"_links":{"self":[{"href":"https:\/\/www.speedmodels.ch\/fr\/wp-json\/wp\/v2\/product\/19823","targetHints":{"allow":["GET"]}}],"collection":[{"href":"https:\/\/www.speedmodels.ch\/fr\/wp-json\/wp\/v2\/product"}],"about":[{"href":"https:\/\/www.speedmodels.ch\/fr\/wp-json\/wp\/v2\/types\/product"}],"version-history":[{"count":0,"href":"https:\/\/www.speedmodels.ch\/fr\/wp-json\/wp\/v2\/product\/19823\/revisions"}],"wp:featuredmedia":[{"embeddable":true,"href":"https:\/\/www.speedmodels.ch\/fr\/wp-json\/wp\/v2\/media\/9538"}],"wp:attachment":[{"href":"https:\/\/www.speedmodels.ch\/fr\/wp-json\/wp\/v2\/media?parent=19823"}],"wp:term":[{"taxonomy":"product_brand","embeddable":true,"href":"https:\/\/www.speedmodels.ch\/fr\/wp-json\/wp\/v2\/product_brand?post=19823"},{"taxonomy":"product_cat","embeddable":true,"href":"https:\/\/www.speedmodels.ch\/fr\/wp-json\/wp\/v2\/product_cat?post=19823"},{"taxonomy":"product_tag","embeddable":true,"href":"https:\/\/www.speedmodels.ch\/fr\/wp-json\/wp\/v2\/product_tag?post=19823"}],"curies":[{"name":"wp","href":"https:\/\/api.w.org\/{rel}","templated":true}]}}