{"id":19817,"date":"2021-10-22T12:17:28","date_gmt":"2021-10-22T12:17:28","guid":{"rendered":"https:\/\/www.speedmodels.ch\/produkte\/unkategorisiert\/aero-falke-2\/"},"modified":"2024-03-25T10:53:25","modified_gmt":"2024-03-25T10:53:25","slug":"aero-falke-2","status":"publish","type":"product","link":"https:\/\/www.speedmodels.ch\/fr\/produits\/modeles\/avions-fr\/jeunesse\/aero-falke-2\/","title":{"rendered":"Aero-Falke 2"},"content":{"rendered":"<p>est un mod\u00e8le capable de lancer en hauteur qui a \u00e9galement fait ses preuves sur les pentes. La construction est tr\u00e8s simple et s&rsquo;appuie sur des \u00e9l\u00e9ments pr\u00e9fabriqu\u00e9s. L&rsquo;aile est frais\u00e9e et peut \u00eatre retir\u00e9e pour le transport.<br \/>\nLes pi\u00e8ces sont perfor\u00e9es ou grav\u00e9es au laser. Avec instruction de montage<\/p>\n<div style=\"text-align:left\" class=\"wps-pgfw-pdf-generate-icon__wrapper-frontend\">\n\t\t<a href=\"https:\/\/www.speedmodels.ch\/fr\/wp-json\/wp\/v2\/product\/19817\/?action=genpdf&amp;id=19817\" class=\"pgfw-single-pdf-download-button\" target=_blank><img src=\"https:\/\/speedmodels.ch\/wp-content\/uploads\/2021\/09\/pdf_icon.png\" title=\"G\u00e9n\u00e9rer un PDF\" style=\"width:auto; height:45px;\"><\/a>\n\t\t<\/div>","protected":false},"excerpt":{"rendered":"<p>est un mod\u00e8le capable de lancer en hauteur qui a \u00e9galement fait ses preuves sur les pentes. La construction est tr\u00e8s simple et s&rsquo;appuie sur des \u00e9l\u00e9ments pr\u00e9fabriqu\u00e9s. L&rsquo;aile est frais\u00e9e et peut \u00eatre retir\u00e9e pour le transport. Les pi\u00e8ces sont perfor\u00e9es ou grav\u00e9es au laser. Avec instruction de montage<\/p>\n","protected":false},"featured_media":9509,"template":"","meta":[],"product_brand":[],"product_cat":[1652,1711,1710,1712],"product_tag":[],"class_list":{"0":"post-19817","1":"product","2":"type-product","3":"status-publish","4":"has-post-thumbnail","6":"product_cat-avions-fr","7":"product_cat-jeunesse","8":"product_cat-modeles","9":"product_cat-vol-libre","11":"first","12":"instock","13":"shipping-taxable","14":"product-type-simple"},"_links":{"self":[{"href":"https:\/\/www.speedmodels.ch\/fr\/wp-json\/wp\/v2\/product\/19817","targetHints":{"allow":["GET"]}}],"collection":[{"href":"https:\/\/www.speedmodels.ch\/fr\/wp-json\/wp\/v2\/product"}],"about":[{"href":"https:\/\/www.speedmodels.ch\/fr\/wp-json\/wp\/v2\/types\/product"}],"version-history":[{"count":0,"href":"https:\/\/www.speedmodels.ch\/fr\/wp-json\/wp\/v2\/product\/19817\/revisions"}],"wp:featuredmedia":[{"embeddable":true,"href":"https:\/\/www.speedmodels.ch\/fr\/wp-json\/wp\/v2\/media\/9509"}],"wp:attachment":[{"href":"https:\/\/www.speedmodels.ch\/fr\/wp-json\/wp\/v2\/media?parent=19817"}],"wp:term":[{"taxonomy":"product_brand","embeddable":true,"href":"https:\/\/www.speedmodels.ch\/fr\/wp-json\/wp\/v2\/product_brand?post=19817"},{"taxonomy":"product_cat","embeddable":true,"href":"https:\/\/www.speedmodels.ch\/fr\/wp-json\/wp\/v2\/product_cat?post=19817"},{"taxonomy":"product_tag","embeddable":true,"href":"https:\/\/www.speedmodels.ch\/fr\/wp-json\/wp\/v2\/product_tag?post=19817"}],"curies":[{"name":"wp","href":"https:\/\/api.w.org\/{rel}","templated":true}]}}