{"id":19815,"date":"2021-10-22T12:42:29","date_gmt":"2021-10-22T12:42:29","guid":{"rendered":"https:\/\/www.speedmodels.ch\/produkte\/unkategorisiert\/cumulus\/"},"modified":"2021-10-22T12:42:29","modified_gmt":"2021-10-22T12:42:29","slug":"cumulus","status":"publish","type":"product","link":"https:\/\/www.speedmodels.ch\/fr\/produits\/modeles\/avions-fr\/jeunesse\/cumulus\/","title":{"rendered":"Cumulus"},"content":{"rendered":"<p>est en grande partie pr\u00e9fabriqu\u00e9, de sorte qu&rsquo;un montage rapide est possible. L&rsquo;aile est profil\u00e9e et adapt\u00e9e \u00e0 la classe de comp\u00e9tition A1. Des instructions de construction d\u00e9taill\u00e9es et le d\u00e9cor color\u00e9 sont inclus avec le kit.<\/p>\n<div style=\"text-align:left\" class=\"wps-pgfw-pdf-generate-icon__wrapper-frontend\">\n\t\t<a href=\"https:\/\/www.speedmodels.ch\/fr\/wp-json\/wp\/v2\/product\/19815\/?action=genpdf&amp;id=19815\" class=\"pgfw-single-pdf-download-button\" target=_blank><img src=\"https:\/\/speedmodels.ch\/wp-content\/uploads\/2021\/09\/pdf_icon.png\" title=\"G\u00e9n\u00e9rer un PDF\" style=\"width:auto; height:45px;\"><\/a>\n\t\t<\/div>","protected":false},"excerpt":{"rendered":"<p>est en grande partie pr\u00e9fabriqu\u00e9, de sorte qu&rsquo;un montage rapide est possible. L&rsquo;aile est profil\u00e9e et adapt\u00e9e \u00e0 la classe de comp\u00e9tition A1. Des instructions de construction d\u00e9taill\u00e9es et le d\u00e9cor color\u00e9 sont inclus avec le kit.<\/p>\n","protected":false},"featured_media":9507,"template":"","meta":[],"product_brand":[],"product_cat":[1652,1711,1710,1712],"product_tag":[],"class_list":{"0":"post-19815","1":"product","2":"type-product","3":"status-publish","4":"has-post-thumbnail","6":"product_cat-avions-fr","7":"product_cat-jeunesse","8":"product_cat-modeles","9":"product_cat-vol-libre","11":"first","12":"instock","13":"shipping-taxable","14":"product-type-simple"},"_links":{"self":[{"href":"https:\/\/www.speedmodels.ch\/fr\/wp-json\/wp\/v2\/product\/19815","targetHints":{"allow":["GET"]}}],"collection":[{"href":"https:\/\/www.speedmodels.ch\/fr\/wp-json\/wp\/v2\/product"}],"about":[{"href":"https:\/\/www.speedmodels.ch\/fr\/wp-json\/wp\/v2\/types\/product"}],"version-history":[{"count":0,"href":"https:\/\/www.speedmodels.ch\/fr\/wp-json\/wp\/v2\/product\/19815\/revisions"}],"wp:featuredmedia":[{"embeddable":true,"href":"https:\/\/www.speedmodels.ch\/fr\/wp-json\/wp\/v2\/media\/9507"}],"wp:attachment":[{"href":"https:\/\/www.speedmodels.ch\/fr\/wp-json\/wp\/v2\/media?parent=19815"}],"wp:term":[{"taxonomy":"product_brand","embeddable":true,"href":"https:\/\/www.speedmodels.ch\/fr\/wp-json\/wp\/v2\/product_brand?post=19815"},{"taxonomy":"product_cat","embeddable":true,"href":"https:\/\/www.speedmodels.ch\/fr\/wp-json\/wp\/v2\/product_cat?post=19815"},{"taxonomy":"product_tag","embeddable":true,"href":"https:\/\/www.speedmodels.ch\/fr\/wp-json\/wp\/v2\/product_tag?post=19815"}],"curies":[{"name":"wp","href":"https:\/\/api.w.org\/{rel}","templated":true}]}}