{"id":19812,"date":"2021-10-22T12:37:35","date_gmt":"2021-10-22T12:37:35","guid":{"rendered":"https:\/\/www.speedmodels.ch\/produkte\/unkategorisiert\/dino\/"},"modified":"2024-03-25T10:51:05","modified_gmt":"2024-03-25T10:51:05","slug":"dino","status":"publish","type":"product","link":"https:\/\/www.speedmodels.ch\/fr\/produits\/modeles\/avions-fr\/jeunesse\/dino\/","title":{"rendered":"Dino"},"content":{"rendered":"<p>Ce magnifique mod\u00e8le de vol a \u00e9t\u00e9 enti\u00e8rement red\u00e9velopp\u00e9 pour le projet \u00ab\u00a0Model Building and School\u00a0\u00bb. Le planeur en balsa, tr\u00e8s facile \u00e0 construire et tr\u00e8s stable en vol, peut m\u00eame \u00eatre lanc\u00e9 haut avec une poign\u00e9e de lancement haute ! Les ailes sont en balsa plein et sont d\u00e9j\u00e0 profil\u00e9es. L&rsquo;envergure de 610mm, une longueur de fuselageeiner de 560 mm et un poide d&rsquo;environ de 75 gr. propose aussi au d\u00e9btutants un montage avec peu d&rsquo;outils et d&rsquo;efforts.<br \/>\n<strong>Le kit contient:<\/strong><br \/>\npi\u00e8ces pr\u00e9farbiqu\u00e9es et plan de montage et instruction en 5 langues. Dino est id\u00e9al pour une utilisation en classe et des groupes de projet. Des comp\u00e9titions int\u00e9ressantes peuvent \u00e9galement \u00eatre r\u00e9alis\u00e9es avec ce mod\u00e8le.<\/p>\n<div style=\"text-align:left\" class=\"wps-pgfw-pdf-generate-icon__wrapper-frontend\">\n\t\t<a href=\"https:\/\/www.speedmodels.ch\/fr\/wp-json\/wp\/v2\/product\/19812\/?action=genpdf&amp;id=19812\" class=\"pgfw-single-pdf-download-button\" target=_blank><img src=\"https:\/\/speedmodels.ch\/wp-content\/uploads\/2021\/09\/pdf_icon.png\" title=\"G\u00e9n\u00e9rer un PDF\" style=\"width:auto; height:45px;\"><\/a>\n\t\t<\/div>","protected":false},"excerpt":{"rendered":"<p>Ce magnifique mod\u00e8le de vol a \u00e9t\u00e9 enti\u00e8rement red\u00e9velopp\u00e9 pour le projet \u00ab\u00a0Model Building and School\u00a0\u00bb. Le planeur en balsa, tr\u00e8s facile \u00e0 construire et tr\u00e8s stable en vol, peut m\u00eame \u00eatre lanc\u00e9 haut avec une poign\u00e9e de lancement haute ! Les ailes sont en balsa plein et sont d\u00e9j\u00e0 profil\u00e9es. L&rsquo;envergure de 610mm, une [&hellip;]<\/p>\n","protected":false},"featured_media":9504,"template":"","meta":[],"product_brand":[],"product_cat":[1652,1711,1710,1712],"product_tag":[],"class_list":{"0":"post-19812","1":"product","2":"type-product","3":"status-publish","4":"has-post-thumbnail","6":"product_cat-avions-fr","7":"product_cat-jeunesse","8":"product_cat-modeles","9":"product_cat-vol-libre","11":"first","12":"instock","13":"shipping-taxable","14":"product-type-simple"},"_links":{"self":[{"href":"https:\/\/www.speedmodels.ch\/fr\/wp-json\/wp\/v2\/product\/19812","targetHints":{"allow":["GET"]}}],"collection":[{"href":"https:\/\/www.speedmodels.ch\/fr\/wp-json\/wp\/v2\/product"}],"about":[{"href":"https:\/\/www.speedmodels.ch\/fr\/wp-json\/wp\/v2\/types\/product"}],"version-history":[{"count":0,"href":"https:\/\/www.speedmodels.ch\/fr\/wp-json\/wp\/v2\/product\/19812\/revisions"}],"wp:featuredmedia":[{"embeddable":true,"href":"https:\/\/www.speedmodels.ch\/fr\/wp-json\/wp\/v2\/media\/9504"}],"wp:attachment":[{"href":"https:\/\/www.speedmodels.ch\/fr\/wp-json\/wp\/v2\/media?parent=19812"}],"wp:term":[{"taxonomy":"product_brand","embeddable":true,"href":"https:\/\/www.speedmodels.ch\/fr\/wp-json\/wp\/v2\/product_brand?post=19812"},{"taxonomy":"product_cat","embeddable":true,"href":"https:\/\/www.speedmodels.ch\/fr\/wp-json\/wp\/v2\/product_cat?post=19812"},{"taxonomy":"product_tag","embeddable":true,"href":"https:\/\/www.speedmodels.ch\/fr\/wp-json\/wp\/v2\/product_tag?post=19812"}],"curies":[{"name":"wp","href":"https:\/\/api.w.org\/{rel}","templated":true}]}}