{"id":19811,"date":"2021-10-25T08:30:08","date_gmt":"2021-10-25T08:30:08","guid":{"rendered":"https:\/\/www.speedmodels.ch\/produkte\/unkategorisiert\/lilienthal-32\/"},"modified":"2021-10-25T08:30:08","modified_gmt":"2021-10-25T08:30:08","slug":"lilienthal-32","status":"publish","type":"product","link":"https:\/\/www.speedmodels.ch\/fr\/produits\/modeles\/avions-fr\/jeunesse\/lilienthal-32\/","title":{"rendered":"Lilienthal 32"},"content":{"rendered":"<p class=\"deutsch_texte\">Le d\u00e9veloppement ult\u00e9rieur du mod\u00e8le d&rsquo;entra\u00eenement populaire Lilienthal 31 a maintenant une aile enti\u00e8rement en bois dans la construction standard (Jedelsky). Avec ce mod\u00e8le il n&rsquo;y a pas de rev\u00eatement papier ni de traitement au vernis de tension. Le succ\u00e8s de la construction est ainsi plus rapide. Pour l&rsquo;impr\u00e9gnation, le mod\u00e8le en bois doit \u00eatre trait\u00e9 au moins une fois avec un bouche-pores. En raison de sa faible charge alaire totale d&rsquo;environ 12 g par dm\u00b2, ce mod\u00e8le a de tr\u00e8s bonnes caract\u00e9ristiques de vol. Le Lilienthal 32 est \u00e9quip\u00e9 d&rsquo;un contr\u00f4le de courbe, qui est activ\u00e9 apr\u00e8s d\u00e9verrouillage de la ligne de d\u00e9part haut. Toutes les pi\u00e8ces en bois sont d\u00e9coup\u00e9es au laser avec pr\u00e9cision et seront assembl\u00e9es selon les instructions de montage d\u00e9taill\u00e9es et avec de nombreux dessins en 3D.<br \/>\n<strong>Le kit contient:<\/strong><br \/>\ndes instructions de montage avec de nombreux dessins en 3D, des pi\u00e8ces en bois en balsa, abachi, contreplaqu\u00e9 d\u00e9coup\u00e9 au laser, bord d&rsquo;attaque frais\u00e9 et longeron en pin. De plus, la colle, les garnitures de ballast, le papier de verre et les autocollants sont inclus dans le kit.<\/p>\n<div style=\"text-align:left\" class=\"wps-pgfw-pdf-generate-icon__wrapper-frontend\">\n\t\t<a href=\"https:\/\/www.speedmodels.ch\/fr\/wp-json\/wp\/v2\/product\/19811\/?action=genpdf&amp;id=19811\" class=\"pgfw-single-pdf-download-button\" target=_blank><img src=\"https:\/\/speedmodels.ch\/wp-content\/uploads\/2021\/09\/pdf_icon.png\" title=\"G\u00e9n\u00e9rer un PDF\" style=\"width:auto; height:45px;\"><\/a>\n\t\t<\/div>","protected":false},"excerpt":{"rendered":"<p>Le d\u00e9veloppement ult\u00e9rieur du mod\u00e8le d&rsquo;entra\u00eenement populaire Lilienthal 31 a maintenant une aile enti\u00e8rement en bois dans la construction standard (Jedelsky). Avec ce mod\u00e8le il n&rsquo;y a pas de rev\u00eatement papier ni de traitement au vernis de tension. Le succ\u00e8s de la construction est ainsi plus rapide. Pour l&rsquo;impr\u00e9gnation, le mod\u00e8le en bois doit \u00eatre [&hellip;]<\/p>\n","protected":false},"featured_media":9501,"template":"","meta":[],"product_brand":[],"product_cat":[1652,1711,1710,1712],"product_tag":[],"class_list":{"0":"post-19811","1":"product","2":"type-product","3":"status-publish","4":"has-post-thumbnail","6":"product_cat-avions-fr","7":"product_cat-jeunesse","8":"product_cat-modeles","9":"product_cat-vol-libre","11":"first","12":"instock","13":"shipping-taxable","14":"product-type-simple"},"_links":{"self":[{"href":"https:\/\/www.speedmodels.ch\/fr\/wp-json\/wp\/v2\/product\/19811","targetHints":{"allow":["GET"]}}],"collection":[{"href":"https:\/\/www.speedmodels.ch\/fr\/wp-json\/wp\/v2\/product"}],"about":[{"href":"https:\/\/www.speedmodels.ch\/fr\/wp-json\/wp\/v2\/types\/product"}],"version-history":[{"count":0,"href":"https:\/\/www.speedmodels.ch\/fr\/wp-json\/wp\/v2\/product\/19811\/revisions"}],"wp:featuredmedia":[{"embeddable":true,"href":"https:\/\/www.speedmodels.ch\/fr\/wp-json\/wp\/v2\/media\/9501"}],"wp:attachment":[{"href":"https:\/\/www.speedmodels.ch\/fr\/wp-json\/wp\/v2\/media?parent=19811"}],"wp:term":[{"taxonomy":"product_brand","embeddable":true,"href":"https:\/\/www.speedmodels.ch\/fr\/wp-json\/wp\/v2\/product_brand?post=19811"},{"taxonomy":"product_cat","embeddable":true,"href":"https:\/\/www.speedmodels.ch\/fr\/wp-json\/wp\/v2\/product_cat?post=19811"},{"taxonomy":"product_tag","embeddable":true,"href":"https:\/\/www.speedmodels.ch\/fr\/wp-json\/wp\/v2\/product_tag?post=19811"}],"curies":[{"name":"wp","href":"https:\/\/api.w.org\/{rel}","templated":true}]}}