{"id":19810,"date":"2021-10-25T08:24:43","date_gmt":"2021-10-25T08:24:43","guid":{"rendered":"https:\/\/www.speedmodels.ch\/produkte\/unkategorisiert\/lilienthal-31\/"},"modified":"2021-10-25T08:24:43","modified_gmt":"2021-10-25T08:24:43","slug":"lilienthal-31","status":"publish","type":"product","link":"https:\/\/www.speedmodels.ch\/fr\/produits\/modeles\/avions-fr\/jeunesse\/lilienthal-31\/","title":{"rendered":"Lilienthal 31"},"content":{"rendered":"<p>Lilienthal 31 est le d\u00e9veloppement commun en coop\u00e9ration avec la DMFV pour le travail de jeunesse dans les clubs et les groupes de travail pour les \u00e9coles. Le Lilienthal est enti\u00e8rement en bois avec un rev\u00eatement en papier japonais. L&rsquo;aile a une surface droite sur le c\u00f4t\u00e9 inf\u00e9rieur afin qu&rsquo;aucun probl\u00e8me ne puisse survenir pendant la construction. Toutes les pi\u00e8ces en balsa, abachi et contreplaqu\u00e9 sont d\u00e9coup\u00e9es avec pr\u00e9cision au laser. Le bord d&rsquo;attaque et le bord de fuite sont frais\u00e9s et coup\u00e9s pour donner aux nervures la bonne place et le bon soutien.<\/p>\n<div style=\"text-align:left\" class=\"wps-pgfw-pdf-generate-icon__wrapper-frontend\">\n\t\t<a href=\"https:\/\/www.speedmodels.ch\/fr\/wp-json\/wp\/v2\/product\/19810\/?action=genpdf&amp;id=19810\" class=\"pgfw-single-pdf-download-button\" target=_blank><img src=\"https:\/\/speedmodels.ch\/wp-content\/uploads\/2021\/09\/pdf_icon.png\" title=\"G\u00e9n\u00e9rer un PDF\" style=\"width:auto; height:45px;\"><\/a>\n\t\t<\/div>","protected":false},"excerpt":{"rendered":"<p>Lilienthal 31 est le d\u00e9veloppement commun en coop\u00e9ration avec la DMFV pour le travail de jeunesse dans les clubs et les groupes de travail pour les \u00e9coles. Le Lilienthal est enti\u00e8rement en bois avec un rev\u00eatement en papier japonais. L&rsquo;aile a une surface droite sur le c\u00f4t\u00e9 inf\u00e9rieur afin qu&rsquo;aucun probl\u00e8me ne puisse survenir pendant [&hellip;]<\/p>\n","protected":false},"featured_media":9500,"template":"","meta":[],"product_brand":[],"product_cat":[1652,1711,1710,1712],"product_tag":[],"class_list":{"0":"post-19810","1":"product","2":"type-product","3":"status-publish","4":"has-post-thumbnail","6":"product_cat-avions-fr","7":"product_cat-jeunesse","8":"product_cat-modeles","9":"product_cat-vol-libre","11":"first","12":"instock","13":"shipping-taxable","14":"product-type-simple"},"_links":{"self":[{"href":"https:\/\/www.speedmodels.ch\/fr\/wp-json\/wp\/v2\/product\/19810","targetHints":{"allow":["GET"]}}],"collection":[{"href":"https:\/\/www.speedmodels.ch\/fr\/wp-json\/wp\/v2\/product"}],"about":[{"href":"https:\/\/www.speedmodels.ch\/fr\/wp-json\/wp\/v2\/types\/product"}],"version-history":[{"count":0,"href":"https:\/\/www.speedmodels.ch\/fr\/wp-json\/wp\/v2\/product\/19810\/revisions"}],"wp:featuredmedia":[{"embeddable":true,"href":"https:\/\/www.speedmodels.ch\/fr\/wp-json\/wp\/v2\/media\/9500"}],"wp:attachment":[{"href":"https:\/\/www.speedmodels.ch\/fr\/wp-json\/wp\/v2\/media?parent=19810"}],"wp:term":[{"taxonomy":"product_brand","embeddable":true,"href":"https:\/\/www.speedmodels.ch\/fr\/wp-json\/wp\/v2\/product_brand?post=19810"},{"taxonomy":"product_cat","embeddable":true,"href":"https:\/\/www.speedmodels.ch\/fr\/wp-json\/wp\/v2\/product_cat?post=19810"},{"taxonomy":"product_tag","embeddable":true,"href":"https:\/\/www.speedmodels.ch\/fr\/wp-json\/wp\/v2\/product_tag?post=19810"}],"curies":[{"name":"wp","href":"https:\/\/api.w.org\/{rel}","templated":true}]}}