{"id":19809,"date":"2021-10-25T08:37:01","date_gmt":"2021-10-25T08:37:01","guid":{"rendered":"https:\/\/www.speedmodels.ch\/produkte\/unkategorisiert\/lilienthal-lt40\/"},"modified":"2021-10-25T08:37:01","modified_gmt":"2021-10-25T08:37:01","slug":"lilienthal-lt40","status":"publish","type":"product","link":"https:\/\/www.speedmodels.ch\/fr\/produits\/modeles\/avions-fr\/modeles-telecommandes\/planeurs\/lilienthal-lt40\/","title":{"rendered":"Lilienthal LT40"},"content":{"rendered":"<p><span class=\"deutsch_texte\">Le mod\u00e8le galb\u00e9 est une \u00e9volution du mod\u00e8le de vol libre populaire Lilienthal 32, qui a toujours obtenu de tr\u00e8s bons classements dans les comp\u00e9titions de jeunes.<\/span> Avec le <strong>Lilienthal 40<\/strong> RC, l&rsquo;extension avec t\u00e9l\u00e9commande n&rsquo;est plus un probl\u00e8me. Le fuselage offre suffisamment d&rsquo;espace pour 2 micro servos, r\u00e9cepteur et batterie. Une carte servo appropri\u00e9e, des tringleries et des c\u00e2bles Bowden sont d\u00e9j\u00e0 inclus dans le kit. Le mod\u00e8le peut \u00e9galement \u00eatre construit comme un mod\u00e8le de vol libre pur et les composants RC peuvent \u00eatre install\u00e9s ult\u00e9rieurement. Un crochet \u00e0 d\u00e9marrage haut est \u00e9galement inclus dans le kit Comme d&rsquo;habitude chez aero-naut, toutes les pi\u00e8ces sont d\u00e9coup\u00e9es au laser avec pr\u00e9cision. Le bord d&rsquo;attaque du mod\u00e8le est d\u00e9j\u00e0 frais\u00e9 en forme &#8211; aucun travail de meulage n&rsquo;est ici n\u00e9cessaire. L&rsquo;aile est coll\u00e9e avec des morceaux de balsa pr\u00e9form\u00e9s \u00e0 l&rsquo;aide de nervures de support. Les oreilles des surfaces sont d\u00e9j\u00e0 faites avec la forme en V appropri\u00e9e, qui n&rsquo;a alors plus besoin d&rsquo;\u00eatre ponc\u00e9e \u00e0 la taille.<br \/>\nAvec une envergure de 1190 mm, une masse au d\u00e9collage de 190-220 g est atteinte, avec ou sans composants RC, selon la configuration. La construction du mod\u00e8le est accompagn\u00e9e d&rsquo;instructions de construction uniques et adapt\u00e9es aux jeunes dans un style 3D, connues des mod\u00e8les a\u00e9ronautiques, qui garantissent un succ\u00e8s de construction rapide. Le mod\u00e8le est approuv\u00e9 et parfaitement adapt\u00e9 aux comp\u00e9titions de jeunes dans les associations de mod\u00e9lisme.<br \/>\nUn accessoire moteur appropri\u00e9 avec le n\u00b0 <strong>AN-7126-01<\/strong> est disponible.<br \/>\nConstruction de niveau de difficult\u00e9 : <span class=\"sw-acf-field-label label-field_5dcad304d99f3\"><br \/>\n<\/span><br \/>\n<span class=\"sw-acf-field-label label-field_5dcbcb97699d1\">d\u00e9butant<\/span><\/p>\n<div style=\"text-align:left\" class=\"wps-pgfw-pdf-generate-icon__wrapper-frontend\">\n\t\t<a href=\"https:\/\/www.speedmodels.ch\/fr\/wp-json\/wp\/v2\/product\/19809\/?action=genpdf&amp;id=19809\" class=\"pgfw-single-pdf-download-button\" target=_blank><img src=\"https:\/\/speedmodels.ch\/wp-content\/uploads\/2021\/09\/pdf_icon.png\" title=\"G\u00e9n\u00e9rer un PDF\" style=\"width:auto; height:45px;\"><\/a>\n\t\t<\/div>","protected":false},"excerpt":{"rendered":"<p>Le mod\u00e8le galb\u00e9 est une \u00e9volution du mod\u00e8le de vol libre populaire Lilienthal 32, qui a toujours obtenu de tr\u00e8s bons classements dans les comp\u00e9titions de jeunes. Avec le Lilienthal 40 RC, l&rsquo;extension avec t\u00e9l\u00e9commande n&rsquo;est plus un probl\u00e8me. Le fuselage offre suffisamment d&rsquo;espace pour 2 micro servos, r\u00e9cepteur et batterie. Une carte servo appropri\u00e9e, [&hellip;]<\/p>\n","protected":false},"featured_media":9495,"template":"","meta":[],"product_brand":[],"product_cat":[1652,1711,1710,1653,1654,1655,1712],"product_tag":[],"class_list":{"0":"post-19809","1":"product","2":"type-product","3":"status-publish","4":"has-post-thumbnail","6":"product_cat-avions-fr","7":"product_cat-jeunesse","8":"product_cat-modeles","9":"product_cat-modeles-telecommandes","10":"product_cat-planeurs","11":"product_cat-planeurs-electriques","12":"product_cat-vol-libre","14":"first","15":"instock","16":"shipping-taxable","17":"product-type-simple"},"_links":{"self":[{"href":"https:\/\/www.speedmodels.ch\/fr\/wp-json\/wp\/v2\/product\/19809","targetHints":{"allow":["GET"]}}],"collection":[{"href":"https:\/\/www.speedmodels.ch\/fr\/wp-json\/wp\/v2\/product"}],"about":[{"href":"https:\/\/www.speedmodels.ch\/fr\/wp-json\/wp\/v2\/types\/product"}],"version-history":[{"count":0,"href":"https:\/\/www.speedmodels.ch\/fr\/wp-json\/wp\/v2\/product\/19809\/revisions"}],"wp:featuredmedia":[{"embeddable":true,"href":"https:\/\/www.speedmodels.ch\/fr\/wp-json\/wp\/v2\/media\/9495"}],"wp:attachment":[{"href":"https:\/\/www.speedmodels.ch\/fr\/wp-json\/wp\/v2\/media?parent=19809"}],"wp:term":[{"taxonomy":"product_brand","embeddable":true,"href":"https:\/\/www.speedmodels.ch\/fr\/wp-json\/wp\/v2\/product_brand?post=19809"},{"taxonomy":"product_cat","embeddable":true,"href":"https:\/\/www.speedmodels.ch\/fr\/wp-json\/wp\/v2\/product_cat?post=19809"},{"taxonomy":"product_tag","embeddable":true,"href":"https:\/\/www.speedmodels.ch\/fr\/wp-json\/wp\/v2\/product_tag?post=19809"}],"curies":[{"name":"wp","href":"https:\/\/api.w.org\/{rel}","templated":true}]}}