{"id":19808,"date":"2021-10-22T12:34:13","date_gmt":"2021-10-22T12:34:13","guid":{"rendered":"https:\/\/www.speedmodels.ch\/produkte\/unkategorisiert\/bora\/"},"modified":"2024-03-25T10:51:32","modified_gmt":"2024-03-25T10:51:32","slug":"bora","status":"publish","type":"product","link":"https:\/\/www.speedmodels.ch\/fr\/produits\/modeles\/avions-fr\/jeunesse\/bora\/","title":{"rendered":"Bora"},"content":{"rendered":"<p>Bora est un planeur facile et vite \u00e0 monter. Les ailes sont construites selon la construction standard \u00e9prouv\u00e9e, toutes les pi\u00e8ces en bois de balsa sont pr\u00e9-perfor\u00e9es. Bora est capable de lancer haut, mais peut \u00e9galement \u00eatre lanc\u00e9 \u00e0 la main sur de petites pentes et effectue d&rsquo;excellents vols plan\u00e9s. Le mod\u00e8le est id\u00e9al pour les d\u00e9butants en mod\u00e9lisme.<br \/>\n<strong>Le kit contient:<\/strong><br \/>\npi\u00e8ces en balsa perfor\u00e9es, baguette en pin, poids, papier de verre et d\u00e9coration.<\/p>\n<div style=\"text-align:left\" class=\"wps-pgfw-pdf-generate-icon__wrapper-frontend\">\n\t\t<a href=\"https:\/\/www.speedmodels.ch\/fr\/wp-json\/wp\/v2\/product\/19808\/?action=genpdf&amp;id=19808\" class=\"pgfw-single-pdf-download-button\" target=_blank><img src=\"https:\/\/speedmodels.ch\/wp-content\/uploads\/2021\/09\/pdf_icon.png\" title=\"G\u00e9n\u00e9rer un PDF\" style=\"width:auto; height:45px;\"><\/a>\n\t\t<\/div>","protected":false},"excerpt":{"rendered":"<p>Bora est un planeur facile et vite \u00e0 monter. Les ailes sont construites selon la construction standard \u00e9prouv\u00e9e, toutes les pi\u00e8ces en bois de balsa sont pr\u00e9-perfor\u00e9es. Bora est capable de lancer haut, mais peut \u00e9galement \u00eatre lanc\u00e9 \u00e0 la main sur de petites pentes et effectue d&rsquo;excellents vols plan\u00e9s. Le mod\u00e8le est id\u00e9al pour [&hellip;]<\/p>\n","protected":false},"featured_media":9494,"template":"","meta":[],"product_brand":[],"product_cat":[1652,1711,1710,1712],"product_tag":[],"class_list":{"0":"post-19808","1":"product","2":"type-product","3":"status-publish","4":"has-post-thumbnail","6":"product_cat-avions-fr","7":"product_cat-jeunesse","8":"product_cat-modeles","9":"product_cat-vol-libre","11":"first","12":"instock","13":"shipping-taxable","14":"product-type-simple"},"_links":{"self":[{"href":"https:\/\/www.speedmodels.ch\/fr\/wp-json\/wp\/v2\/product\/19808","targetHints":{"allow":["GET"]}}],"collection":[{"href":"https:\/\/www.speedmodels.ch\/fr\/wp-json\/wp\/v2\/product"}],"about":[{"href":"https:\/\/www.speedmodels.ch\/fr\/wp-json\/wp\/v2\/types\/product"}],"version-history":[{"count":0,"href":"https:\/\/www.speedmodels.ch\/fr\/wp-json\/wp\/v2\/product\/19808\/revisions"}],"wp:featuredmedia":[{"embeddable":true,"href":"https:\/\/www.speedmodels.ch\/fr\/wp-json\/wp\/v2\/media\/9494"}],"wp:attachment":[{"href":"https:\/\/www.speedmodels.ch\/fr\/wp-json\/wp\/v2\/media?parent=19808"}],"wp:term":[{"taxonomy":"product_brand","embeddable":true,"href":"https:\/\/www.speedmodels.ch\/fr\/wp-json\/wp\/v2\/product_brand?post=19808"},{"taxonomy":"product_cat","embeddable":true,"href":"https:\/\/www.speedmodels.ch\/fr\/wp-json\/wp\/v2\/product_cat?post=19808"},{"taxonomy":"product_tag","embeddable":true,"href":"https:\/\/www.speedmodels.ch\/fr\/wp-json\/wp\/v2\/product_tag?post=19808"}],"curies":[{"name":"wp","href":"https:\/\/api.w.org\/{rel}","templated":true}]}}