{"id":19807,"date":"2021-10-22T12:31:53","date_gmt":"2021-10-22T12:31:53","guid":{"rendered":"https:\/\/www.speedmodels.ch\/produkte\/unkategorisiert\/bingo\/"},"modified":"2024-03-25T10:51:46","modified_gmt":"2024-03-25T10:51:46","slug":"bingo","status":"publish","type":"product","link":"https:\/\/www.speedmodels.ch\/fr\/produits\/modeles\/avions-fr\/jeunesse\/bingo\/","title":{"rendered":"Bingo"},"content":{"rendered":"<p>est un mod\u00e8le de vol pour le lancement \u00e0 main et en hauteur, dans un design en bois de balsa tr\u00e8s l\u00e9ger et un b\u00e2ton de fuselage en pin. L&rsquo;aile est cr\u00e9\u00e9e dans une construction standard, elle peut donc \u00eatre construite rapidement car aucun rev\u00eatement n&rsquo;est n\u00e9cessaire. Bingo est un mod\u00e8le pour d\u00e9butant avec de tr\u00e8s bonnes caract\u00e9ristiques de vol. Tous les pi\u00e8ces en balsa sont perfor\u00e9es.<br \/>\n<strong>Le kit contient:<\/strong><br \/>\nPlan de montage, tous les pi\u00e8ces necessaire en balsa et contre plaqu\u00e9s perfor\u00e9es et grav\u00e9es, poids et d\u00e9coration.<\/p>\n<div style=\"text-align:left\" class=\"wps-pgfw-pdf-generate-icon__wrapper-frontend\">\n\t\t<a href=\"https:\/\/www.speedmodels.ch\/fr\/wp-json\/wp\/v2\/product\/19807\/?action=genpdf&amp;id=19807\" class=\"pgfw-single-pdf-download-button\" target=_blank><img src=\"https:\/\/speedmodels.ch\/wp-content\/uploads\/2021\/09\/pdf_icon.png\" title=\"G\u00e9n\u00e9rer un PDF\" style=\"width:auto; height:45px;\"><\/a>\n\t\t<\/div>","protected":false},"excerpt":{"rendered":"<p>est un mod\u00e8le de vol pour le lancement \u00e0 main et en hauteur, dans un design en bois de balsa tr\u00e8s l\u00e9ger et un b\u00e2ton de fuselage en pin. L&rsquo;aile est cr\u00e9\u00e9e dans une construction standard, elle peut donc \u00eatre construite rapidement car aucun rev\u00eatement n&rsquo;est n\u00e9cessaire. Bingo est un mod\u00e8le pour d\u00e9butant avec de [&hellip;]<\/p>\n","protected":false},"featured_media":9493,"template":"","meta":[],"product_brand":[],"product_cat":[1652,1711,1710,1712],"product_tag":[],"class_list":{"0":"post-19807","1":"product","2":"type-product","3":"status-publish","4":"has-post-thumbnail","6":"product_cat-avions-fr","7":"product_cat-jeunesse","8":"product_cat-modeles","9":"product_cat-vol-libre","11":"first","12":"instock","13":"shipping-taxable","14":"product-type-simple"},"_links":{"self":[{"href":"https:\/\/www.speedmodels.ch\/fr\/wp-json\/wp\/v2\/product\/19807","targetHints":{"allow":["GET"]}}],"collection":[{"href":"https:\/\/www.speedmodels.ch\/fr\/wp-json\/wp\/v2\/product"}],"about":[{"href":"https:\/\/www.speedmodels.ch\/fr\/wp-json\/wp\/v2\/types\/product"}],"version-history":[{"count":0,"href":"https:\/\/www.speedmodels.ch\/fr\/wp-json\/wp\/v2\/product\/19807\/revisions"}],"wp:featuredmedia":[{"embeddable":true,"href":"https:\/\/www.speedmodels.ch\/fr\/wp-json\/wp\/v2\/media\/9493"}],"wp:attachment":[{"href":"https:\/\/www.speedmodels.ch\/fr\/wp-json\/wp\/v2\/media?parent=19807"}],"wp:term":[{"taxonomy":"product_brand","embeddable":true,"href":"https:\/\/www.speedmodels.ch\/fr\/wp-json\/wp\/v2\/product_brand?post=19807"},{"taxonomy":"product_cat","embeddable":true,"href":"https:\/\/www.speedmodels.ch\/fr\/wp-json\/wp\/v2\/product_cat?post=19807"},{"taxonomy":"product_tag","embeddable":true,"href":"https:\/\/www.speedmodels.ch\/fr\/wp-json\/wp\/v2\/product_tag?post=19807"}],"curies":[{"name":"wp","href":"https:\/\/api.w.org\/{rel}","templated":true}]}}