{"id":19802,"date":"2021-10-22T11:48:28","date_gmt":"2021-10-22T11:48:28","guid":{"rendered":"https:\/\/www.speedmodels.ch\/produkte\/unkategorisiert\/aero-spatz\/"},"modified":"2024-01-04T13:05:49","modified_gmt":"2024-01-04T13:05:49","slug":"aero-spatz","status":"publish","type":"product","link":"https:\/\/www.speedmodels.ch\/fr\/produits\/modeles\/avions-fr\/jeunesse\/aero-spatz\/","title":{"rendered":"Aero-Spatz"},"content":{"rendered":"<p>Mod\u00e8le de vol libre de lancer en bois un peut plus grand. L&rsquo;aile est constitu\u00e9e d&rsquo;un profil frais\u00e9 Jedelsky qui offre de tr\u00e8s bonnes caract\u00e9ristiques de vol. Tous les pi\u00e8ces sont perfor\u00e9es ou grav\u00e9es au Laser et le mod\u00e8les est simple \u00e0 monter.<\/p>\n<p>Le kit contient:<br \/>\npi\u00e8ces en balsa et pin, poids, papier de verre et d\u00e9coration, instruction de montage<\/p>\n<div style=\"text-align:left\" class=\"wps-pgfw-pdf-generate-icon__wrapper-frontend\">\n\t\t<a href=\"https:\/\/www.speedmodels.ch\/fr\/wp-json\/wp\/v2\/product\/19802\/?action=genpdf&amp;id=19802\" class=\"pgfw-single-pdf-download-button\" target=_blank><img src=\"https:\/\/speedmodels.ch\/wp-content\/uploads\/2021\/09\/pdf_icon.png\" title=\"G\u00e9n\u00e9rer un PDF\" style=\"width:auto; height:45px;\"><\/a>\n\t\t<\/div>","protected":false},"excerpt":{"rendered":"<p>Mod\u00e8le de vol libre de lancer en bois un peut plus grand. L&rsquo;aile est constitu\u00e9e d&rsquo;un profil frais\u00e9 Jedelsky qui offre de tr\u00e8s bonnes caract\u00e9ristiques de vol. Tous les pi\u00e8ces sont perfor\u00e9es ou grav\u00e9es au Laser et le mod\u00e8les est simple \u00e0 monter. Le kit contient: pi\u00e8ces en balsa et pin, poids, papier de verre [&hellip;]<\/p>\n","protected":false},"featured_media":9487,"template":"","meta":[],"product_brand":[],"product_cat":[1652,1711,1710,1712],"product_tag":[],"class_list":{"0":"post-19802","1":"product","2":"type-product","3":"status-publish","4":"has-post-thumbnail","6":"product_cat-avions-fr","7":"product_cat-jeunesse","8":"product_cat-modeles","9":"product_cat-vol-libre","11":"first","12":"instock","13":"shipping-taxable","14":"product-type-simple"},"_links":{"self":[{"href":"https:\/\/www.speedmodels.ch\/fr\/wp-json\/wp\/v2\/product\/19802","targetHints":{"allow":["GET"]}}],"collection":[{"href":"https:\/\/www.speedmodels.ch\/fr\/wp-json\/wp\/v2\/product"}],"about":[{"href":"https:\/\/www.speedmodels.ch\/fr\/wp-json\/wp\/v2\/types\/product"}],"version-history":[{"count":0,"href":"https:\/\/www.speedmodels.ch\/fr\/wp-json\/wp\/v2\/product\/19802\/revisions"}],"wp:featuredmedia":[{"embeddable":true,"href":"https:\/\/www.speedmodels.ch\/fr\/wp-json\/wp\/v2\/media\/9487"}],"wp:attachment":[{"href":"https:\/\/www.speedmodels.ch\/fr\/wp-json\/wp\/v2\/media?parent=19802"}],"wp:term":[{"taxonomy":"product_brand","embeddable":true,"href":"https:\/\/www.speedmodels.ch\/fr\/wp-json\/wp\/v2\/product_brand?post=19802"},{"taxonomy":"product_cat","embeddable":true,"href":"https:\/\/www.speedmodels.ch\/fr\/wp-json\/wp\/v2\/product_cat?post=19802"},{"taxonomy":"product_tag","embeddable":true,"href":"https:\/\/www.speedmodels.ch\/fr\/wp-json\/wp\/v2\/product_tag?post=19802"}],"curies":[{"name":"wp","href":"https:\/\/api.w.org\/{rel}","templated":true}]}}