{"id":19800,"date":"2021-10-22T11:59:36","date_gmt":"2021-10-22T11:59:36","guid":{"rendered":"https:\/\/www.speedmodels.ch\/produkte\/unkategorisiert\/pit\/"},"modified":"2024-01-04T13:05:21","modified_gmt":"2024-01-04T13:05:21","slug":"pit","status":"publish","type":"product","link":"https:\/\/www.speedmodels.ch\/fr\/produits\/modeles\/avions-fr\/jeunesse\/pit\/","title":{"rendered":"Pit"},"content":{"rendered":"<p>Mod\u00e8le de vol libre de lancer, facile \u00e0 monter. Tous les pi\u00e8ces sont perfor\u00e9 ou graver au laser et facile \u00e0 monter. Apr\u00e8s peut de temps de montage le mod\u00e8le vous propose beaucoup de plaisir.<\/p>\n<p><strong>Le kit contient:<\/strong><\/p>\n<p>pi\u00e8ces en balsa et pin, poids, papier de verre et d\u00e9coration, instruction de montage<\/p>\n<div style=\"text-align:left\" class=\"wps-pgfw-pdf-generate-icon__wrapper-frontend\">\n\t\t<a href=\"https:\/\/www.speedmodels.ch\/fr\/wp-json\/wp\/v2\/product\/19800\/?action=genpdf&amp;id=19800\" class=\"pgfw-single-pdf-download-button\" target=_blank><img src=\"https:\/\/speedmodels.ch\/wp-content\/uploads\/2021\/09\/pdf_icon.png\" title=\"G\u00e9n\u00e9rer un PDF\" style=\"width:auto; height:45px;\"><\/a>\n\t\t<\/div>","protected":false},"excerpt":{"rendered":"<p>Mod\u00e8le de vol libre de lancer, facile \u00e0 monter. Tous les pi\u00e8ces sont perfor\u00e9 ou graver au laser et facile \u00e0 monter. Apr\u00e8s peut de temps de montage le mod\u00e8le vous propose beaucoup de plaisir. Le kit contient: pi\u00e8ces en balsa et pin, poids, papier de verre et d\u00e9coration, instruction de montage<\/p>\n","protected":false},"featured_media":9488,"template":"","meta":[],"product_brand":[],"product_cat":[1652,1711,1710,1712],"product_tag":[],"class_list":{"0":"post-19800","1":"product","2":"type-product","3":"status-publish","4":"has-post-thumbnail","6":"product_cat-avions-fr","7":"product_cat-jeunesse","8":"product_cat-modeles","9":"product_cat-vol-libre","11":"first","12":"instock","13":"shipping-taxable","14":"product-type-simple"},"_links":{"self":[{"href":"https:\/\/www.speedmodels.ch\/fr\/wp-json\/wp\/v2\/product\/19800","targetHints":{"allow":["GET"]}}],"collection":[{"href":"https:\/\/www.speedmodels.ch\/fr\/wp-json\/wp\/v2\/product"}],"about":[{"href":"https:\/\/www.speedmodels.ch\/fr\/wp-json\/wp\/v2\/types\/product"}],"version-history":[{"count":0,"href":"https:\/\/www.speedmodels.ch\/fr\/wp-json\/wp\/v2\/product\/19800\/revisions"}],"wp:featuredmedia":[{"embeddable":true,"href":"https:\/\/www.speedmodels.ch\/fr\/wp-json\/wp\/v2\/media\/9488"}],"wp:attachment":[{"href":"https:\/\/www.speedmodels.ch\/fr\/wp-json\/wp\/v2\/media?parent=19800"}],"wp:term":[{"taxonomy":"product_brand","embeddable":true,"href":"https:\/\/www.speedmodels.ch\/fr\/wp-json\/wp\/v2\/product_brand?post=19800"},{"taxonomy":"product_cat","embeddable":true,"href":"https:\/\/www.speedmodels.ch\/fr\/wp-json\/wp\/v2\/product_cat?post=19800"},{"taxonomy":"product_tag","embeddable":true,"href":"https:\/\/www.speedmodels.ch\/fr\/wp-json\/wp\/v2\/product_tag?post=19800"}],"curies":[{"name":"wp","href":"https:\/\/api.w.org\/{rel}","templated":true}]}}