{"id":19786,"date":"2022-11-10T13:28:33","date_gmt":"2022-11-10T13:28:33","guid":{"rendered":"https:\/\/www.speedmodels.ch\/produkte\/unkategorisiert\/variateur-race-control-10a\/"},"modified":"2024-02-01T14:32:03","modified_gmt":"2024-02-01T14:32:03","slug":"variateur-race-control-10a","status":"publish","type":"product","link":"https:\/\/www.speedmodels.ch\/fr\/produits\/entrainement-et-accessoires\/variateur\/bateaux\/variateur-race-control-10a\/","title":{"rendered":"Variateur Race-Control 10A"},"content":{"rendered":"<p>Race-Control est un variateur pour les moteurs \u00e0 <strong>charbon<\/strong>. Le contr\u00f4leur peut \u00eatre utilis\u00e9 dans nos bateaux jusqu&rsquo;\u00e0 une puissance de 10 A. En raison de sa taille compacte, il convient \u00e9galement aux petits mod\u00e8les avec peu d&rsquo;espace dans le fuselage. Le contr\u00f4leur est programm\u00e9 pour marche avant-arr\u00eat-marche arri\u00e8re. Une prise XT-60 est soud\u00e9e \u00e0 la connexion de la batterie. Le moteur est soud\u00e9 directement sur le c\u00e2ble de raccordement. Il fonctionne dans la plage de tension optimale des batteries LiPo 1-2S ou des batteries plomb-acide 6 V. Le BEC fournit un maximum de 6 V, mais fonctionne \u00e9galement avec des tensions de fonctionnement inf\u00e9rieures de la batterie d&rsquo;entra\u00eenement. Ici, la sortie du BEC est d&rsquo;environ 0,3-0,4 V en dessous de la tension de fonctionnement (par exemple, batterie d&rsquo;entra\u00eenement 4,8 V = BEC environ 4,5 V)<\/p>\n<table style=\"height: 285px;\" width=\"297\">\n<tbody>\n<tr>\n<td width=\"126\"><strong>Fiches t\u00e9chniques:<\/strong><\/td>\n<td width=\"114\"><\/td>\n<\/tr>\n<tr>\n<td>tension de fonctionnement<\/td>\n<td>3.4 &#8211; 8.4 V<\/td>\n<\/tr>\n<tr>\n<td>Tours max Courant maximun<\/td>\n<td>10A<\/td>\n<\/tr>\n<tr>\n<td>BEC max.<\/td>\n<td>6 V<\/td>\n<\/tr>\n<tr>\n<td>courant BEC<\/td>\n<td>0.5 A<\/td>\n<\/tr>\n<tr>\n<td>Dimension<\/td>\n<td>ca 26 x 23 x 9 mm<\/td>\n<\/tr>\n<tr>\n<td width=\"126\">Poids avec c\u00e2ble et fiche environ<\/td>\n<td>ca 11gr<\/td>\n<\/tr>\n<\/tbody>\n<\/table>\n<p>emballage de 1pcs<\/p>\n<p>&nbsp;<\/p>\n<div style=\"text-align:left\" class=\"wps-pgfw-pdf-generate-icon__wrapper-frontend\">\n\t\t<a href=\"https:\/\/www.speedmodels.ch\/fr\/wp-json\/wp\/v2\/product\/19786\/?action=genpdf&amp;id=19786\" class=\"pgfw-single-pdf-download-button\" target=_blank><img src=\"https:\/\/speedmodels.ch\/wp-content\/uploads\/2021\/09\/pdf_icon.png\" title=\"G\u00e9n\u00e9rer un PDF\" style=\"width:auto; height:45px;\"><\/a>\n\t\t<\/div>","protected":false},"excerpt":{"rendered":"<p>Race-Control est un variateur pour les moteurs \u00e0 charbon. Le contr\u00f4leur peut \u00eatre utilis\u00e9 dans nos bateaux jusqu&rsquo;\u00e0 une puissance de 10 A. En raison de sa taille compacte, il convient \u00e9galement aux petits mod\u00e8les avec peu d&rsquo;espace dans le fuselage. Le contr\u00f4leur est programm\u00e9 pour marche avant-arr\u00eat-marche arri\u00e8re. Une prise XT-60 est soud\u00e9e \u00e0 [&hellip;]<\/p>\n","protected":false},"featured_media":16741,"template":"","meta":[],"product_brand":[],"product_cat":[1517,1515],"product_tag":[],"class_list":{"0":"post-19786","1":"product","2":"type-product","3":"status-publish","4":"has-post-thumbnail","6":"product_cat-bateaux","7":"product_cat-variateur","9":"first","10":"instock","11":"shipping-taxable","12":"product-type-simple"},"_links":{"self":[{"href":"https:\/\/www.speedmodels.ch\/fr\/wp-json\/wp\/v2\/product\/19786","targetHints":{"allow":["GET"]}}],"collection":[{"href":"https:\/\/www.speedmodels.ch\/fr\/wp-json\/wp\/v2\/product"}],"about":[{"href":"https:\/\/www.speedmodels.ch\/fr\/wp-json\/wp\/v2\/types\/product"}],"version-history":[{"count":0,"href":"https:\/\/www.speedmodels.ch\/fr\/wp-json\/wp\/v2\/product\/19786\/revisions"}],"wp:featuredmedia":[{"embeddable":true,"href":"https:\/\/www.speedmodels.ch\/fr\/wp-json\/wp\/v2\/media\/16741"}],"wp:attachment":[{"href":"https:\/\/www.speedmodels.ch\/fr\/wp-json\/wp\/v2\/media?parent=19786"}],"wp:term":[{"taxonomy":"product_brand","embeddable":true,"href":"https:\/\/www.speedmodels.ch\/fr\/wp-json\/wp\/v2\/product_brand?post=19786"},{"taxonomy":"product_cat","embeddable":true,"href":"https:\/\/www.speedmodels.ch\/fr\/wp-json\/wp\/v2\/product_cat?post=19786"},{"taxonomy":"product_tag","embeddable":true,"href":"https:\/\/www.speedmodels.ch\/fr\/wp-json\/wp\/v2\/product_tag?post=19786"}],"curies":[{"name":"wp","href":"https:\/\/api.w.org\/{rel}","templated":true}]}}