{"id":19785,"date":"2022-07-14T09:25:29","date_gmt":"2022-07-14T09:25:29","guid":{"rendered":"https:\/\/www.speedmodels.ch\/produkte\/unkategorisiert\/moteur-electrique-actro-n-50-3-435\/"},"modified":"2023-09-04T11:48:34","modified_gmt":"2023-09-04T11:48:34","slug":"moteur-electrique-actro-n-50-3-435","status":"publish","type":"product","link":"https:\/\/www.speedmodels.ch\/fr\/produits\/entrainement-et-accessoires\/moteurs-electriques\/avions-fr-2\/moteur-electrique-actro-n-50-3-435\/","title":{"rendered":"Moteur \u00e9l\u00e9ctrique actro-n 50-3-435"},"content":{"rendered":"<p><strong>Moteur \u00e9l\u00e9ctrique actro-n 50-3-435<\/strong><\/p>\n<p>Les nouveaux moteurs actro-n ne sont pas seulement destin\u00e9s aux kits maison, mais conviennent \u00e9galement \u00e0 un grand nombre de mod\u00e8les de vol sur le march\u00e9. Dans cette s\u00e9rie, des moteurs \u00e9lectriques puissants de tailles 28-50 mm sont propos\u00e9s, qui sont adapt\u00e9s aux planeurs \u00e9lectriques actuels de la classe 1,5-3 m en termes de vitesse et de couple. Les moteurs trouvent \u00e9galement leur place dans nos bateaux avec des coques de jusqu&rsquo;\u00e0 environ 80 cm . Les moteurs de 35 mm sont \u00e9galement id\u00e9aux pour les mod\u00e8les d&rsquo;entra\u00eenement avec une envergure allant jusqu&rsquo;\u00e0 environ 1,6 m et un poids au d\u00e9collage jusqu&rsquo;\u00e0 2,5 kg ou des bateaux d&rsquo;une longueur d&rsquo;environ 80 cm ou plus. La s\u00e9rie 50 mm convient aux mod\u00e8les de vol \u00e9lectriques plus grands tels que notre Cessna (n\u00b0 de commande 1371\/00) et aux bateaux de la classe de taille de notre Comtesse (n\u00b0 de commande 3085\/00).<\/p>\n<p>&nbsp;<\/p>\n<table style=\"height: 528px\" width=\"624\">\n<tbody>\n<tr>\n<td width=\"175\"><strong>fiches t\u00e9chniques<\/strong><\/td>\n<td width=\"85\"><\/td>\n<\/tr>\n<tr>\n<td>dimension ca<\/td>\n<td>50 x 65 mm<\/td>\n<\/tr>\n<tr>\n<td>KV<\/td>\n<td width=\"85\">435 tours\/min<\/td>\n<\/tr>\n<tr>\n<td>axe \u00d8<\/td>\n<td>6 mm<\/td>\n<\/tr>\n<tr>\n<td>longueur axe ca<\/td>\n<td>21,5 mm<\/td>\n<\/tr>\n<tr>\n<td>cellules LiPo<\/td>\n<td>4 &#8211; 6 S<\/td>\n<\/tr>\n<tr>\n<td>courrant<\/td>\n<td>1,6 A<\/td>\n<\/tr>\n<tr>\n<td>. courant continue recommand\u00e9e<\/td>\n<td>58 A<\/td>\n<\/tr>\n<tr>\n<td>max. momantan\u00e9<\/td>\n<td>73 A<\/td>\n<\/tr>\n<tr>\n<td>Tours max Tours max<\/td>\n<td>1750 W<\/td>\n<\/tr>\n<tr>\n<td>poids environ<\/td>\n<td>375 gr<\/td>\n<\/tr>\n<tr>\n<td>Prise<\/td>\n<td width=\"85\">contact d&rsquo;or 4 mm<\/td>\n<\/tr>\n<tr>\n<td>h\u00e9lices recommand\u00e9es<\/td>\n<td width=\"85\">4 S &#8211; 17 x 9&Prime; \/ 5 S &#8211; 16 x 10&Prime; \/ 6 S &#8211; 16 x 8&Prime;<\/td>\n<\/tr>\n<tr>\n<td>type<\/td>\n<td>brushless<\/td>\n<\/tr>\n<\/tbody>\n<\/table>\n<div style=\"text-align:left\" class=\"wps-pgfw-pdf-generate-icon__wrapper-frontend\">\n\t\t<a href=\"https:\/\/www.speedmodels.ch\/fr\/wp-json\/wp\/v2\/product\/19785\/?action=genpdf&amp;id=19785\" class=\"pgfw-single-pdf-download-button\" target=_blank><img src=\"https:\/\/speedmodels.ch\/wp-content\/uploads\/2021\/09\/pdf_icon.png\" title=\"G\u00e9n\u00e9rer un PDF\" style=\"width:auto; height:45px;\"><\/a>\n\t\t<\/div>","protected":false},"excerpt":{"rendered":"<p>Moteur \u00e9l\u00e9ctrique actro-n 50-3-435 Les nouveaux moteurs actro-n ne sont pas seulement destin\u00e9s aux kits maison, mais conviennent \u00e9galement \u00e0 un grand nombre de mod\u00e8les de vol sur le march\u00e9. Dans cette s\u00e9rie, des moteurs \u00e9lectriques puissants de tailles 28-50 mm sont propos\u00e9s, qui sont adapt\u00e9s aux planeurs \u00e9lectriques actuels de la classe 1,5-3 m [&hellip;]<\/p>\n","protected":false},"featured_media":10554,"template":"","meta":[],"product_brand":[],"product_cat":[1656,1528,1708],"product_tag":[],"class_list":{"0":"post-19785","1":"product","2":"type-product","3":"status-publish","4":"has-post-thumbnail","6":"product_cat-avions-fr-2","7":"product_cat-entrainement-et-accessoires","8":"product_cat-moteurs-electriques","10":"first","11":"instock","12":"shipping-taxable","13":"product-type-simple"},"_links":{"self":[{"href":"https:\/\/www.speedmodels.ch\/fr\/wp-json\/wp\/v2\/product\/19785","targetHints":{"allow":["GET"]}}],"collection":[{"href":"https:\/\/www.speedmodels.ch\/fr\/wp-json\/wp\/v2\/product"}],"about":[{"href":"https:\/\/www.speedmodels.ch\/fr\/wp-json\/wp\/v2\/types\/product"}],"version-history":[{"count":0,"href":"https:\/\/www.speedmodels.ch\/fr\/wp-json\/wp\/v2\/product\/19785\/revisions"}],"wp:featuredmedia":[{"embeddable":true,"href":"https:\/\/www.speedmodels.ch\/fr\/wp-json\/wp\/v2\/media\/10554"}],"wp:attachment":[{"href":"https:\/\/www.speedmodels.ch\/fr\/wp-json\/wp\/v2\/media?parent=19785"}],"wp:term":[{"taxonomy":"product_brand","embeddable":true,"href":"https:\/\/www.speedmodels.ch\/fr\/wp-json\/wp\/v2\/product_brand?post=19785"},{"taxonomy":"product_cat","embeddable":true,"href":"https:\/\/www.speedmodels.ch\/fr\/wp-json\/wp\/v2\/product_cat?post=19785"},{"taxonomy":"product_tag","embeddable":true,"href":"https:\/\/www.speedmodels.ch\/fr\/wp-json\/wp\/v2\/product_tag?post=19785"}],"curies":[{"name":"wp","href":"https:\/\/api.w.org\/{rel}","templated":true}]}}