{"id":19783,"date":"2022-07-07T13:28:12","date_gmt":"2022-07-07T13:28:12","guid":{"rendered":"https:\/\/www.speedmodels.ch\/produkte\/unkategorisiert\/moteur-electrique-actro-n-35-4-790\/"},"modified":"2022-07-07T13:28:12","modified_gmt":"2022-07-07T13:28:12","slug":"moteur-electrique-actro-n-35-4-790","status":"publish","type":"product","link":"https:\/\/www.speedmodels.ch\/fr\/produits\/entrainement-et-accessoires\/moteurs-electriques\/avions-fr-2\/moteur-electrique-actro-n-35-4-790\/","title":{"rendered":"Moteur \u00e9l\u00e9ctrique actro-n 35-4-790"},"content":{"rendered":"<p><strong>Moteur \u00e9l\u00e9ctrique actro-n 35-4-790<\/strong><\/p>\n<p>Les nouveaux moteurs et contr\u00f4leurs, qui sont d\u00e9sormais disponibles chez aero-naut, ne sont pas seulement destin\u00e9s aux kits maison, mais conviennent \u00e9galement \u00e0 un grand nombre de mod\u00e8les de vol sur le march\u00e9. Avec la nouvelle s\u00e9rie actro-n, de puissants moteurs \u00e9lectriques de tailles 28 et 35 mm sont propos\u00e9s, qui sont adapt\u00e9s aux planeurs \u00e9lectriques actuels de la classe 1,5-3 m en termes de vitesse et de couple. Les moteurs de 35 mm sont \u00e9galement id\u00e9aux pour les mod\u00e8les d&rsquo;entra\u00eenement avec une envergure allant jusqu&rsquo;\u00e0 environ 1,6 m et une masse au d\u00e9collage jusqu&rsquo;\u00e0 2,5 kg.<\/p>\n<p>&nbsp;<\/p>\n<table style=\"height: 376px\" width=\"467\">\n<tbody>\n<tr>\n<td width=\"158\"><strong>fiches t\u00e9chniques<\/strong><\/td>\n<td width=\"102\"><\/td>\n<\/tr>\n<tr>\n<td>dimension ca<\/td>\n<td>35 x 48 mm<\/td>\n<\/tr>\n<tr>\n<td>KV<\/td>\n<td>790 tours\/min<\/td>\n<\/tr>\n<tr>\n<td>axe \u00d8<\/td>\n<td>5 mm<\/td>\n<\/tr>\n<tr>\n<td>longueur axe<\/td>\n<td>19 mm<\/td>\n<\/tr>\n<tr>\n<td>cellules LiPo<\/td>\n<td>3 &#8211; 5 S<\/td>\n<\/tr>\n<tr>\n<td>courrant<\/td>\n<td>2 A<\/td>\n<\/tr>\n<tr>\n<td>courrant max. court<\/td>\n<td>50 A<\/td>\n<\/tr>\n<tr>\n<td>poids environ<\/td>\n<td>159 gr<\/td>\n<\/tr>\n<tr>\n<td>h\u00e9lices recommand\u00e9es<\/td>\n<td>3 S &#8211; 14&#215;78&Prime; \/ 4 S &#8211; 13&#215;7&Prime; \/ 5 S &#8211; 12&#215;7&Prime;<\/td>\n<\/tr>\n<tr>\n<td>type<\/td>\n<td>brushless<\/td>\n<\/tr>\n<\/tbody>\n<\/table>\n<div style=\"text-align:left\" class=\"wps-pgfw-pdf-generate-icon__wrapper-frontend\">\n\t\t<a href=\"https:\/\/www.speedmodels.ch\/fr\/wp-json\/wp\/v2\/product\/19783\/?action=genpdf&amp;id=19783\" class=\"pgfw-single-pdf-download-button\" target=_blank><img src=\"https:\/\/speedmodels.ch\/wp-content\/uploads\/2021\/09\/pdf_icon.png\" title=\"G\u00e9n\u00e9rer un PDF\" style=\"width:auto; height:45px;\"><\/a>\n\t\t<\/div>","protected":false},"excerpt":{"rendered":"<p>Moteur \u00e9l\u00e9ctrique actro-n 35-4-790 Les nouveaux moteurs et contr\u00f4leurs, qui sont d\u00e9sormais disponibles chez aero-naut, ne sont pas seulement destin\u00e9s aux kits maison, mais conviennent \u00e9galement \u00e0 un grand nombre de mod\u00e8les de vol sur le march\u00e9. Avec la nouvelle s\u00e9rie actro-n, de puissants moteurs \u00e9lectriques de tailles 28 et 35 mm sont propos\u00e9s, qui [&hellip;]<\/p>\n","protected":false},"featured_media":10549,"template":"","meta":[],"product_brand":[],"product_cat":[1656,1528,1708],"product_tag":[],"class_list":{"0":"post-19783","1":"product","2":"type-product","3":"status-publish","4":"has-post-thumbnail","6":"product_cat-avions-fr-2","7":"product_cat-entrainement-et-accessoires","8":"product_cat-moteurs-electriques","10":"first","11":"instock","12":"shipping-taxable","13":"product-type-simple"},"_links":{"self":[{"href":"https:\/\/www.speedmodels.ch\/fr\/wp-json\/wp\/v2\/product\/19783","targetHints":{"allow":["GET"]}}],"collection":[{"href":"https:\/\/www.speedmodels.ch\/fr\/wp-json\/wp\/v2\/product"}],"about":[{"href":"https:\/\/www.speedmodels.ch\/fr\/wp-json\/wp\/v2\/types\/product"}],"version-history":[{"count":0,"href":"https:\/\/www.speedmodels.ch\/fr\/wp-json\/wp\/v2\/product\/19783\/revisions"}],"wp:featuredmedia":[{"embeddable":true,"href":"https:\/\/www.speedmodels.ch\/fr\/wp-json\/wp\/v2\/media\/10549"}],"wp:attachment":[{"href":"https:\/\/www.speedmodels.ch\/fr\/wp-json\/wp\/v2\/media?parent=19783"}],"wp:term":[{"taxonomy":"product_brand","embeddable":true,"href":"https:\/\/www.speedmodels.ch\/fr\/wp-json\/wp\/v2\/product_brand?post=19783"},{"taxonomy":"product_cat","embeddable":true,"href":"https:\/\/www.speedmodels.ch\/fr\/wp-json\/wp\/v2\/product_cat?post=19783"},{"taxonomy":"product_tag","embeddable":true,"href":"https:\/\/www.speedmodels.ch\/fr\/wp-json\/wp\/v2\/product_tag?post=19783"}],"curies":[{"name":"wp","href":"https:\/\/api.w.org\/{rel}","templated":true}]}}