{"id":19713,"date":"2022-09-19T13:20:22","date_gmt":"2022-09-19T13:20:22","guid":{"rendered":"https:\/\/www.speedmodels.ch\/produkte\/unkategorisiert\/baguette-aileron-en-balsa-12-x-35-mm\/"},"modified":"2025-02-27T12:01:58","modified_gmt":"2025-02-27T12:01:58","slug":"baguette-en-balsa-elevateur-aileron-6-x-7-mm-symmetrique","status":"publish","type":"product","link":"https:\/\/www.speedmodels.ch\/fr\/produits\/profiles-plaques\/bois\/baguette-bord-de-fuite-en-balsa\/baguette-en-balsa-elevateur-aileron-6-x-7-mm-symmetrique\/","title":{"rendered":"Bageutte en balsa \u00e9l\u00e9vateur \/ aileron 12 x 35 mm symm\u00e9trique"},"content":{"rendered":"<p>Bageutte en balsa \u00e9l\u00e9vateur \/ aileron symm\u00e9trique<\/p>\n<p>dimension:<\/p>\n<p>A = 12 mm<\/p>\n<p>B = 35 mm<\/p>\n<p>longueur = 1000 mm<\/p>\n<div style=\"text-align:left\" class=\"wps-pgfw-pdf-generate-icon__wrapper-frontend\">\n\t\t<a href=\"https:\/\/www.speedmodels.ch\/fr\/wp-json\/wp\/v2\/product\/19713\/?action=genpdf&amp;id=19713\" class=\"pgfw-single-pdf-download-button\" target=_blank><img src=\"https:\/\/speedmodels.ch\/wp-content\/uploads\/2021\/09\/pdf_icon.png\" title=\"G\u00e9n\u00e9rer un PDF\" style=\"width:auto; height:45px;\"><\/a>\n\t\t<\/div>","protected":false},"excerpt":{"rendered":"<p>Bageutte en balsa \u00e9l\u00e9vateur \/ aileron symm\u00e9trique dimension: A = 12 mm B = 35 mm longueur = 1000 mm<\/p>\n","protected":false},"featured_media":25733,"template":"","meta":[],"product_brand":[],"product_cat":[1705,1574,1512],"product_tag":[],"class_list":{"0":"post-19713","1":"product","2":"type-product","3":"status-publish","4":"has-post-thumbnail","6":"product_cat-baguette-bord-de-fuite-en-balsa","7":"product_cat-bois","8":"product_cat-profiles-plaques","10":"first","11":"instock","12":"shipping-taxable","13":"product-type-simple"},"_links":{"self":[{"href":"https:\/\/www.speedmodels.ch\/fr\/wp-json\/wp\/v2\/product\/19713","targetHints":{"allow":["GET"]}}],"collection":[{"href":"https:\/\/www.speedmodels.ch\/fr\/wp-json\/wp\/v2\/product"}],"about":[{"href":"https:\/\/www.speedmodels.ch\/fr\/wp-json\/wp\/v2\/types\/product"}],"version-history":[{"count":1,"href":"https:\/\/www.speedmodels.ch\/fr\/wp-json\/wp\/v2\/product\/19713\/revisions"}],"predecessor-version":[{"id":29687,"href":"https:\/\/www.speedmodels.ch\/fr\/wp-json\/wp\/v2\/product\/19713\/revisions\/29687"}],"wp:featuredmedia":[{"embeddable":true,"href":"https:\/\/www.speedmodels.ch\/fr\/wp-json\/wp\/v2\/media\/25733"}],"wp:attachment":[{"href":"https:\/\/www.speedmodels.ch\/fr\/wp-json\/wp\/v2\/media?parent=19713"}],"wp:term":[{"taxonomy":"product_brand","embeddable":true,"href":"https:\/\/www.speedmodels.ch\/fr\/wp-json\/wp\/v2\/product_brand?post=19713"},{"taxonomy":"product_cat","embeddable":true,"href":"https:\/\/www.speedmodels.ch\/fr\/wp-json\/wp\/v2\/product_cat?post=19713"},{"taxonomy":"product_tag","embeddable":true,"href":"https:\/\/www.speedmodels.ch\/fr\/wp-json\/wp\/v2\/product_tag?post=19713"}],"curies":[{"name":"wp","href":"https:\/\/api.w.org\/{rel}","templated":true}]}}